{"id":8711,"date":"2021-11-03T17:37:12","date_gmt":"2021-11-03T17:37:12","guid":{"rendered":"https:\/\/solplanet.net\/?page_id=8711"},"modified":"2024-01-09T09:53:07","modified_gmt":"2024-01-09T09:53:07","slug":"oduller","status":"publish","type":"page","link":"https:\/\/solplanet.vcdev.me\/tr\/oduller\/","title":{"rendered":"\u00d6d\u00fcller"},"content":{"rendered":"<div class=\"block-carousel__item\"><div class=\"block-carousel__item-inner\"><div class=\"jumbotron block-jumbotron__jumbotron\">\n\n\t<div style=\"background-image:url(https:\/\/solplanet.net\/wp-content\/uploads\/2021\/10\/20211014-TurkishCashbackCampaign_LandingPage_Header.jpg)\" class=\"image-bg jumbotron__image-bg\"><\/div>\n\t<div class=\"jumbotron__mask jumbotron__mask-type--type4\"><\/div>\n\n\t<div class=\"\n\t\t\tjumbotron__content\n\t\t\tjumbotron__content--default\n\t\t\tjumbotron__content--vertical-center\n\t\t\tjumbotron__content--horizontal-left\n\t\t\">\n\t\t<div class=\"jumbotron__content-wrap\">\n\t\t\t<h1 class=\"heading heading__align--left heading__color--white heading__size--big jumbotron__heading\">\n\t<strong><br><br><br><br><\/strong>\u00d6d\u00fcller<\/h1><p class=\"paragraph paragraph__color--white paragraph__align--left paragraph__size--big jumbotron__paragraph\">\n\t<strong>300+ Program\u0131\u2019na kay\u0131t olanlar i\u00e7in<\/strong><\/p><div class=\"btn__wrap btn__align--left jumbotron__btn\">\n\t\t\t<a href=\"https:\/\/solplanet.net\/tr\/program-300%20\" class=\"btn btn__color--white btn__size--default btn__size-width--default \" id=\"\" title=\"Detaylar\" aria-label=\"\" target=\"_blank\" rel=\"noopener noreferrer\">\n\t\t\tDetaylar\t\t<\/a>\n\t<\/div>\t\t<\/div>\n\t<\/div>\n\n\t<\/div><\/div><\/div>\n\n<div class=\"wrapper   wrapper__spacing-bottom-large--70  wrapper__divider-top-large\" id=\"\">\n\t<div class=\"wrapper__anchor\" id=\"\"><\/div>\n\t\t\t<div class=\"wrapper__container wrapper__container-width-large--default\">\n\t\t\t<div class=\"wrapper__inner wrapper__width-large--12 wrapper__offset-large---1\">\n\t\t\t\t\n<div class=\"block-cards-grid js-block-cards-grid\" data-items-per-line=3>\n\t\n<div class=\"card-simple block-card__card-simple\">\n\t\n\t\t\t\t\t<div class=\"card-simple__intro js-card-simple-intro\">\n\t\t\t\t<h2 class=\"heading heading__align--center heading__color--dove heading__size--small card-simple__heading\">\n\t1.Ad\u0131m<\/h2>\t\t\t<\/div>\n\t\t\n\t\t\t\t\t<div class=\"card-simple__media js-card-simple-media\">\n\t\t\t\t<img src=\"https:\/\/solplanet.net\/wp-content\/uploads\/2020\/11\/Aiswei-Cloud.svg\" class=\"image card-simple__image\" \/>\t\t\t<\/div>\n\t\t\n\t\t\t\t\t<div class=\"card-simple__outro card-simple__outro--has-button\">\n\t\t\t\t<div class=\"btn__wrap btn__align--center card-simple__btn\">\n\t\t\t<a href=\"http:\/\/www.aisweicloud.com\" class=\"btn btn__color--alto btn__size--default btn__size-width--default \" id=\"\" title=\"\u0130nvert\u00f6r\u00fc kurun\" aria-label=\"\">\n\t\t\t\u0130nvert\u00f6r\u00fc kurun\t\t<\/a>\n\t<\/div><p class=\"paragraph paragraph__color--dove paragraph__align--center paragraph__size--small card-simple__paragraph\">\n\t\u0130nvert\u00f6r\u00fcn kurulumunu yap\u0131n ve<br>AisweiCloud hesab\u0131n\u0131za ekleyin.<\/p>\t\t\t<\/div>\n\t\t\n\t\t\n\t<\/div>\n\n<div class=\"card-simple block-card__card-simple\">\n\t\n\t\t\t\t\t<div class=\"card-simple__intro js-card-simple-intro\">\n\t\t\t\t<h2 class=\"heading heading__align--center heading__color--dove heading__size--small card-simple__heading\">\n\t2.Ad\u0131m<\/h2>\t\t\t<\/div>\n\t\t\n\t\t\t\t\t<div class=\"card-simple__media js-card-simple-media\">\n\t\t\t\t<img src=\"https:\/\/solplanet.net\/wp-content\/uploads\/2021\/01\/form_register.svg\" class=\"image card-simple__image\" \/>\t\t\t<\/div>\n\t\t\n\t\t\t\t\t<div class=\"card-simple__outro card-simple__outro--has-button\">\n\t\t\t\t<div class=\"btn__wrap btn__align--center card-simple__btn\">\n\t\t\t<a href=\"\/tr\/program-300\/#form\" class=\"btn btn__color--alto btn__size--default btn__size-width--default \" id=\"\" title=\"300+ Program\u0131\u2019na Kay\u0131t Olun\" aria-label=\"\" target=\"_blank\" rel=\"noopener noreferrer\">\n\t\t\t300+ Program\u0131\u2019na Kay\u0131t Olun\t\t<\/a>\n\t<\/div><p class=\"paragraph paragraph__color--dusty paragraph__align--center paragraph__size--small card-simple__paragraph\">\n\tKay\u0131t formunu doldurarak invert\u00f6r<br>seri numaran\u0131z\u0131 girin.<\/p>\t\t\t<\/div>\n\t\t\n\t\t\n\t<\/div>\n\n<div class=\"card-simple block-card__card-simple\">\n\t\n\t\t\t\t\t<div class=\"card-simple__intro js-card-simple-intro\">\n\t\t\t\t<h2 class=\"heading heading__align--center heading__color--dove heading__size--small card-simple__heading\">\n\t3.Ad\u0131m<\/h2>\t\t\t<\/div>\n\t\t\n\t\t\t\t\t<div class=\"card-simple__media js-card-simple-media\">\n\t\t\t\t<img src=\"https:\/\/solplanet.net\/wp-content\/uploads\/2021\/10\/vectorpaint-v2.svg\" class=\"image card-simple__image\" \/>\t\t\t<\/div>\n\t\t\n\t\t\t\t\t<div class=\"card-simple__outro card-simple__outro--has-button\">\n\t\t\t\t<div class=\"btn__wrap btn__align--center card-simple__btn\">\n\t\t\t<button class=\"btn btn__color--alto btn__size--default btn__size-width--default\" id=\"\" title=\"\u00d6d\u00fcl\u00fcn\u00fcz\u00fc al\u0131n\" aria-label=\"\">\n\t\t\t\u00d6d\u00fcl\u00fcn\u00fcz\u00fc al\u0131n\t\t<\/button>\n\n\t<\/div><p class=\"paragraph paragraph__color--dusty paragraph__align--center paragraph__size--small card-simple__paragraph\">\n\tKart talep edin \/ Kart i\u015flemlerini ger\u00e7ekle\u015ftirin<\/p>\t\t\t<\/div>\n\t\t\n\t\t\n\t<\/div>\n<\/div>\n\t\t\t<\/div>\n\t\t<\/div>\n\t<\/div>\n\n\n<div class=\"wrapper wrapper__bg-color--coralToRoyal wrapper__spacing-top-large---10 wrapper__spacing-bottom-large---10\" id=\"\">\n\t<div class=\"wrapper__anchor\" id=\"\"><\/div>\n\t\t\t<div class=\"wrapper__container\">\n\t\t\t<div class=\"wrapper__inner wrapper__width-large--12 wrapper__width-mobile---1 wrapper__offset-large--0 wrapper__offset-mobile---1\">\n\t\t\t\t\n<div class=\"block-card-list block-card-list__media-position--right\">\n\n\t\t\t<div class=\"block-card-list__media block-card-list__media-bg block-card-list__media-bg--gallery\">\n\t\t\t<div class=\"block-card-list__media-inner block-card-list__media-inner--bg\">\n\t\t\t\t<img src=\"https:\/\/solplanet.net\/wp-content\/uploads\/2021\/05\/3050K.png\" class=\"image block-card-list__image\" \/>\t\t\t<\/div>\n\t\t<\/div>\n\t\n\t<div class=\"block-card-list__content\">\n\t\t<div class=\"block-card-list__content-inner\">\n\t\t\t\n<div class=\"wrapper   wrapper__spacing-bottom-large--20\" id=\"\">\n\t<div class=\"wrapper__anchor\" id=\"\"><\/div>\n\t\t\t\t<\/div>\n\n\n<div class=\"wrapper   wrapper__spacing-bottom-large--40\" id=\"\">\n\t<div class=\"wrapper__anchor\" id=\"\"><\/div>\n\t\t\t\n<div class=\"block-heading\">\n\t<h2 class=\"heading heading__align--left heading__color--white heading__size--default block-heading__heading\">\n\tProgram hakk\u0131nda<\/h2>\t<\/div>\n\t<\/div>\n\n\n<div class=\"wrapper   wrapper__spacing-bottom-large--210 wrapper__spacing-bottom-tablet--40\" id=\"\">\n\t<div class=\"wrapper__anchor\" id=\"\"><\/div>\n\t\t\t<p class=\"paragraph paragraph__color--white paragraph__align--left paragraph__size--default block-paragraph__paragraph\">\n\t\u2022 Program t\u00fcm Solplanet invert\u00f6r modellerini kapsamaktad\u0131r.<br><br>\u2022  Programa kayd\u0131 yap\u0131lan her invert\u00f6r i\u00e7in \u00f6d\u00fcl 300 TL\u2019dir. \u00d6d\u00fcller Ticket Card \u00fczerinden verilir<br><br>\u2022 \u00d6d\u00fcl 01.11.2021 \u2013 07.02.2022 tarihleri aras\u0131nda 300+ Program\u0131\u2019na kayd\u0131 yap\u0131lan b\u00fct\u00fcn invert\u00f6rler i\u00e7in ge\u00e7erlidir.<\/p>\t<\/div>\n\n\n<div class=\"wrapper   wrapper__spacing-bottom-large--0\" id=\"\">\n\t<div class=\"wrapper__anchor\" id=\"\"><\/div>\n\t\t\t<div class=\"btn__wrap btn__align--left block-button__btn\">\n\t\t\t<a href=\"\/tr\/program-300\/#Kampanya%20hakk\u0131nda\" class=\"btn btn__color--white btn__size--default btn__size-width--default \" id=\"\" title=\"Program hakk\u0131nda daha fazla bilgi\" aria-label=\"\">\n\t\t\tProgram hakk\u0131nda daha fazla bilgi\t\t<\/a>\n\t<\/div>\t<\/div>\n\n\t\t<\/div>\n\t<\/div>\n<\/div>\n\n\n\t\t\t<\/div>\n\t\t<\/div>\n\t<\/div>\n\n\n<div class=\"wrapper   wrapper__spacing-bottom-large--0  wrapper__divider-top-large\" id=\"\">\n\t<div class=\"wrapper__anchor\" id=\"contact-us\"><\/div>\n\t\t\t<div class=\"wrapper__container  wrapper__gutter-large--none\">\n\t\t\t<div class=\"wrapper__inner wrapper__width-large--12\">\n\t\t\t\t\n<div class=\"block-card-list block-card-list__media-position--right\">\n\n\t\t\t<div class=\"block-card-list__media\">\n\t\t\t<div class=\"block-card-list__media-inner\">\n\t\t\t\t<div style=\"background-image:url(https:\/\/solplanet.net\/wp-content\/uploads\/2020\/09\/Image-component.jpg)\" class=\"image-bg block-card-list__image-bg\"><\/div>\t\t\t<\/div>\n\t\t<\/div>\n\t\n\t<div class=\"block-card-list__content\">\n\t\t<div class=\"block-card-list__content-inner\">\n\t\t\t\n<div class=\"wrapper   wrapper__spacing-bottom-large--20\" id=\"\">\n\t<div class=\"wrapper__anchor\" id=\"\"><\/div>\n\t\t\t<p class=\"paragraph paragraph__color--dove paragraph__align--left paragraph__size--small block-paragraph__paragraph\">\n\t<\/p>\t<\/div>\n\n\n<div class=\"wrapper   wrapper__spacing-bottom-large--40\" id=\"\">\n\t<div class=\"wrapper__anchor\" id=\"\"><\/div>\n\t\t\t\n<div class=\"block-heading\">\n\t<h2 class=\"heading heading__align--left heading__color--sunsetToDodger heading__size--default block-heading__heading heading__color--is-gradient\">\n\tDo\u011frudan bize ula\u015f\u0131n<\/h2>\t<\/div>\n\t<\/div>\n\n\n<div class=\"wrapper   wrapper__spacing-bottom-large--110\" id=\"\">\n\t<div class=\"wrapper__anchor\" id=\"\"><\/div>\n\t\t\t<p class=\"paragraph paragraph__color--dove paragraph__align--left paragraph__size--default block-paragraph__paragraph\">\n\tAcil bir sorunuz veya sorununuz varsa, do\u011frudan bizimle ileti\u015fime ge\u00e7mekten \u00e7ekinmeyin.<br><\/p>\t<\/div>\n\n\n<div class=\"wrapper   wrapper__spacing-bottom-large--0\" id=\"\">\n\t<div class=\"wrapper__anchor\" id=\"bize-ulasin\"><\/div>\n\t\t\t<div class=\"btn__wrap btn__align--left block-button__btn\">\n\t\t\t<a href=\"\/tr\/bize-ulasin\/\" class=\"btn btn__color--alto btn__size--default btn__size-width--default     gtm_contactus_tr \" id=\"\" title=\"Bize ula\u015f\u0131n\" aria-label=\"\">\n\t\t\tBize ula\u015f\u0131n\t\t<\/a>\n\t<\/div>\t<\/div>\n\n\t\t<\/div>\n\t<\/div>\n<\/div>\n\n\n\t\t\t<\/div>\n\t\t<\/div>\n\t<\/div>\n\n\n<div class=\"wrapper   wrapper__spacing-bottom-large--40\" id=\"\">\n\t<div class=\"wrapper__anchor\" id=\"\"><\/div>\n\t\t\t<div class=\"wrapper__container wrapper__container-width-large--default wrapper__gutter-large--default wrapper__gutter-tablet--small\">\n\t\t\t<div class=\"wrapper__inner wrapper__width-large--12\">\n\t\t\t\t\n<div class=\"block-heading\">\n\t<h2 class=\"heading heading__align--left heading__color--shaft heading__size--default block-heading__heading\">\n\t<br><\/h2>\t<\/div>\n\t\t\t<\/div>\n\t\t<\/div>\n\t<\/div>\n\n\n<div class=\"wrapper   wrapper__spacing-bottom-large--40\" id=\"\">\n\t<div class=\"wrapper__anchor\" id=\"\"><\/div>\n\t\t\t<div class=\"wrapper__container wrapper__container-width-large--default wrapper__gutter-large--default wrapper__gutter-tablet--small\">\n\t\t\t<div class=\"wrapper__inner wrapper__width-large--12\">\n\t\t\t\t<!--[if lte IE 8]> <script charset=\"utf-8\" type=\"text\/javascript\" src=\"\/\/js.hsforms.net\/forms\/v2-legacy.js\"><\/script> <![endif]--> <script charset=\"utf-8\" type=\"text\/javascript\" src=\"\/\/js.hsforms.net\/forms\/v2.js\"><\/script> <script>   hbspt.forms.create({ region: \"na1\", portalId: \"8795524\", formId: \"204244f2-4a4f-49f6-af50-0472fea62258\" }); <\/script>\t\t\t<\/div>\n\t\t<\/div>\n\t<\/div>\n","protected":false},"excerpt":{"rendered":"","protected":false},"author":5,"featured_media":0,"parent":0,"menu_order":0,"comment_status":"closed","ping_status":"closed","template":"","meta":{"content-type":""},"acf":[],"yoast_head":"<!-- This site is optimized with the Yoast SEO plugin v19.7.1 - https:\/\/yoast.com\/wordpress\/plugins\/seo\/ -->\n<title>\u00d6d\u00fcller | Solplanet<\/title>\n<meta name=\"description\" content=\"The power of the sun is the future of our planet. Solplanet makes solar for everybody. Easy-to-install, reliable and user-friendly inverters.\" \/>\n<meta name=\"robots\" content=\"index, follow, max-snippet:-1, max-image-preview:large, max-video-preview:-1\" \/>\n<link rel=\"canonical\" href=\"https:\/\/solplanet.vcdev.me\/tr\/oduller\/\" \/>\n<meta property=\"og:locale\" content=\"tr_TR\" \/>\n<meta property=\"og:type\" content=\"article\" \/>\n<meta property=\"og:title\" content=\"\u00d6d\u00fcller | Solplanet\" \/>\n<meta property=\"og:description\" content=\"The power of the sun is the future of our planet. Solplanet makes solar for everybody. Easy-to-install, reliable and user-friendly inverters.\" \/>\n<meta property=\"og:url\" content=\"https:\/\/solplanet.vcdev.me\/tr\/oduller\/\" \/>\n<meta property=\"og:site_name\" content=\"Solplanet\" \/>\n<meta property=\"article:modified_time\" content=\"2024-01-09T09:53:07+00:00\" \/>\n<meta name=\"twitter:card\" content=\"summary_large_image\" \/>\n<script type=\"application\/ld+json\" class=\"yoast-schema-graph\">{\"@context\":\"https:\/\/schema.org\",\"@graph\":[{\"@type\":\"WebPage\",\"@id\":\"https:\/\/solplanet.vcdev.me\/tr\/oduller\/\",\"url\":\"https:\/\/solplanet.vcdev.me\/tr\/oduller\/\",\"name\":\"\u00d6d\u00fcller | Solplanet\",\"isPartOf\":{\"@id\":\"https:\/\/solplanet.vcdev.me\/tr\/#website\"},\"datePublished\":\"2021-11-03T17:37:12+00:00\",\"dateModified\":\"2024-01-09T09:53:07+00:00\",\"description\":\"The power of the sun is the future of our planet. Solplanet makes solar for everybody. Easy-to-install, reliable and user-friendly inverters.\",\"breadcrumb\":{\"@id\":\"https:\/\/solplanet.vcdev.me\/tr\/oduller\/#breadcrumb\"},\"inLanguage\":\"tr\",\"potentialAction\":[{\"@type\":\"ReadAction\",\"target\":[\"https:\/\/solplanet.vcdev.me\/tr\/oduller\/\"]}]},{\"@type\":\"BreadcrumbList\",\"@id\":\"https:\/\/solplanet.vcdev.me\/tr\/oduller\/#breadcrumb\",\"itemListElement\":[{\"@type\":\"ListItem\",\"position\":1,\"name\":\"Home\",\"item\":\"https:\/\/solplanet.vcdev.me\/tr\/\"},{\"@type\":\"ListItem\",\"position\":2,\"name\":\"\u00d6d\u00fcller\"}]},{\"@type\":\"WebSite\",\"@id\":\"https:\/\/solplanet.vcdev.me\/tr\/#website\",\"url\":\"https:\/\/solplanet.vcdev.me\/tr\/\",\"name\":\"Solplanet\",\"description\":\"make solar for everybody\",\"publisher\":{\"@id\":\"https:\/\/solplanet.vcdev.me\/tr\/#organization\"},\"potentialAction\":[{\"@type\":\"SearchAction\",\"target\":{\"@type\":\"EntryPoint\",\"urlTemplate\":\"https:\/\/solplanet.vcdev.me\/tr\/?s={search_term_string}\"},\"query-input\":\"required name=search_term_string\"}],\"inLanguage\":\"tr\"},{\"@type\":\"Organization\",\"@id\":\"https:\/\/solplanet.vcdev.me\/tr\/#organization\",\"name\":\"Solplanet\",\"url\":\"https:\/\/solplanet.vcdev.me\/tr\/\",\"sameAs\":[],\"logo\":{\"@type\":\"ImageObject\",\"inLanguage\":\"tr\",\"@id\":\"https:\/\/solplanet.vcdev.me\/tr\/#\/schema\/logo\/image\/\",\"url\":\"https:\/\/solplanet.net\/wp-content\/uploads\/2020\/11\/Solplanet-LinkedInIcon.jpg\",\"contentUrl\":\"https:\/\/solplanet.net\/wp-content\/uploads\/2020\/11\/Solplanet-LinkedInIcon.jpg\",\"width\":500,\"height\":500,\"caption\":\"Solplanet\"},\"image\":{\"@id\":\"https:\/\/solplanet.vcdev.me\/tr\/#\/schema\/logo\/image\/\"}}]}<\/script>\n<!-- \/ Yoast SEO plugin. -->","yoast_head_json":{"title":"\u00d6d\u00fcller | Solplanet","description":"The power of the sun is the future of our planet. Solplanet makes solar for everybody. Easy-to-install, reliable and user-friendly inverters.","robots":{"index":"index","follow":"follow","max-snippet":"max-snippet:-1","max-image-preview":"max-image-preview:large","max-video-preview":"max-video-preview:-1"},"canonical":"https:\/\/solplanet.vcdev.me\/tr\/oduller\/","og_locale":"tr_TR","og_type":"article","og_title":"\u00d6d\u00fcller | Solplanet","og_description":"The power of the sun is the future of our planet. Solplanet makes solar for everybody. Easy-to-install, reliable and user-friendly inverters.","og_url":"https:\/\/solplanet.vcdev.me\/tr\/oduller\/","og_site_name":"Solplanet","article_modified_time":"2024-01-09T09:53:07+00:00","twitter_card":"summary_large_image","schema":{"@context":"https:\/\/schema.org","@graph":[{"@type":"WebPage","@id":"https:\/\/solplanet.vcdev.me\/tr\/oduller\/","url":"https:\/\/solplanet.vcdev.me\/tr\/oduller\/","name":"\u00d6d\u00fcller | Solplanet","isPartOf":{"@id":"https:\/\/solplanet.vcdev.me\/tr\/#website"},"datePublished":"2021-11-03T17:37:12+00:00","dateModified":"2024-01-09T09:53:07+00:00","description":"The power of the sun is the future of our planet. Solplanet makes solar for everybody. Easy-to-install, reliable and user-friendly inverters.","breadcrumb":{"@id":"https:\/\/solplanet.vcdev.me\/tr\/oduller\/#breadcrumb"},"inLanguage":"tr","potentialAction":[{"@type":"ReadAction","target":["https:\/\/solplanet.vcdev.me\/tr\/oduller\/"]}]},{"@type":"BreadcrumbList","@id":"https:\/\/solplanet.vcdev.me\/tr\/oduller\/#breadcrumb","itemListElement":[{"@type":"ListItem","position":1,"name":"Home","item":"https:\/\/solplanet.vcdev.me\/tr\/"},{"@type":"ListItem","position":2,"name":"\u00d6d\u00fcller"}]},{"@type":"WebSite","@id":"https:\/\/solplanet.vcdev.me\/tr\/#website","url":"https:\/\/solplanet.vcdev.me\/tr\/","name":"Solplanet","description":"make solar for everybody","publisher":{"@id":"https:\/\/solplanet.vcdev.me\/tr\/#organization"},"potentialAction":[{"@type":"SearchAction","target":{"@type":"EntryPoint","urlTemplate":"https:\/\/solplanet.vcdev.me\/tr\/?s={search_term_string}"},"query-input":"required name=search_term_string"}],"inLanguage":"tr"},{"@type":"Organization","@id":"https:\/\/solplanet.vcdev.me\/tr\/#organization","name":"Solplanet","url":"https:\/\/solplanet.vcdev.me\/tr\/","sameAs":[],"logo":{"@type":"ImageObject","inLanguage":"tr","@id":"https:\/\/solplanet.vcdev.me\/tr\/#\/schema\/logo\/image\/","url":"https:\/\/solplanet.net\/wp-content\/uploads\/2020\/11\/Solplanet-LinkedInIcon.jpg","contentUrl":"https:\/\/solplanet.net\/wp-content\/uploads\/2020\/11\/Solplanet-LinkedInIcon.jpg","width":500,"height":500,"caption":"Solplanet"},"image":{"@id":"https:\/\/solplanet.vcdev.me\/tr\/#\/schema\/logo\/image\/"}}]}},"_links":{"self":[{"href":"https:\/\/solplanet.vcdev.me\/tr\/wp-json\/wp\/v2\/pages\/8711"}],"collection":[{"href":"https:\/\/solplanet.vcdev.me\/tr\/wp-json\/wp\/v2\/pages"}],"about":[{"href":"https:\/\/solplanet.vcdev.me\/tr\/wp-json\/wp\/v2\/types\/page"}],"author":[{"embeddable":true,"href":"https:\/\/solplanet.vcdev.me\/tr\/wp-json\/wp\/v2\/users\/5"}],"replies":[{"embeddable":true,"href":"https:\/\/solplanet.vcdev.me\/tr\/wp-json\/wp\/v2\/comments?post=8711"}],"version-history":[{"count":7,"href":"https:\/\/solplanet.vcdev.me\/tr\/wp-json\/wp\/v2\/pages\/8711\/revisions"}],"predecessor-version":[{"id":99328,"href":"https:\/\/solplanet.vcdev.me\/tr\/wp-json\/wp\/v2\/pages\/8711\/revisions\/99328"}],"wp:attachment":[{"href":"https:\/\/solplanet.vcdev.me\/tr\/wp-json\/wp\/v2\/media?parent=8711"}],"curies":[{"name":"wp","href":"https:\/\/api.w.org\/{rel}","templated":true}]}}