{"id":3547,"date":"2020-10-02T19:31:33","date_gmt":"2020-10-02T19:31:33","guid":{"rendered":"https:\/\/solplanet.net\/?page_id=3547"},"modified":"2023-09-14T13:12:08","modified_gmt":"2023-09-14T13:12:08","slug":"bize-ulasin","status":"publish","type":"page","link":"https:\/\/solplanet.vcdev.me\/tr\/bize-ulasin\/","title":{"rendered":"Bize Ula\u015f\u0131n"},"content":{"rendered":"<div class=\"wrapper   wrapper__spacing-bottom-large--40\" id=\"\">\n\t<div class=\"wrapper__anchor\" id=\"\"><\/div>\n\t\t\t<div class=\"wrapper__container\">\n\t\t\t<div class=\"wrapper__inner wrapper__width-large--12\">\n\t\t\t\t<div class=\"jumbotron block-jumbotron__jumbotron\">\n\n\t<div style=\"background-image:url(https:\/\/solplanet.net\/wp-content\/uploads\/2020\/11\/eddy-billard-4_SfTecQE9M-unsplash-HI.jpg)\" class=\"image-bg jumbotron__image-bg\"><\/div>\n\t<div class=\"jumbotron__mask jumbotron__mask-type--type1\"><\/div>\n\n\t<div class=\"\n\t\t\tjumbotron__content\n\t\t\tjumbotron__content--default\n\t\t\tjumbotron__content--vertical-center\n\t\t\tjumbotron__content--horizontal-left\n\t\t\">\n\t\t<div class=\"jumbotron__content-wrap\">\n\t\t\t<h1 class=\"heading heading__align--left heading__color--white heading__size--big jumbotron__heading\">\n\tDo\u011frudan <br>bize ula\u015f\u0131n<\/h1>\t\t<\/div>\n\t<\/div>\n\n\t<\/div>\t\t\t<\/div>\n\t\t<\/div>\n\t<\/div>\n\n\n<div class=\"wrapper wrapper__bg-color--gallery wrapper__spacing-top-large--60 wrapper__spacing-top-tablet--80 wrapper__spacing-bottom-large--60 wrapper__spacing-bottom-tablet--80   wrapper__divider-bottom-large\" id=\"\">\n\t<div class=\"wrapper__anchor\" id=\"\"><\/div>\n\t\t\t<div class=\"wrapper__container wrapper__container-width-large--small wrapper__gutter-large--default wrapper__gutter-tablet--small\">\n\t\t\t<div class=\"wrapper__inner wrapper__width-large--12\">\n\t\t\t\t\n<div class=\"block-group\">\n\t\n<div class=\"wrapper   wrapper__spacing-bottom-large--20\" id=\"\">\n\t<div class=\"wrapper__anchor\" id=\"\"><\/div>\n\t\t\t\n<div class=\"block-heading\">\n\t<h2 class=\"heading heading__align--left heading__color--shaft heading__size--default block-heading__heading\">\n\tK\u00fcresel ileti\u015fim<\/h2>\t<\/div>\n\t<\/div>\n\n\n<div class=\"wrapper   wrapper__spacing-bottom-large--110 wrapper__spacing-bottom-tablet--40\" id=\"\">\n\t<div class=\"wrapper__anchor\" id=\"\"><\/div>\n\t\t\t<p class=\"paragraph paragraph__color--dove paragraph__align--left paragraph__size--default block-paragraph__paragraph\">\n\tGenel bilgi talepleriniz varsa veya Solplanet distrib\u00fct\u00f6r\u00fc olmak istiyorsan\u0131z, l\u00fctfen do\u011frudan bizimle ileti\u015fime ge\u00e7in.<\/p>\t<\/div>\n\n\n<div class=\"wrapper   wrapper__spacing-bottom-large--0\" id=\"\">\n\t<div class=\"wrapper__anchor\" id=\"\"><\/div>\n\t\t\t\n<div class=\"block-columns js-block-columns block-columns__gutter-large--default block-columns__vertical-spacing-large--default\">\n\t\n\n<div class=\"block-column block-column__width-large--6 block-column__width-tablet--12 \">\n\t\n<div class=\"wrapper   wrapper__spacing-bottom-large--40\" id=\"\">\n\t<div class=\"wrapper__anchor\" id=\"\"><\/div>\n\t\t\t<p class=\"paragraph paragraph__color--dove paragraph__align--left paragraph__size--big block-paragraph__paragraph\">\n\tinfo@solplanet.net<\/p>\t<\/div>\n\n<\/div>\n\n\n\n<div class=\"block-column block-column__width-large--6 block-column__width-tablet--12 \">\n\t\n<div class=\"wrapper   wrapper__spacing-bottom-large--40\" id=\"\">\n\t<div class=\"wrapper__anchor\" id=\"\"><\/div>\n\t\t\t<p class=\"paragraph paragraph__color--dove paragraph__align--left paragraph__size--big block-paragraph__paragraph\">\n\tsales@solplanet.net<\/p>\t<\/div>\n\n<\/div>\n\n<\/div>\n\t<\/div>\n\n<\/div>\n\t\t\t<\/div>\n\t\t<\/div>\n\t<\/div>\n\n\n<div class=\"wrapper  wrapper__spacing-top-large--140 wrapper__spacing-top-tablet--80 wrapper__spacing-bottom-large--110 wrapper__spacing-bottom-tablet--80\" id=\"\">\n\t<div class=\"wrapper__anchor\" id=\"\"><\/div>\n\t\t\t<div class=\"wrapper__container wrapper__container-width-large--small wrapper__gutter-large--default wrapper__gutter-tablet--small\">\n\t\t\t<div class=\"wrapper__inner wrapper__width-large--12\">\n\t\t\t\t\n<div class=\"block-group\">\n\t\n<div class=\"wrapper   wrapper__spacing-bottom-large--20\" id=\"\">\n\t<div class=\"wrapper__anchor\" id=\"\"><\/div>\n\t\t\t\n<div class=\"block-heading\">\n\t<h2 class=\"heading heading__align--left heading__color--sunsetToDodger heading__size--default block-heading__heading heading__color--is-gradient\">\n\tYerel ekibimizle ileti\u015fime ge\u00e7in<\/h2>\t<\/div>\n\t<\/div>\n\n\n<div class=\"wrapper   wrapper__spacing-bottom-large--90 wrapper__spacing-bottom-tablet--40\" id=\"\">\n\t<div class=\"wrapper__anchor\" id=\"\"><\/div>\n\t\t\t<p class=\"paragraph paragraph__color--dove paragraph__align--left paragraph__size--default block-paragraph__paragraph\">\n\tAcil bir yerel servise ihtiyac\u0131n\u0131z varsa, l\u00fctfen a\u015fa\u011f\u0131daki listeden \u00fclkenizdeki Servis ekibimizle ileti\u015fime ge\u00e7in.<\/p>\t<\/div>\n\n\n<div class=\"wrapper   wrapper__spacing-bottom-large--40\" id=\"\">\n\t<div class=\"wrapper__anchor\" id=\"\"><\/div>\n\t\t\t\n<div class=\"block-heading\">\n\t<h3 class=\"heading heading__align--left heading__color--shaft heading__size--small block-heading__heading\">\n\tT\u00fcrkiye<\/h3>\t<\/div>\n\t<\/div>\n\n\n<div class=\"wrapper   wrapper__spacing-bottom-large--0   wrapper__divider-bottom-large\" id=\"\">\n\t<div class=\"wrapper__anchor\" id=\"\"><\/div>\n\t\t\t\n<div class=\"block-columns js-block-columns block-columns__gutter-large--default block-columns__vertical-spacing-large--default\">\n\t\n\n<div class=\"block-column block-column__width-large--6 block-column__width-tablet--12 \">\n\t\n<div class=\"wrapper   wrapper__spacing-bottom-large--40\" id=\"\">\n\t<div class=\"wrapper__anchor\" id=\"\"><\/div>\n\t\t\t<p class=\"paragraph paragraph__color--dove paragraph__align--left paragraph__size--default block-paragraph__paragraph\">\n\t<strong>Sat\u0131\u015f Departman\u0131<\/strong><br>M. sales.tr@solplanet.net<br>T. +90 542 575 46 19<strong><br><br>Teknik Servis<\/strong><br>M. service.tr@solplanet.net<br>T. +90 850 241 4411<br><br><strong>Pazarlama ve \u0130leti\u015fim<\/strong><br>M.<a href=\"mailto:gizem.balli@solplanet.net\">gizem.balli@solplanet.net<\/a><br>T. +90 506 214 27 03<br><\/p>\t<\/div>\n\n<\/div>\n\n\n\n<div class=\"block-column block-column__width-large--6 block-column__width-tablet--12 \">\n\t\n<div class=\"wrapper   wrapper__spacing-bottom-large--40\" id=\"\">\n\t<div class=\"wrapper__anchor\" id=\"\"><\/div>\n\t\t\t<p class=\"paragraph paragraph__color--dove paragraph__align--left paragraph__size--default block-paragraph__paragraph\">\n\t<br><br><br><br><\/p>\t<\/div>\n\n<\/div>\n\n<\/div>\n\t<\/div>\n\n\n<div class=\"wrapper  wrapper__spacing-top-large--40 wrapper__spacing-bottom-large--40\" id=\"\">\n\t<div class=\"wrapper__anchor\" id=\"\"><\/div>\n\t\t\t\n<div class=\"block-heading\">\n\t<h2 class=\"heading heading__align--left heading__color--shaft heading__size--small block-heading__heading\">\n\tHollanda<\/h2>\t<\/div>\n\t<\/div>\n\n\n<div class=\"wrapper   wrapper__spacing-bottom-large--0   wrapper__divider-bottom-large\" id=\"\">\n\t<div class=\"wrapper__anchor\" id=\"\"><\/div>\n\t\t\t\n<div class=\"block-columns js-block-columns block-columns__gutter-large--default block-columns__vertical-spacing-large--default\">\n\t\n\n<div class=\"block-column block-column__width-large--6 block-column__width-tablet--12 \">\n\t\n<div class=\"wrapper   wrapper__spacing-bottom-large--40\" id=\"\">\n\t<div class=\"wrapper__anchor\" id=\"\"><\/div>\n\t\t\t<p class=\"paragraph paragraph__color--dove paragraph__align--left paragraph__size--default block-paragraph__paragraph\">\n\t<strong>Sat\u0131\u015f Departman\u0131<\/strong><br>E. sales.nl@solplanet.net<br>T. +31 20 240 25 57<br><strong><br>Teknik Servis<\/strong><br>E. service.eu@solplanet.net<br>T. +31 20 240 2203<\/p>\t<\/div>\n\n<\/div>\n\n\n\n<div class=\"block-column block-column__width-large--6 block-column__width-tablet--12 \">\n\t\n<div class=\"wrapper   wrapper__spacing-bottom-large--40\" id=\"\">\n\t<div class=\"wrapper__anchor\" id=\"\"><\/div>\n\t\t\t<p class=\"paragraph paragraph__color--dove paragraph__align--left paragraph__size--default block-paragraph__paragraph\">\n\t<br><br><br><br>Pazartesi&#8217;den Cuma&#8217;ya: 9:00- 17:00 aras\u0131<\/p>\t<\/div>\n\n<\/div>\n\n<\/div>\n\t<\/div>\n\n\n<div class=\"wrapper  wrapper__spacing-top-large--40 wrapper__spacing-bottom-large--40\" id=\"\">\n\t<div class=\"wrapper__anchor\" id=\"\"><\/div>\n\t\t\t\n<div class=\"block-heading\">\n\t<h2 class=\"heading heading__align--left heading__color--shaft heading__size--small block-heading__heading\">\n\tPolonya<\/h2>\t<\/div>\n\t<\/div>\n\n\n<div class=\"wrapper   wrapper__spacing-bottom-large--0   wrapper__divider-bottom-large\" id=\"\">\n\t<div class=\"wrapper__anchor\" id=\"\"><\/div>\n\t\t\t\n<div class=\"block-columns js-block-columns block-columns__gutter-large--default block-columns__vertical-spacing-large--default\">\n\t\n\n<div class=\"block-column block-column__width-large--6 block-column__width-tablet--12 \">\n\t\n<div class=\"wrapper   wrapper__spacing-bottom-large--40\" id=\"\">\n\t<div class=\"wrapper__anchor\" id=\"\"><\/div>\n\t\t\t<p class=\"paragraph paragraph__color--dove paragraph__align--left paragraph__size--default block-paragraph__paragraph\">\n\t<strong>Sat\u0131\u015f Departman\u0131<\/strong><br>E. sales.pl@solplanet.net<br>T. +48 60 072 17 91<br><br><strong>Teknik Servis<\/strong><br>E. service.pl@solplanet.net<br>T. +48 13 492 61 09<\/p>\t<\/div>\n\n<\/div>\n\n\n\n<div class=\"block-column block-column__width-large--6 block-column__width-tablet--12 \">\n\t\n<div class=\"wrapper   wrapper__spacing-bottom-large--40\" id=\"\">\n\t<div class=\"wrapper__anchor\" id=\"\"><\/div>\n\t\t\t<p class=\"paragraph paragraph__color--dove paragraph__align--left paragraph__size--default block-paragraph__paragraph\">\n\t<br><br><br><br>Pazartesi&#8217;den Cuma&#8217;ya: 9:00- 17:00 aras\u0131<\/p>\t<\/div>\n\n<\/div>\n\n<\/div>\n\t<\/div>\n\n\n<div class=\"wrapper  wrapper__spacing-top-large--40 wrapper__spacing-bottom-large--40\" id=\"\">\n\t<div class=\"wrapper__anchor\" id=\"\"><\/div>\n\t\t\t\n<div class=\"block-heading\">\n\t<h2 class=\"heading heading__align--left heading__color--shaft heading__size--small block-heading__heading\">\n\tAvustralya<\/h2>\t<\/div>\n\t<\/div>\n\n\n<div class=\"wrapper   wrapper__spacing-bottom-large--0   wrapper__divider-bottom-large\" id=\"\">\n\t<div class=\"wrapper__anchor\" id=\"\"><\/div>\n\t\t\t\n<div class=\"block-columns js-block-columns block-columns__gutter-large--default block-columns__vertical-spacing-large--default\">\n\t\n\n<div class=\"block-column block-column__width-large--6 block-column__width-tablet--12 \">\n\t\n<div class=\"wrapper   wrapper__spacing-bottom-large--40\" id=\"\">\n\t<div class=\"wrapper__anchor\" id=\"\"><\/div>\n\t\t\t<p class=\"paragraph paragraph__color--dove paragraph__align--left paragraph__size--default block-paragraph__paragraph\">\n\t<strong>Sat\u0131\u015f Departman\u0131<\/strong><br>E. sales.au@solplanet.net<br>T. +61 39 098 86 74<br><strong><br>Teknik Servis<\/strong><br>E. service.au@solplanet.net<br>T. +61 39 098 86 74<br><br><\/p>\t<\/div>\n\n<\/div>\n\n\n\n<div class=\"block-column block-column__width-large--6 block-column__width-tablet--12 \">\n\t\n<div class=\"wrapper   wrapper__spacing-bottom-large--40\" id=\"\">\n\t<div class=\"wrapper__anchor\" id=\"\"><\/div>\n\t\t\t<p class=\"paragraph paragraph__color--dove paragraph__align--left paragraph__size--default block-paragraph__paragraph\">\n\t<br><br>Pazartesi&#8217;den Cuma&#8217;ya: 9:00- 19:00 aras\u0131<br>Pazar: 9:00 &#8211; 13:00 aras\u0131<\/p>\t<\/div>\n\n<\/div>\n\n<\/div>\n\t<\/div>\n\n\n<div class=\"wrapper  wrapper__spacing-top-large--40 wrapper__spacing-bottom-large--40\" id=\"\">\n\t<div class=\"wrapper__anchor\" id=\"\"><\/div>\n\t\t\t\n<div class=\"block-heading\">\n\t<h2 class=\"heading heading__align--left heading__color--shaft heading__size--small block-heading__heading\">\n\t\u00c7in Halk Cumhuriyeti<\/h2>\t<\/div>\n\t<\/div>\n\n\n<div class=\"wrapper   wrapper__spacing-bottom-large--0   wrapper__divider-bottom-large\" id=\"\">\n\t<div class=\"wrapper__anchor\" id=\"\"><\/div>\n\t\t\t\n<div class=\"block-columns js-block-columns block-columns__gutter-large--default block-columns__vertical-spacing-large--default\">\n\t\n\n<div class=\"block-column block-column__width-large--6 block-column__width-tablet--12 \">\n\t\n<div class=\"wrapper   wrapper__spacing-bottom-large--40\" id=\"\">\n\t<div class=\"wrapper__anchor\" id=\"\"><\/div>\n\t\t\t<p class=\"paragraph paragraph__color--dove paragraph__align--left paragraph__size--default block-paragraph__paragraph\">\n\t<strong>Sat\u0131\u015f:<\/strong><br>T. +86 400 801 9996<br>E. sales.china@aiswei-tech.com  <br><br><strong>Teknik Servis:<\/strong><br>T. +86 400 801 9996 <br>E. service.china@aiswei-tech.com  <br><br><strong>Yat\u0131r\u0131m \u0130li\u015fkileri:<\/strong><br>T: +86 21-80401355<br><br><\/p>\t<\/div>\n\n<\/div>\n\n\n\n<div class=\"block-column block-column__width-large--6 block-column__width-tablet--12 \">\n\t\n<div class=\"wrapper   wrapper__spacing-bottom-large--40\" id=\"\">\n\t<div class=\"wrapper__anchor\" id=\"\"><\/div>\n\t\t\t<p class=\"paragraph paragraph__color--dove paragraph__align--left paragraph__size--default block-paragraph__paragraph\">\n\t<br><br>Pazartesi&#8217;den Cuma&#8217;ya: 9:00- 19:00 aras\u0131<br>Pazar: 9:00 &#8211; 13:00 aras\u0131<\/p>\t<\/div>\n\n<\/div>\n\n<\/div>\n\t<\/div>\n\n<\/div>\n\t\t\t<\/div>\n\t\t<\/div>\n\t<\/div>\n","protected":false},"excerpt":{"rendered":"","protected":false},"author":5,"featured_media":0,"parent":0,"menu_order":0,"comment_status":"closed","ping_status":"closed","template":"","meta":{"content-type":""},"acf":[],"yoast_head":"<!-- This site is optimized with the Yoast SEO plugin v19.7.1 - https:\/\/yoast.com\/wordpress\/plugins\/seo\/ -->\n<title>Bize Ula\u015f\u0131n | Solplanet<\/title>\n<meta name=\"description\" content=\"The power of the sun is the future of our planet. Solplanet makes solar for everybody. Easy-to-install, reliable and user-friendly inverters.\" \/>\n<meta name=\"robots\" content=\"index, follow, max-snippet:-1, max-image-preview:large, max-video-preview:-1\" \/>\n<link rel=\"canonical\" href=\"https:\/\/solplanet.vcdev.me\/tr\/bize-ulasin\/\" \/>\n<meta property=\"og:locale\" content=\"tr_TR\" \/>\n<meta property=\"og:type\" content=\"article\" \/>\n<meta property=\"og:title\" content=\"Bize Ula\u015f\u0131n | Solplanet\" \/>\n<meta property=\"og:description\" content=\"The power of the sun is the future of our planet. Solplanet makes solar for everybody. Easy-to-install, reliable and user-friendly inverters.\" \/>\n<meta property=\"og:url\" content=\"https:\/\/solplanet.vcdev.me\/tr\/bize-ulasin\/\" \/>\n<meta property=\"og:site_name\" content=\"Solplanet\" \/>\n<meta property=\"article:modified_time\" content=\"2023-09-14T13:12:08+00:00\" \/>\n<meta name=\"twitter:card\" content=\"summary_large_image\" \/>\n<script type=\"application\/ld+json\" class=\"yoast-schema-graph\">{\"@context\":\"https:\/\/schema.org\",\"@graph\":[{\"@type\":\"WebPage\",\"@id\":\"https:\/\/solplanet.vcdev.me\/tr\/bize-ulasin\/\",\"url\":\"https:\/\/solplanet.vcdev.me\/tr\/bize-ulasin\/\",\"name\":\"Bize Ula\u015f\u0131n | Solplanet\",\"isPartOf\":{\"@id\":\"https:\/\/solplanet.vcdev.me\/tr\/#website\"},\"datePublished\":\"2020-10-02T19:31:33+00:00\",\"dateModified\":\"2023-09-14T13:12:08+00:00\",\"description\":\"The power of the sun is the future of our planet. Solplanet makes solar for everybody. Easy-to-install, reliable and user-friendly inverters.\",\"breadcrumb\":{\"@id\":\"https:\/\/solplanet.vcdev.me\/tr\/bize-ulasin\/#breadcrumb\"},\"inLanguage\":\"tr\",\"potentialAction\":[{\"@type\":\"ReadAction\",\"target\":[\"https:\/\/solplanet.vcdev.me\/tr\/bize-ulasin\/\"]}]},{\"@type\":\"BreadcrumbList\",\"@id\":\"https:\/\/solplanet.vcdev.me\/tr\/bize-ulasin\/#breadcrumb\",\"itemListElement\":[{\"@type\":\"ListItem\",\"position\":1,\"name\":\"Home\",\"item\":\"https:\/\/solplanet.vcdev.me\/tr\/\"},{\"@type\":\"ListItem\",\"position\":2,\"name\":\"Bize Ula\u015f\u0131n\"}]},{\"@type\":\"WebSite\",\"@id\":\"https:\/\/solplanet.vcdev.me\/tr\/#website\",\"url\":\"https:\/\/solplanet.vcdev.me\/tr\/\",\"name\":\"Solplanet\",\"description\":\"make solar for everybody\",\"publisher\":{\"@id\":\"https:\/\/solplanet.vcdev.me\/tr\/#organization\"},\"potentialAction\":[{\"@type\":\"SearchAction\",\"target\":{\"@type\":\"EntryPoint\",\"urlTemplate\":\"https:\/\/solplanet.vcdev.me\/tr\/?s={search_term_string}\"},\"query-input\":\"required name=search_term_string\"}],\"inLanguage\":\"tr\"},{\"@type\":\"Organization\",\"@id\":\"https:\/\/solplanet.vcdev.me\/tr\/#organization\",\"name\":\"Solplanet\",\"url\":\"https:\/\/solplanet.vcdev.me\/tr\/\",\"sameAs\":[],\"logo\":{\"@type\":\"ImageObject\",\"inLanguage\":\"tr\",\"@id\":\"https:\/\/solplanet.vcdev.me\/tr\/#\/schema\/logo\/image\/\",\"url\":\"https:\/\/solplanet.net\/wp-content\/uploads\/2020\/11\/Solplanet-LinkedInIcon.jpg\",\"contentUrl\":\"https:\/\/solplanet.net\/wp-content\/uploads\/2020\/11\/Solplanet-LinkedInIcon.jpg\",\"width\":500,\"height\":500,\"caption\":\"Solplanet\"},\"image\":{\"@id\":\"https:\/\/solplanet.vcdev.me\/tr\/#\/schema\/logo\/image\/\"}}]}<\/script>\n<!-- \/ Yoast SEO plugin. -->","yoast_head_json":{"title":"Bize Ula\u015f\u0131n | Solplanet","description":"The power of the sun is the future of our planet. Solplanet makes solar for everybody. Easy-to-install, reliable and user-friendly inverters.","robots":{"index":"index","follow":"follow","max-snippet":"max-snippet:-1","max-image-preview":"max-image-preview:large","max-video-preview":"max-video-preview:-1"},"canonical":"https:\/\/solplanet.vcdev.me\/tr\/bize-ulasin\/","og_locale":"tr_TR","og_type":"article","og_title":"Bize Ula\u015f\u0131n | Solplanet","og_description":"The power of the sun is the future of our planet. Solplanet makes solar for everybody. Easy-to-install, reliable and user-friendly inverters.","og_url":"https:\/\/solplanet.vcdev.me\/tr\/bize-ulasin\/","og_site_name":"Solplanet","article_modified_time":"2023-09-14T13:12:08+00:00","twitter_card":"summary_large_image","schema":{"@context":"https:\/\/schema.org","@graph":[{"@type":"WebPage","@id":"https:\/\/solplanet.vcdev.me\/tr\/bize-ulasin\/","url":"https:\/\/solplanet.vcdev.me\/tr\/bize-ulasin\/","name":"Bize Ula\u015f\u0131n | Solplanet","isPartOf":{"@id":"https:\/\/solplanet.vcdev.me\/tr\/#website"},"datePublished":"2020-10-02T19:31:33+00:00","dateModified":"2023-09-14T13:12:08+00:00","description":"The power of the sun is the future of our planet. Solplanet makes solar for everybody. Easy-to-install, reliable and user-friendly inverters.","breadcrumb":{"@id":"https:\/\/solplanet.vcdev.me\/tr\/bize-ulasin\/#breadcrumb"},"inLanguage":"tr","potentialAction":[{"@type":"ReadAction","target":["https:\/\/solplanet.vcdev.me\/tr\/bize-ulasin\/"]}]},{"@type":"BreadcrumbList","@id":"https:\/\/solplanet.vcdev.me\/tr\/bize-ulasin\/#breadcrumb","itemListElement":[{"@type":"ListItem","position":1,"name":"Home","item":"https:\/\/solplanet.vcdev.me\/tr\/"},{"@type":"ListItem","position":2,"name":"Bize Ula\u015f\u0131n"}]},{"@type":"WebSite","@id":"https:\/\/solplanet.vcdev.me\/tr\/#website","url":"https:\/\/solplanet.vcdev.me\/tr\/","name":"Solplanet","description":"make solar for everybody","publisher":{"@id":"https:\/\/solplanet.vcdev.me\/tr\/#organization"},"potentialAction":[{"@type":"SearchAction","target":{"@type":"EntryPoint","urlTemplate":"https:\/\/solplanet.vcdev.me\/tr\/?s={search_term_string}"},"query-input":"required name=search_term_string"}],"inLanguage":"tr"},{"@type":"Organization","@id":"https:\/\/solplanet.vcdev.me\/tr\/#organization","name":"Solplanet","url":"https:\/\/solplanet.vcdev.me\/tr\/","sameAs":[],"logo":{"@type":"ImageObject","inLanguage":"tr","@id":"https:\/\/solplanet.vcdev.me\/tr\/#\/schema\/logo\/image\/","url":"https:\/\/solplanet.net\/wp-content\/uploads\/2020\/11\/Solplanet-LinkedInIcon.jpg","contentUrl":"https:\/\/solplanet.net\/wp-content\/uploads\/2020\/11\/Solplanet-LinkedInIcon.jpg","width":500,"height":500,"caption":"Solplanet"},"image":{"@id":"https:\/\/solplanet.vcdev.me\/tr\/#\/schema\/logo\/image\/"}}]}},"_links":{"self":[{"href":"https:\/\/solplanet.vcdev.me\/tr\/wp-json\/wp\/v2\/pages\/3547"}],"collection":[{"href":"https:\/\/solplanet.vcdev.me\/tr\/wp-json\/wp\/v2\/pages"}],"about":[{"href":"https:\/\/solplanet.vcdev.me\/tr\/wp-json\/wp\/v2\/types\/page"}],"author":[{"embeddable":true,"href":"https:\/\/solplanet.vcdev.me\/tr\/wp-json\/wp\/v2\/users\/5"}],"replies":[{"embeddable":true,"href":"https:\/\/solplanet.vcdev.me\/tr\/wp-json\/wp\/v2\/comments?post=3547"}],"version-history":[{"count":10,"href":"https:\/\/solplanet.vcdev.me\/tr\/wp-json\/wp\/v2\/pages\/3547\/revisions"}],"predecessor-version":[{"id":68947,"href":"https:\/\/solplanet.vcdev.me\/tr\/wp-json\/wp\/v2\/pages\/3547\/revisions\/68947"}],"wp:attachment":[{"href":"https:\/\/solplanet.vcdev.me\/tr\/wp-json\/wp\/v2\/media?parent=3547"}],"curies":[{"name":"wp","href":"https:\/\/api.w.org\/{rel}","templated":true}]}}