{"id":108968,"date":"2023-11-17T11:34:28","date_gmt":"2023-11-17T11:34:28","guid":{"rendered":"https:\/\/solplanet.net\/success-cases\/"},"modified":"2024-03-11T08:32:38","modified_gmt":"2024-03-11T08:32:38","slug":"success-cases","status":"publish","type":"page","link":"https:\/\/solplanet.vcdev.me\/tr\/success-cases\/","title":{"rendered":"Ba\u015far\u0131 \u00d6rnekleri"},"content":{"rendered":"<div class=\"wrapper   wrapper__spacing-bottom-large--0\" id=\"\">\n\t<div class=\"wrapper__anchor\" id=\"\"><\/div>\n\t\t\t<div class=\"wrapper__container\">\n\t\t\t<div class=\"wrapper__inner wrapper__width-large--12\">\n\t\t\t\t<div class=\"jumbotron block-jumbotron__jumbotron\">\n\n\t<div style=\"background-image:url(https:\/\/solplanet.vcdev.me\/wp-content\/uploads\/2023\/08\/2022-Solplanet-Borisovo_Bulgaria-2.jpg)\" class=\"image-bg jumbotron__image-bg\"><\/div>\n\t<div class=\"jumbotron__mask jumbotron__mask-type--type1\"><\/div>\n\n\t<div class=\"\n\t\t\tjumbotron__content\n\t\t\tjumbotron__content--default\n\t\t\tjumbotron__content--vertical-center\n\t\t\tjumbotron__content--horizontal-left\n\t\t\">\n\t\t<div class=\"jumbotron__content-wrap\">\n\t\t\t<p class=\"paragraph paragraph__color--white paragraph__align--left paragraph__size--big jumbotron__intro\">\n\tSolplanet Ba\u015far\u0131 \u00d6yk\u00fcleri<\/p><h1 class=\"heading heading__align--left heading__color--white heading__size--big jumbotron__heading\">\n\tAyd\u0131nlat\u0131c\u0131<br>En Parlak Projeler<\/h1><p class=\"paragraph paragraph__color--white paragraph__align--left paragraph__size--default jumbotron__paragraph\">\n\t7 k\u0131tan\u0131n tamam\u0131nda hayata g\u00fc\u00e7 veriyoruz<\/p>\t\t<\/div>\n\t<\/div>\n\n\t<\/div>\t\t\t<\/div>\n\t\t<\/div>\n\t<\/div>\n\n\n<div class=\"wrapper  wrapper__spacing-top-large--80 wrapper__spacing-bottom-large--80\" id=\"\">\n\t<div class=\"wrapper__anchor\" id=\"\"><\/div>\n\t\t\t<div class=\"wrapper__container wrapper__container-width-large--small wrapper__gutter-large--default wrapper__gutter-tablet--small\">\n\t\t\t<div class=\"wrapper__inner wrapper__width-large--12\">\n\t\t\t\t\n<div class=\"block-group\">\n\t\n<div class=\"wrapper   wrapper__spacing-bottom-large--10\" id=\"\">\n\t<div class=\"wrapper__anchor\" id=\"\"><\/div>\n\t\t\t<p class=\"paragraph paragraph__color--dove paragraph__align--left paragraph__size--small block-paragraph__paragraph\">\n\tSolplanet success stories<\/p>\t<\/div>\n\n\n<div class=\"wrapper   wrapper__spacing-bottom-large--40\" id=\"\">\n\t<div class=\"wrapper__anchor\" id=\"\"><\/div>\n\t\t\t<p class=\"paragraph paragraph__color--shaft paragraph__align--left paragraph__size--default block-paragraph__paragraph\">\n\tWe shine on every part of the planet. Through our partnerships with the world\u2019s leading solar distributors and installers, we\u2019re creating business value, driving solar technology innovations, and helping our customers harness the sun&#8217;s power for a greener and more sustainable future. Our solar products are designed for both homeowners and commercial and industrial applications alike, and regardless of installed purpose, they ensure reliable high-energy yields with minimal input and oversight.\u00a0<br><br>View a collection of our most notable installations below, and click to view specific installation details.<br><\/p>\t<\/div>\n\n<\/div>\n\t\t\t<\/div>\n\t\t<\/div>\n\t<\/div>\n\n\n<div class=\"wrapper   wrapper__spacing-bottom-large--0  wrapper__divider-top-large wrapper__divider-bottom-large\" id=\"\">\n\t<div class=\"wrapper__anchor\" id=\"\"><\/div>\n\t\t\t<div class=\"wrapper__container wrapper__container-width-large--default wrapper__gutter-large--default wrapper__gutter-tablet--small\">\n\t\t\t<div class=\"wrapper__inner wrapper__width-large--12\">\n\t\t\t\t\n\t<div class=\"block-success-case-posts__anchor\" id=\"all-tr\"><\/div>\n\n<div class=\"block-success-case-posts js-block-success-case-posts\" data-items-per-line=2>\n\n    <div class=\"button-group filter-button-group\" id=\"button-filter\" data-filter-group=\"type-fil\">\n\n    <\/div>\n\n    <div class=\"block-success-case-posts__wrapper\">\n\n\t\t\t<\/div>\n    <div style=\"display: none\" class=\"somebutton\">\n\n      <div class=\"filter-by-span\"><span>Taraf\u0131ndan filtre<\/span><\/div><div class=\"filter-by-select-coc\"><select class=\"select-cocation select-succ js-example-basic-single js-states form-control\"> <option><\/option><\/select><\/div><div class=\"filter-by-select-type\"><select class=\"select-type select-succ js-example-placeholder-single js-states form-control\"> <option><\/option><\/select><\/div><div class=\"filter-by-select-type2\"><select class=\"select-type2 select-succ  js-example-basic-single js-states form-control\"> <option><\/option><\/select><\/div><div class=\"filter-by-button\"><button data-filter=\"*\" class=\"btn btn__color--alto btn__size--default btn__size-width--default \">Hepsini temizle<\/button><\/div>    <\/div>\n\n\t<\/div>\n\t\t\t<\/div>\n\t\t<\/div>\n\t<\/div>\n\n\n<div class=\"wrapper   wrapper__spacing-bottom-large--0  wrapper__divider-top-large wrapper__divider-bottom-large\" id=\"\">\n\t<div class=\"wrapper__anchor\" id=\"\"><\/div>\n\t\t\t<div class=\"wrapper__container wrapper__container-width-large--default wrapper__gutter-large--default wrapper__gutter-tablet--small\">\n\t\t\t<div class=\"wrapper__inner wrapper__width-large--12\">\n\t\t\t\t\n<div class=\"block-cards-grid js-block-cards-grid\" data-items-per-line=3>\n\t\n<div class=\"card-simple block-card__card-simple\">\n\t\n\t\t\t\t\t<div class=\"card-simple__intro js-card-simple-intro\">\n\t\t\t\t<h2 class=\"heading heading__align--center heading__color--dove heading__size--small card-simple__subheading\">\n\tServis deste\u011fi<\/h2>\t\t\t<\/div>\n\t\t\n\t\t\t\t\t<div class=\"card-simple__media js-card-simple-media\">\n\t\t\t\t<img src=\"https:\/\/solplanet.vcdev.me\/wp-content\/uploads\/2023\/05\/Service-and-Support-Icon-Dark-Gray.png\" class=\"image card-simple__image\" \/>\t\t\t<\/div>\n\t\t\n\t\t\t\t\t<div class=\"card-simple__outro card-simple__outro--has-button\">\n\t\t\t\t<div class=\"btn__wrap btn__align--center card-simple__btn\">\n\t\t\t<a href=\"\/tr\/contact-us\/\" class=\"btn btn__color--alto btn__size--default btn__size-width--default \" id=\"\" title=\"Bize Ula\u015f\u0131n\" aria-label=\"\">\n\t\t\tBize Ula\u015f\u0131n\t\t<\/a>\n\t<\/div><p class=\"paragraph paragraph__color--dusty paragraph__align--center paragraph__size--small card-simple__paragraph\">\n\tYetenekli teknik m\u00fchendislerimiz t\u00fcm Solplanet \u00fcr\u00fcnleri i\u00e7in yerinde hata ay\u0131klama, onar\u0131m ve bak\u0131m hizmetleri sunmaktad\u0131r.<\/p>\t\t\t<\/div>\n\t\t\n\t\t\n\t<\/div>\n\n<div class=\"card-simple block-card__card-simple\">\n\t\n\t\t\t\t\t<div class=\"card-simple__intro js-card-simple-intro\">\n\t\t\t\t<h2 class=\"heading heading__align--center heading__color--dove heading__size--small card-simple__subheading\">\n\tS\u0131k\u00e7a Sorulan Sorular<\/h2>\t\t\t<\/div>\n\t\t\n\t\t\t\t\t<div class=\"card-simple__media js-card-simple-media\">\n\t\t\t\t<img src=\"https:\/\/solplanet.vcdev.me\/wp-content\/uploads\/2023\/05\/FAQ-Icon-Dark-Gray.png\" class=\"image card-simple__image\" \/>\t\t\t<\/div>\n\t\t\n\t\t\t\t\t<div class=\"card-simple__outro card-simple__outro--has-button\">\n\t\t\t\t<div class=\"btn__wrap btn__align--center card-simple__btn\">\n\t\t\t<a href=\"\/tr\/questions-answers\/\" class=\"btn btn__color--alto btn__size--default btn__size-width--default \" id=\"\" title=\"SSS&#039;leri ziyaret edin\" aria-label=\"\">\n\t\t\tSSS&#039;leri ziyaret edin\t\t<\/a>\n\t<\/div><p class=\"paragraph paragraph__color--dusty paragraph__align--center paragraph__size--small card-simple__paragraph\">\n\tT\u00fcm Solplanet \u00fcr\u00fcnleri hakk\u0131nda en s\u0131k ald\u0131\u011f\u0131m\u0131z sorular\u0131n yan\u0131tlar\u0131n\u0131 bulun<\/p>\t\t\t<\/div>\n\t\t\n\t\t\n\t<\/div>\n\n<div class=\"card-simple block-card__card-simple\">\n\t\n\t\t\t\t\t<div class=\"card-simple__intro js-card-simple-intro\">\n\t\t\t\t<h2 class=\"heading heading__align--center heading__color--dove heading__size--small card-simple__subheading\">\n\tKurulum Alan\u0131<\/h2>\t\t\t<\/div>\n\t\t\n\t\t\t\t\t<div class=\"card-simple__media js-card-simple-media\">\n\t\t\t\t<img src=\"https:\/\/solplanet.vcdev.me\/wp-content\/uploads\/2023\/05\/Group-20.png\" class=\"image card-simple__image\" \/>\t\t\t<\/div>\n\t\t\n\t\t\t\t\t<div class=\"card-simple__outro card-simple__outro--has-button\">\n\t\t\t\t<div class=\"btn__wrap btn__align--center card-simple__btn\">\n\t\t\t<a href=\"\/tr\/installer-area\" class=\"btn btn__color--alto btn__size--default btn__size-width--default \" id=\"\" title=\"Kurulum Alan\u0131n\u0131 Ziyaret Edin\" aria-label=\"\">\n\t\t\tKurulum Alan\u0131n\u0131 Ziyaret Edin\t\t<\/a>\n\t<\/div><p class=\"paragraph paragraph__color--dusty paragraph__align--center paragraph__size--small card-simple__paragraph\">\n\tKurulum k\u0131lavuzlar\u0131ndan garanti bilgilerine kadar her \u015fey i\u00e7in kurulumcu alan\u0131m\u0131za h\u0131zl\u0131 eri\u015fim<\/p>\t\t\t<\/div>\n\t\t\n\t\t\n\t<\/div>\n<\/div>\n\t\t\t<\/div>\n\t\t<\/div>\n\t<\/div>\n","protected":false},"excerpt":{"rendered":"","protected":false},"author":7,"featured_media":0,"parent":0,"menu_order":0,"comment_status":"closed","ping_status":"closed","template":"","meta":{"content-type":""},"acf":[],"yoast_head":"<!-- This site is optimized with the Yoast SEO plugin v19.7.1 - https:\/\/yoast.com\/wordpress\/plugins\/seo\/ -->\n<title>Ba\u015far\u0131 \u00d6rnekleri | Solplanet<\/title>\n<meta name=\"description\" content=\"The power of the sun is the future of our planet. Solplanet makes solar for everybody. Easy-to-install, reliable and user-friendly inverters.\" \/>\n<meta name=\"robots\" content=\"index, follow, max-snippet:-1, max-image-preview:large, max-video-preview:-1\" \/>\n<link rel=\"canonical\" href=\"https:\/\/solplanet.vcdev.me\/tr\/success-cases\/\" \/>\n<meta property=\"og:locale\" content=\"tr_TR\" \/>\n<meta property=\"og:type\" content=\"article\" \/>\n<meta property=\"og:title\" content=\"Ba\u015far\u0131 \u00d6rnekleri | Solplanet\" \/>\n<meta property=\"og:description\" content=\"The power of the sun is the future of our planet. Solplanet makes solar for everybody. Easy-to-install, reliable and user-friendly inverters.\" \/>\n<meta property=\"og:url\" content=\"https:\/\/solplanet.vcdev.me\/tr\/success-cases\/\" \/>\n<meta property=\"og:site_name\" content=\"Solplanet\" \/>\n<meta property=\"article:modified_time\" content=\"2024-03-11T08:32:38+00:00\" \/>\n<meta name=\"twitter:card\" content=\"summary_large_image\" \/>\n<script type=\"application\/ld+json\" class=\"yoast-schema-graph\">{\"@context\":\"https:\/\/schema.org\",\"@graph\":[{\"@type\":\"WebPage\",\"@id\":\"https:\/\/solplanet.vcdev.me\/tr\/success-cases\/\",\"url\":\"https:\/\/solplanet.vcdev.me\/tr\/success-cases\/\",\"name\":\"Ba\u015far\u0131 \u00d6rnekleri | Solplanet\",\"isPartOf\":{\"@id\":\"https:\/\/solplanet.vcdev.me\/tr\/#website\"},\"datePublished\":\"2023-11-17T11:34:28+00:00\",\"dateModified\":\"2024-03-11T08:32:38+00:00\",\"description\":\"The power of the sun is the future of our planet. Solplanet makes solar for everybody. Easy-to-install, reliable and user-friendly inverters.\",\"breadcrumb\":{\"@id\":\"https:\/\/solplanet.vcdev.me\/tr\/success-cases\/#breadcrumb\"},\"inLanguage\":\"tr\",\"potentialAction\":[{\"@type\":\"ReadAction\",\"target\":[\"https:\/\/solplanet.vcdev.me\/tr\/success-cases\/\"]}]},{\"@type\":\"BreadcrumbList\",\"@id\":\"https:\/\/solplanet.vcdev.me\/tr\/success-cases\/#breadcrumb\",\"itemListElement\":[{\"@type\":\"ListItem\",\"position\":1,\"name\":\"Home\",\"item\":\"https:\/\/solplanet.vcdev.me\/tr\/\"},{\"@type\":\"ListItem\",\"position\":2,\"name\":\"Ba\u015far\u0131 \u00d6rnekleri\"}]},{\"@type\":\"WebSite\",\"@id\":\"https:\/\/solplanet.vcdev.me\/tr\/#website\",\"url\":\"https:\/\/solplanet.vcdev.me\/tr\/\",\"name\":\"Solplanet\",\"description\":\"make solar for everybody\",\"publisher\":{\"@id\":\"https:\/\/solplanet.vcdev.me\/tr\/#organization\"},\"potentialAction\":[{\"@type\":\"SearchAction\",\"target\":{\"@type\":\"EntryPoint\",\"urlTemplate\":\"https:\/\/solplanet.vcdev.me\/tr\/?s={search_term_string}\"},\"query-input\":\"required name=search_term_string\"}],\"inLanguage\":\"tr\"},{\"@type\":\"Organization\",\"@id\":\"https:\/\/solplanet.vcdev.me\/tr\/#organization\",\"name\":\"Solplanet\",\"url\":\"https:\/\/solplanet.vcdev.me\/tr\/\",\"sameAs\":[],\"logo\":{\"@type\":\"ImageObject\",\"inLanguage\":\"tr\",\"@id\":\"https:\/\/solplanet.vcdev.me\/tr\/#\/schema\/logo\/image\/\",\"url\":\"https:\/\/solplanet.net\/wp-content\/uploads\/2020\/11\/Solplanet-LinkedInIcon.jpg\",\"contentUrl\":\"https:\/\/solplanet.net\/wp-content\/uploads\/2020\/11\/Solplanet-LinkedInIcon.jpg\",\"width\":500,\"height\":500,\"caption\":\"Solplanet\"},\"image\":{\"@id\":\"https:\/\/solplanet.vcdev.me\/tr\/#\/schema\/logo\/image\/\"}}]}<\/script>\n<!-- \/ Yoast SEO plugin. -->","yoast_head_json":{"title":"Ba\u015far\u0131 \u00d6rnekleri | Solplanet","description":"The power of the sun is the future of our planet. Solplanet makes solar for everybody. Easy-to-install, reliable and user-friendly inverters.","robots":{"index":"index","follow":"follow","max-snippet":"max-snippet:-1","max-image-preview":"max-image-preview:large","max-video-preview":"max-video-preview:-1"},"canonical":"https:\/\/solplanet.vcdev.me\/tr\/success-cases\/","og_locale":"tr_TR","og_type":"article","og_title":"Ba\u015far\u0131 \u00d6rnekleri | Solplanet","og_description":"The power of the sun is the future of our planet. Solplanet makes solar for everybody. Easy-to-install, reliable and user-friendly inverters.","og_url":"https:\/\/solplanet.vcdev.me\/tr\/success-cases\/","og_site_name":"Solplanet","article_modified_time":"2024-03-11T08:32:38+00:00","twitter_card":"summary_large_image","schema":{"@context":"https:\/\/schema.org","@graph":[{"@type":"WebPage","@id":"https:\/\/solplanet.vcdev.me\/tr\/success-cases\/","url":"https:\/\/solplanet.vcdev.me\/tr\/success-cases\/","name":"Ba\u015far\u0131 \u00d6rnekleri | Solplanet","isPartOf":{"@id":"https:\/\/solplanet.vcdev.me\/tr\/#website"},"datePublished":"2023-11-17T11:34:28+00:00","dateModified":"2024-03-11T08:32:38+00:00","description":"The power of the sun is the future of our planet. Solplanet makes solar for everybody. Easy-to-install, reliable and user-friendly inverters.","breadcrumb":{"@id":"https:\/\/solplanet.vcdev.me\/tr\/success-cases\/#breadcrumb"},"inLanguage":"tr","potentialAction":[{"@type":"ReadAction","target":["https:\/\/solplanet.vcdev.me\/tr\/success-cases\/"]}]},{"@type":"BreadcrumbList","@id":"https:\/\/solplanet.vcdev.me\/tr\/success-cases\/#breadcrumb","itemListElement":[{"@type":"ListItem","position":1,"name":"Home","item":"https:\/\/solplanet.vcdev.me\/tr\/"},{"@type":"ListItem","position":2,"name":"Ba\u015far\u0131 \u00d6rnekleri"}]},{"@type":"WebSite","@id":"https:\/\/solplanet.vcdev.me\/tr\/#website","url":"https:\/\/solplanet.vcdev.me\/tr\/","name":"Solplanet","description":"make solar for everybody","publisher":{"@id":"https:\/\/solplanet.vcdev.me\/tr\/#organization"},"potentialAction":[{"@type":"SearchAction","target":{"@type":"EntryPoint","urlTemplate":"https:\/\/solplanet.vcdev.me\/tr\/?s={search_term_string}"},"query-input":"required name=search_term_string"}],"inLanguage":"tr"},{"@type":"Organization","@id":"https:\/\/solplanet.vcdev.me\/tr\/#organization","name":"Solplanet","url":"https:\/\/solplanet.vcdev.me\/tr\/","sameAs":[],"logo":{"@type":"ImageObject","inLanguage":"tr","@id":"https:\/\/solplanet.vcdev.me\/tr\/#\/schema\/logo\/image\/","url":"https:\/\/solplanet.net\/wp-content\/uploads\/2020\/11\/Solplanet-LinkedInIcon.jpg","contentUrl":"https:\/\/solplanet.net\/wp-content\/uploads\/2020\/11\/Solplanet-LinkedInIcon.jpg","width":500,"height":500,"caption":"Solplanet"},"image":{"@id":"https:\/\/solplanet.vcdev.me\/tr\/#\/schema\/logo\/image\/"}}]}},"_links":{"self":[{"href":"https:\/\/solplanet.vcdev.me\/tr\/wp-json\/wp\/v2\/pages\/108968"}],"collection":[{"href":"https:\/\/solplanet.vcdev.me\/tr\/wp-json\/wp\/v2\/pages"}],"about":[{"href":"https:\/\/solplanet.vcdev.me\/tr\/wp-json\/wp\/v2\/types\/page"}],"author":[{"embeddable":true,"href":"https:\/\/solplanet.vcdev.me\/tr\/wp-json\/wp\/v2\/users\/7"}],"replies":[{"embeddable":true,"href":"https:\/\/solplanet.vcdev.me\/tr\/wp-json\/wp\/v2\/comments?post=108968"}],"version-history":[{"count":5,"href":"https:\/\/solplanet.vcdev.me\/tr\/wp-json\/wp\/v2\/pages\/108968\/revisions"}],"predecessor-version":[{"id":109057,"href":"https:\/\/solplanet.vcdev.me\/tr\/wp-json\/wp\/v2\/pages\/108968\/revisions\/109057"}],"wp:attachment":[{"href":"https:\/\/solplanet.vcdev.me\/tr\/wp-json\/wp\/v2\/media?parent=108968"}],"curies":[{"name":"wp","href":"https:\/\/api.w.org\/{rel}","templated":true}]}}