{"id":64608,"date":"2020-09-15T11:54:07","date_gmt":"2020-09-15T11:54:07","guid":{"rendered":"https:\/\/solplanet.net\/about-us\/"},"modified":"2024-01-08T14:28:55","modified_gmt":"2024-01-08T14:28:55","slug":"about-us","status":"publish","type":"page","link":"https:\/\/solplanet.vcdev.me\/pt-pt\/about-us\/","title":{"rendered":"About Us"},"content":{"rendered":"<div class=\"wrapper   wrapper__spacing-bottom-large--0\" id=\"\">\n\t<div class=\"wrapper__anchor\" id=\"\"><\/div>\n\t\t\t<div class=\"wrapper__container\">\n\t\t\t<div class=\"wrapper__inner wrapper__width-large--12\">\n\t\t\t\t\n<div\n\tclass=\"block-carousel js-block-carousel swiper-container block-carousel__pagination-type-default\"\n\tdata-swiper-loop=\"1\"\n\tdata-show-items=\"1\"\n>\n\n\t<div class=\"swiper-wrapper\">\n\t\t\n<div class=\"block-carousel__item\"><div class=\"block-carousel__item-inner\"><div class=\"jumbotron block-jumbotron__jumbotron\">\n\n\t<div style=\"background-image:url(https:\/\/solplanet.net\/wp-content\/uploads\/2020\/09\/jumbotron3.jpg)\" class=\"image-bg jumbotron__image-bg\"><\/div>\n\t<div class=\"jumbotron__mask jumbotron__mask-type--type4\"><\/div>\n\n\t<div class=\"\n\t\t\tjumbotron__content\n\t\t\tjumbotron__content--default\n\t\t\tjumbotron__content--vertical-center\n\t\t\tjumbotron__content--horizontal-left\n\t\t\">\n\t\t<div class=\"jumbotron__content-wrap\">\n\t\t\t<h1 class=\"heading heading__align--left heading__color--white heading__size--big jumbotron__heading\">\n\tO poder do sol \u00e9 o futuro do nosso planeta<\/h1><p class=\"paragraph paragraph__color--white paragraph__align--left paragraph__size--big jumbotron__paragraph\">\n\tConfie na solplanet<\/p>\t\t<\/div>\n\t<\/div>\n\n\t<\/div><\/div><\/div>\n\n<div class=\"block-carousel__item\"><div class=\"block-carousel__item-inner\"><div class=\"jumbotron block-jumbotron__jumbotron\">\n\n\t<div style=\"background-image:url(https:\/\/solplanet.net\/wp-content\/uploads\/2022\/05\/Solplanet-EV-Charger-1.jpg)\" class=\"image-bg jumbotron__image-bg\"><\/div>\n\t<div class=\"jumbotron__mask jumbotron__mask-type--type2\"><\/div>\n\n\t<div class=\"\n\t\t\tjumbotron__content\n\t\t\tjumbotron__content--default\n\t\t\tjumbotron__content--vertical-center\n\t\t\tjumbotron__content--horizontal-left\n\t\t\">\n\t\t<div class=\"jumbotron__content-wrap\">\n\t\t\t<p class=\"paragraph paragraph__color--white paragraph__align--left paragraph__size--default jumbotron__intro\">\n\tS\u00e9rie SOL APOLLO &#8211; Carregadores EV inteligentes<\/p><h1 class=\"heading heading__align--left heading__color--white heading__size--big jumbotron__heading\">\n\tConduzir em dire\u00e7\u00e3o a um futuro verde<\/h1><p class=\"paragraph paragraph__color--white paragraph__align--left paragraph__size--big jumbotron__paragraph\">\n\tTotalmente carregado e pronto<\/p><div class=\"btn__wrap btn__align--left jumbotron__btn\">\n\t\t\t<a href=\"https:\/\/solplanet.net\/pt-pt\/products\/#ev-charger\" class=\"btn btn__color--white btn__size--default btn__size-width--default     gtm_aboutus \" id=\"\" title=\"ler mais\" aria-label=\"\" target=\"_blank\" rel=\"noopener noreferrer\">\n\t\t\tler mais\t\t<\/a>\n\t<\/div>\t\t<\/div>\n\t<\/div>\n\n\t<\/div><\/div><\/div>\n\t<\/div>\n\n\t<div class=\"carousel-navigation carousel-navigation__theme--default block-carousel__carousel-navigation\">\n\t<div class=\"carousel-navigation__item carousel-navigation__item--prev js-block-carousel-prev-arrow\">\n\t\t<svg class=\"carousel-navigation__icon\" width=\"22\" height=\"40\" xmlns=\"http:\/\/www.w3.org\/2000\/svg\"><g stroke=\"#FFF\" fill=\"none\" fill-rule=\"evenodd\" stroke-linecap=\"round\"><path d=\"M1 20L21 1M21 39L1 20\" \/><\/g><\/svg>\n\t<\/div>\n\t<div class=\"carousel-navigation__item carousel-navigation__item--next js-block-carousel-next-arrow\">\n\t\t<svg class=\"carousel-navigation__icon\" width=\"22\" height=\"40\" xmlns=\"http:\/\/www.w3.org\/2000\/svg\"><g stroke=\"#FFF\" fill=\"none\" fill-rule=\"evenodd\" stroke-linecap=\"round\"><path d=\"M21 20L1 1M1 39l20-19\" \/><\/g><\/svg>\n\t<\/div>\n<\/div><div class=\"carousel-pagination js-block-carousel-pagination carousel-pagination__theme--default block-carousel__carousel-pagination\"><\/div><\/div>\n\t\t\t<\/div>\n\t\t<\/div>\n\t<\/div>\n\n\n<div class=\"wrapper  wrapper__spacing-top-large--120 wrapper__spacing-top-tablet--80 wrapper__spacing-bottom-large--110 wrapper__spacing-bottom-tablet--80\" id=\"\">\n\t<div class=\"wrapper__anchor\" id=\"\"><\/div>\n\t\t\t<div class=\"wrapper__container wrapper__container-width-large--small wrapper__gutter-large--default wrapper__gutter-tablet--small\">\n\t\t\t<div class=\"wrapper__inner wrapper__width-large--12\">\n\t\t\t\t\n<div class=\"block-group\">\n\t\n<div class=\"wrapper   wrapper__spacing-bottom-large--20\" id=\"\">\n\t<div class=\"wrapper__anchor\" id=\"\"><\/div>\n\t\t\t<p class=\"paragraph paragraph__color--dove paragraph__align--left paragraph__size--small block-paragraph__paragraph\">\n\tSOBRE N\u00d3S<\/p>\t<\/div>\n\n\n<div class=\"wrapper   wrapper__spacing-bottom-large--20\" id=\"\">\n\t<div class=\"wrapper__anchor\" id=\"\"><\/div>\n\t\t\t\n<div class=\"block-heading\">\n\t<h2 class=\"heading heading__align--left heading__color--shaft heading__size--default block-heading__heading\">\n\tConfie na solplanet<\/h2>\t<\/div>\n\t<\/div>\n\n\n<div class=\"wrapper   wrapper__spacing-bottom-large--0 wrapper__spacing-bottom-tablet--0\" id=\"\">\n\t<div class=\"wrapper__anchor\" id=\"\"><\/div>\n\t\t\t<p class=\"paragraph paragraph__color--dove paragraph__align--left paragraph__size--default block-paragraph__paragraph\">\n\tNa Solplanet, guiamo-nos por uma ideia simples: energia solar ao alcance de todos. Esfor\u00e7amo-nos por criar a melhor experi\u00eancia poss\u00edvel para os distribuidores, instaladores e utilizadores finais. \u00c9 por isso que os nossos produtos s\u00e3o f\u00e1ceis de instalar, fi\u00e1veis e de f\u00e1cil utiliza\u00e7\u00e3o.<br><br>A Solplanet produz inversores monof\u00e1sicos, trif\u00e1sicos e h\u00edbridos, solu\u00e7\u00f5es de monitoriza\u00e7\u00e3o intuitivas e carregadores inteligentes para ve\u00edculos el\u00e9tricos em conformidade com as normas internacionais de alta qualidade. Os nossos departamentos de investiga\u00e7\u00e3o e desenvolvimento e as nossas instala\u00e7\u00f5es de produ\u00e7\u00e3o est\u00e3o em constante crescimento e inova\u00e7\u00e3o, pelo que \u00e9 prov\u00e1vel que possamos satisfazer a sua procura, independentemente da dimens\u00e3o da sua instala\u00e7\u00e3o.<br><br>A Solplanet \u00e9 uma marca da AISWEI, que fabrica inversores desde 2007. A AISWEI, anteriormente tamb\u00e9m conhecida como filial chinesa da SMA, tem fabricado com sucesso produtos de alta qualidade e fi\u00e1veis para marcas de renome como a SMA e a Zeversolar.\u00a0<br><br>Atualmente, a AISWEI \u00e9 uma empresa independente de investiga\u00e7\u00e3o, desenvolvimento e fabrico. Uma recente reestrutura\u00e7\u00e3o do capital social coloca a AISWEI numa posi\u00e7\u00e3o financeira particularmente forte no sector.<\/p>\t<\/div>\n\n<\/div>\n\t\t\t<\/div>\n\t\t<\/div>\n\t<\/div>\n\n\n<div class=\"wrapper   wrapper__spacing-bottom-large--0  wrapper__divider-top-large\" id=\"\">\n\t<div class=\"wrapper__anchor\" id=\"\"><\/div>\n\t\t\t<div class=\"wrapper__container  wrapper__gutter-large--none\">\n\t\t\t<div class=\"wrapper__inner wrapper__width-large--12\">\n\t\t\t\t\n<div class=\"block-card-list block-card-list__media-position--left\">\n\n\t\t\t<div class=\"block-card-list__media\">\n\t\t\t<div class=\"block-card-list__media-inner\">\n\t\t\t\t<div style=\"background-image:url(https:\/\/solplanet.net\/wp-content\/uploads\/2020\/11\/julentto-photography-Yr1SCCRJXIY-unsplash-HI.jpg)\" class=\"image-bg block-card-list__image-bg\"><\/div>\t\t\t<\/div>\n\t\t<\/div>\n\t\n\t<div class=\"block-card-list__content\">\n\t\t<div class=\"block-card-list__content-inner\">\n\t\t\t\n<div class=\"wrapper   wrapper__spacing-bottom-large--40\" id=\"\">\n\t<div class=\"wrapper__anchor\" id=\"\"><\/div>\n\t\t\t\n<div class=\"block-heading\">\n\t<h2 class=\"heading heading__align--left heading__color--sunsetToDodger heading__size--default block-heading__heading heading__color--is-gradient\">\n\tO futuro \u00e9 energia solar para todos<\/h2>\t<\/div>\n\t<\/div>\n\n\n<div class=\"wrapper   wrapper__spacing-bottom-large--200 wrapper__spacing-bottom-mobile--50\" id=\"\">\n\t<div class=\"wrapper__anchor\" id=\"\"><\/div>\n\t\t\t<p class=\"paragraph paragraph__color--dove paragraph__align--left paragraph__size--default block-paragraph__paragraph\">\n\tA energia solar \u00e9 uma fonte de energia limpa e sustent\u00e1vel. A energia solar \u00e9 para todos e na Solplanet trabalhamos arduamente para que isso aconte\u00e7a.<\/p>\t<\/div>\n\n\t\t<\/div>\n\t<\/div>\n<\/div>\n\n\n\t\t\t<\/div>\n\t\t<\/div>\n\t<\/div>\n\n\n<div class=\"wrapper   wrapper__spacing-bottom-large--0\" id=\"\">\n\t<div class=\"wrapper__anchor\" id=\"\"><\/div>\n\t\t\t<div class=\"wrapper__container\">\n\t\t\t<div class=\"wrapper__inner wrapper__width-large--12\">\n\t\t\t\t<div class=\"jumbotron block-jumbotron__jumbotron\">\n\n\t<div style=\"background-image:url(https:\/\/solplanet.net\/wp-content\/uploads\/2022\/09\/Untitled_1.33_r2.jpg)\" class=\"image-bg jumbotron__image-bg\"><\/div>\n\t<div class=\"jumbotron__mask jumbotron__mask-type--type1\"><\/div>\n\n\t<div class=\"\n\t\t\tjumbotron__content\n\t\t\tjumbotron__content--default\n\t\t\tjumbotron__content--vertical-center\n\t\t\tjumbotron__content--horizontal-center\n\t\t\">\n\t\t<div class=\"jumbotron__content-wrap\">\n\t\t\t<h1 class=\"heading heading__align--left heading__color--white heading__size--default jumbotron__heading\">\n\tSolplanet Company Introduction<\/h1><button class=\"video-button jumbotron__video-button\" role=\"button\" data-micromodal-trigger=\"block-jumbotron-177597745269db43ecef9fe\" aria-label=\"Reproduzir v\u00eddeo\">\n\t<svg class='video-button__icon' width='106' height='106' xmlns='http:\/\/www.w3.org\/2000\/svg'><g stroke='#FFF' fill='none' fill-rule='evenodd'><circle cx='53' cy='53' r='52' \/><path d='M78.764 53L40 72.382V33.618L78.764 53z' \/><\/g><\/svg><\/button>\t\t<\/div>\n\t<\/div>\n\n\t<div id=\"block-jumbotron-177597745269db43ecef9fe\" class=\"modal js-modal\" aria-hidden=\"true\">\n\n\t<div class=\"modal__overlay\" data-micromodal-close>\n\n\t\t<div class=\"modal__dialog\" role=\"dialog\" aria-label=\"\">\n\n\t\t\t<header class=\"modal__header\">\n\t\t\t\t<div class=\"btn__wrap btn__align--left modal__btn\">\n\t\t\t<a href=\"#\" class=\"btn btn__color--alto btn__size--big btn__size-width--default \" id=\"\" title=\"Fechar\" aria-label=\"Fechar modo\" data-micromodal-close=\"true\">\n\t\t\tFechar\t\t<\/a>\n\t<\/div>\t\t\t<\/header>\n\n\t\t\t<section class=\"modal__content\" id=\"block-jumbotron-177597745269db43ecef9fe-content\">\n\t\t\t\t<div class=\"video-iframe video-iframe__video-ratio--default jumbotron__video-iframe\">\n\t<iframe class=\"video-iframe__iframe\" src=\"https:\/\/www.youtube-nocookie.com\/embed\/pgpssnNFEyQ?enablejsapi=1\" frameBorder=\"0\" allow=\"autoplay; fullscreen\" allowFullScreen><\/iframe>\n<\/div>\t\t\t<\/section>\n\n\t\t<\/div>\n\t<\/div>\n<\/div><\/div>\t\t\t<\/div>\n\t\t<\/div>\n\t<\/div>\n\n\n<div class=\"wrapper   wrapper__spacing-bottom-large--0  wrapper__divider-top-large wrapper__divider-bottom-large\" id=\"\">\n\t<div class=\"wrapper__anchor\" id=\"\"><\/div>\n\t\t\t<div class=\"wrapper__container  wrapper__gutter-large--none\">\n\t\t\t<div class=\"wrapper__inner wrapper__width-large--12\">\n\t\t\t\t\n<div class=\"block-card-list block-card-list__media-position--right\">\n\n\t\t\t<div class=\"block-card-list__media\">\n\t\t\t<div class=\"block-card-list__media-inner\">\n\t\t\t\t<div style=\"background-image:url(https:\/\/solplanet.net\/wp-content\/uploads\/2020\/11\/installer-less-res-2-e1607089348684.png)\" class=\"image-bg block-card-list__image-bg\"><\/div>\t\t\t<\/div>\n\t\t<\/div>\n\t\n\t<div class=\"block-card-list__content\">\n\t\t<div class=\"block-card-list__content-inner\">\n\t\t\t\n<div class=\"wrapper   wrapper__spacing-bottom-large--40\" id=\"\">\n\t<div class=\"wrapper__anchor\" id=\"\"><\/div>\n\t\t\t\n<div class=\"block-heading\">\n\t<h2 class=\"heading heading__align--left heading__color--shaft heading__size--default block-heading__heading\">\n\tA Solplanet facilita-lhe a vida<\/h2>\t<\/div>\n\t<\/div>\n\n\n<div class=\"wrapper   wrapper__spacing-bottom-large--200 wrapper__spacing-bottom-tablet--40\" id=\"\">\n\t<div class=\"wrapper__anchor\" id=\"\"><\/div>\n\t\t\t<p class=\"paragraph paragraph__color--dove paragraph__align--left paragraph__size--default block-paragraph__paragraph\">\n\tOs produtos da Solplanet s\u00e3o f\u00e1ceis de instalar, fi\u00e1veis e f\u00e1ceis de utilizar. Continuamos a tornar os nossos produtos e aplica\u00e7\u00f5es mais r\u00e1pidos e f\u00e1ceis de instalar, oferecendo um desempenho fi\u00e1vel e duradouro e tornando-os f\u00e1ceis de utilizar para proporcionar a melhor experi\u00eancia ao cliente. Na Solplanet facilitamos-lhe a vida.<\/p>\t<\/div>\n\n\t\t<\/div>\n\t<\/div>\n<\/div>\n\n\n\t\t\t<\/div>\n\t\t<\/div>\n\t<\/div>\n\n\n<div class=\"wrapper  wrapper__spacing-top-large--110 wrapper__spacing-bottom-large--40\" id=\"\">\n\t<div class=\"wrapper__anchor\" id=\"news\"><\/div>\n\t\t\t<div class=\"wrapper__container wrapper__container-width-large--small wrapper__gutter-large--default wrapper__gutter-tablet--small\">\n\t\t\t<div class=\"wrapper__inner wrapper__width-large--10 wrapper__width-tablet--12 wrapper__offset-large--1 wrapper__offset-tablet--0\">\n\t\t\t\t\n<div class=\"block-group\">\n\t\n<div class=\"wrapper   wrapper__spacing-bottom-large--40\" id=\"\">\n\t<div class=\"wrapper__anchor\" id=\"\"><\/div>\n\t\t\t\n<div class=\"block-heading\">\n\t<h2 class=\"heading heading__align--center heading__color--sunsetToDodger heading__size--default block-heading__heading heading__color--is-gradient\">\n\tNot\u00edcias<\/h2>\t<\/div>\n\t<\/div>\n\n\n<div class=\"wrapper   wrapper__spacing-bottom-large--40\" id=\"\">\n\t<div class=\"wrapper__anchor\" id=\"\"><\/div>\n\t\t\t\n\n<div class=\"block-featured-categories-posts js-block-featured-categories-posts block-featured-categories-posts__hide-dividers\" data-items-per-line=\"1\">\n\n\t<div class=\"block-featured-categories-posts__wrapper\">\n\n\t\t\n\t<\/div>\n\n\t<\/div>\n\t<\/div>\n\n\n<div class=\"wrapper   wrapper__spacing-bottom-large--40\" id=\"\">\n\t<div class=\"wrapper__anchor\" id=\"\"><\/div>\n\t\t\t<div class=\"btn__wrap btn__align--left block-button__btn\">\n\t\t\t<a href=\"\/pt-pt\/news-g\/\" class=\"btn btn__color--alto btn__size--default btn__size-width--default     gtm_visitarchive \" id=\"\" title=\"Consulte o nosso arquivo de not\u00edcias\" aria-label=\"\">\n\t\t\tConsulte o nosso arquivo de not\u00edcias\t\t<\/a>\n\t<\/div>\t<\/div>\n\n<\/div>\n\t\t\t<\/div>\n\t\t<\/div>\n\t<\/div>\n\n\n<div class=\"wrapper   wrapper__spacing-bottom-large--0  wrapper__divider-top-large\" id=\"\">\n\t<div class=\"wrapper__anchor\" id=\"\"><\/div>\n\t\t\t<div class=\"wrapper__container wrapper__container-width-large--default\">\n\t\t\t<div class=\"wrapper__inner wrapper__width-large--12\">\n\t\t\t\t\n<div class=\"block-cards-grid js-block-cards-grid\" data-items-per-line=3>\n\t\n<div class=\"card-simple block-card__card-simple\">\n\t\n\t\t\t\t\t<div class=\"card-simple__intro js-card-simple-intro\">\n\t\t\t\t<h2 class=\"heading heading__align--center heading__color--dove heading__size--small card-simple__heading\">\n\tProdutos<\/h2>\t\t\t<\/div>\n\t\t\n\t\t\t\t\t<div class=\"card-simple__media js-card-simple-media\">\n\t\t\t\t<img src=\"https:\/\/solplanet.net\/wp-content\/uploads\/2020\/09\/Inverter-products.svg\" class=\"image card-simple__image\" \/>\t\t\t<\/div>\n\t\t\n\t\t\t\t\t<div class=\"card-simple__outro card-simple__outro--has-button\">\n\t\t\t\t<div class=\"btn__wrap btn__align--center card-simple__btn\">\n\t\t\t<a href=\"\/pt-pt\/products\/\" class=\"btn btn__color--alto btn__size--default btn__size-width--default     gtm_discover_our_products \" id=\"\" title=\"Conhe\u00e7a os nossos produtos\" aria-label=\"\">\n\t\t\tConhe\u00e7a os nossos produtos\t\t<\/a>\n\t<\/div><p class=\"paragraph paragraph__color--dusty paragraph__align--center paragraph__size--small card-simple__paragraph\">\n\tProdutos de confian\u00e7a: f\u00e1ceis de instalar, fi\u00e1veis e de f\u00e1cil utiliza\u00e7\u00e3o<\/p>\t\t\t<\/div>\n\t\t\n\t\t\n\t<\/div>\n\n<div class=\"card-simple block-card__card-simple\">\n\t\n\t\t\t\t\t<div class=\"card-simple__intro js-card-simple-intro\">\n\t\t\t\t<h2 class=\"heading heading__align--center heading__color--dove heading__size--small card-simple__heading\">\n\tFolheto do produto<\/h2>\t\t\t<\/div>\n\t\t\n\t\t\t\t\t<div class=\"card-simple__media js-card-simple-media\">\n\t\t\t\t<img src=\"https:\/\/solplanet.net\/wp-content\/uploads\/2020\/11\/downloads-more-hight-white-background-3.png\" class=\"image card-simple__image\" \/>\t\t\t<\/div>\n\t\t\n\t\t\t\t\t<div class=\"card-simple__outro card-simple__outro--has-button\">\n\t\t\t\t<div class=\"btn__wrap btn__align--center card-simple__btn\">\n\t\t\t<a href=\"https:\/\/solplanet.net\/wp-content\/uploads\/2020\/10\/20201026-Solplanet-Brochure.pdf\" class=\"btn btn__color--alto btn__size--default btn__size-width--default     gtm_download_our_brochure \" id=\"\" title=\"Descarregue o nosso folheto\" aria-label=\"\" target=\"_blank\" rel=\"noopener noreferrer\">\n\t\t\tDescarregue o nosso folheto\t\t<\/a>\n\t<\/div><p class=\"paragraph paragraph__color--dusty paragraph__align--center paragraph__size--small card-simple__paragraph\">\n\tToda a informa\u00e7\u00e3o necess\u00e1ria sobre a Solplanet e os nossos produtos num s\u00f3 documento<\/p>\t\t\t<\/div>\n\t\t\n\t\t\n\t<\/div>\n\n<div class=\"card-simple block-card__card-simple\">\n\t\n\t\t\t\t\t<div class=\"card-simple__intro js-card-simple-intro\">\n\t\t\t\t<h2 class=\"heading heading__align--center heading__color--dove heading__size--small card-simple__heading\">\n\t\u00c1rea do instalador<\/h2>\t\t\t<\/div>\n\t\t\n\t\t\t\t\t<div class=\"card-simple__media js-card-simple-media\">\n\t\t\t\t<img src=\"https:\/\/solplanet.net\/wp-content\/uploads\/2020\/09\/Professional-Area-Icon-Dark-Gray-Copy.svg\" class=\"image card-simple__image\" \/>\t\t\t<\/div>\n\t\t\n\t\t\t\t\t<div class=\"card-simple__outro card-simple__outro--has-button\">\n\t\t\t\t<div class=\"btn__wrap btn__align--center card-simple__btn\">\n\t\t\t<a href=\"\/pt-pt\/installer-area\/\" class=\"btn btn__color--alto btn__size--default btn__size-width--default     gtm_visit_installer_area \" id=\"\" title=\"Visite a \u00e1rea do instalador\" aria-label=\"\">\n\t\t\tVisite a \u00e1rea do instalador\t\t<\/a>\n\t<\/div><p class=\"paragraph paragraph__color--dusty paragraph__align--center paragraph__size--small card-simple__paragraph\">\n\tAcesso r\u00e1pido e f\u00e1cil a todas as informa\u00e7\u00f5es necess\u00e1rias<\/p>\t\t\t<\/div>\n\t\t\n\t\t\n\t<\/div>\n<\/div>\n\t\t\t<\/div>\n\t\t<\/div>\n\t<\/div>\n\n\n<p><!-- \/wp:solplanet\/carousel --><\/p>","protected":false},"excerpt":{"rendered":"","protected":false},"author":5,"featured_media":0,"parent":0,"menu_order":0,"comment_status":"closed","ping_status":"closed","template":"","meta":{"content-type":""},"acf":[],"yoast_head":"<!-- This site is optimized with the Yoast SEO plugin v19.7.1 - https:\/\/yoast.com\/wordpress\/plugins\/seo\/ -->\n<title>About Us | Solplanet<\/title>\n<meta name=\"description\" content=\"The power of the sun is the future of our planet. Solplanet makes solar for everybody. Easy-to-install, reliable and user-friendly inverters.\" \/>\n<meta name=\"robots\" content=\"index, follow, max-snippet:-1, max-image-preview:large, max-video-preview:-1\" \/>\n<link rel=\"canonical\" href=\"https:\/\/solplanet.vcdev.me\/pt-pt\/about-us\/\" \/>\n<meta property=\"og:locale\" content=\"pt_PT\" \/>\n<meta property=\"og:type\" content=\"article\" \/>\n<meta property=\"og:title\" content=\"About Us | Solplanet\" \/>\n<meta property=\"og:description\" content=\"The power of the sun is the future of our planet. Solplanet makes solar for everybody. Easy-to-install, reliable and user-friendly inverters.\" \/>\n<meta property=\"og:url\" content=\"https:\/\/solplanet.vcdev.me\/pt-pt\/about-us\/\" \/>\n<meta property=\"og:site_name\" content=\"Solplanet\" \/>\n<meta property=\"article:modified_time\" content=\"2024-01-08T14:28:55+00:00\" \/>\n<meta name=\"twitter:card\" content=\"summary_large_image\" \/>\n<script type=\"application\/ld+json\" class=\"yoast-schema-graph\">{\"@context\":\"https:\/\/schema.org\",\"@graph\":[{\"@type\":\"WebPage\",\"@id\":\"https:\/\/solplanet.vcdev.me\/pt-pt\/about-us\/\",\"url\":\"https:\/\/solplanet.vcdev.me\/pt-pt\/about-us\/\",\"name\":\"About Us | Solplanet\",\"isPartOf\":{\"@id\":\"https:\/\/solplanet.vcdev.me\/pt-pt\/#website\"},\"datePublished\":\"2020-09-15T11:54:07+00:00\",\"dateModified\":\"2024-01-08T14:28:55+00:00\",\"description\":\"The power of the sun is the future of our planet. Solplanet makes solar for everybody. Easy-to-install, reliable and user-friendly inverters.\",\"breadcrumb\":{\"@id\":\"https:\/\/solplanet.vcdev.me\/pt-pt\/about-us\/#breadcrumb\"},\"inLanguage\":\"pt-PT\",\"potentialAction\":[{\"@type\":\"ReadAction\",\"target\":[\"https:\/\/solplanet.vcdev.me\/pt-pt\/about-us\/\"]}]},{\"@type\":\"BreadcrumbList\",\"@id\":\"https:\/\/solplanet.vcdev.me\/pt-pt\/about-us\/#breadcrumb\",\"itemListElement\":[{\"@type\":\"ListItem\",\"position\":1,\"name\":\"Home\",\"item\":\"https:\/\/solplanet.vcdev.me\/pt-pt\/\"},{\"@type\":\"ListItem\",\"position\":2,\"name\":\"About Us\"}]},{\"@type\":\"WebSite\",\"@id\":\"https:\/\/solplanet.vcdev.me\/pt-pt\/#website\",\"url\":\"https:\/\/solplanet.vcdev.me\/pt-pt\/\",\"name\":\"Solplanet\",\"description\":\"make solar for everybody\",\"publisher\":{\"@id\":\"https:\/\/solplanet.vcdev.me\/pt-pt\/#organization\"},\"potentialAction\":[{\"@type\":\"SearchAction\",\"target\":{\"@type\":\"EntryPoint\",\"urlTemplate\":\"https:\/\/solplanet.vcdev.me\/pt-pt\/?s={search_term_string}\"},\"query-input\":\"required name=search_term_string\"}],\"inLanguage\":\"pt-PT\"},{\"@type\":\"Organization\",\"@id\":\"https:\/\/solplanet.vcdev.me\/pt-pt\/#organization\",\"name\":\"Solplanet\",\"url\":\"https:\/\/solplanet.vcdev.me\/pt-pt\/\",\"sameAs\":[],\"logo\":{\"@type\":\"ImageObject\",\"inLanguage\":\"pt-PT\",\"@id\":\"https:\/\/solplanet.vcdev.me\/pt-pt\/#\/schema\/logo\/image\/\",\"url\":\"https:\/\/solplanet.net\/wp-content\/uploads\/2020\/11\/Solplanet-LinkedInIcon.jpg\",\"contentUrl\":\"https:\/\/solplanet.net\/wp-content\/uploads\/2020\/11\/Solplanet-LinkedInIcon.jpg\",\"width\":500,\"height\":500,\"caption\":\"Solplanet\"},\"image\":{\"@id\":\"https:\/\/solplanet.vcdev.me\/pt-pt\/#\/schema\/logo\/image\/\"}}]}<\/script>\n<!-- \/ Yoast SEO plugin. -->","yoast_head_json":{"title":"About Us | Solplanet","description":"The power of the sun is the future of our planet. Solplanet makes solar for everybody. Easy-to-install, reliable and user-friendly inverters.","robots":{"index":"index","follow":"follow","max-snippet":"max-snippet:-1","max-image-preview":"max-image-preview:large","max-video-preview":"max-video-preview:-1"},"canonical":"https:\/\/solplanet.vcdev.me\/pt-pt\/about-us\/","og_locale":"pt_PT","og_type":"article","og_title":"About Us | Solplanet","og_description":"The power of the sun is the future of our planet. Solplanet makes solar for everybody. Easy-to-install, reliable and user-friendly inverters.","og_url":"https:\/\/solplanet.vcdev.me\/pt-pt\/about-us\/","og_site_name":"Solplanet","article_modified_time":"2024-01-08T14:28:55+00:00","twitter_card":"summary_large_image","schema":{"@context":"https:\/\/schema.org","@graph":[{"@type":"WebPage","@id":"https:\/\/solplanet.vcdev.me\/pt-pt\/about-us\/","url":"https:\/\/solplanet.vcdev.me\/pt-pt\/about-us\/","name":"About Us | Solplanet","isPartOf":{"@id":"https:\/\/solplanet.vcdev.me\/pt-pt\/#website"},"datePublished":"2020-09-15T11:54:07+00:00","dateModified":"2024-01-08T14:28:55+00:00","description":"The power of the sun is the future of our planet. Solplanet makes solar for everybody. Easy-to-install, reliable and user-friendly inverters.","breadcrumb":{"@id":"https:\/\/solplanet.vcdev.me\/pt-pt\/about-us\/#breadcrumb"},"inLanguage":"pt-PT","potentialAction":[{"@type":"ReadAction","target":["https:\/\/solplanet.vcdev.me\/pt-pt\/about-us\/"]}]},{"@type":"BreadcrumbList","@id":"https:\/\/solplanet.vcdev.me\/pt-pt\/about-us\/#breadcrumb","itemListElement":[{"@type":"ListItem","position":1,"name":"Home","item":"https:\/\/solplanet.vcdev.me\/pt-pt\/"},{"@type":"ListItem","position":2,"name":"About Us"}]},{"@type":"WebSite","@id":"https:\/\/solplanet.vcdev.me\/pt-pt\/#website","url":"https:\/\/solplanet.vcdev.me\/pt-pt\/","name":"Solplanet","description":"make solar for everybody","publisher":{"@id":"https:\/\/solplanet.vcdev.me\/pt-pt\/#organization"},"potentialAction":[{"@type":"SearchAction","target":{"@type":"EntryPoint","urlTemplate":"https:\/\/solplanet.vcdev.me\/pt-pt\/?s={search_term_string}"},"query-input":"required name=search_term_string"}],"inLanguage":"pt-PT"},{"@type":"Organization","@id":"https:\/\/solplanet.vcdev.me\/pt-pt\/#organization","name":"Solplanet","url":"https:\/\/solplanet.vcdev.me\/pt-pt\/","sameAs":[],"logo":{"@type":"ImageObject","inLanguage":"pt-PT","@id":"https:\/\/solplanet.vcdev.me\/pt-pt\/#\/schema\/logo\/image\/","url":"https:\/\/solplanet.net\/wp-content\/uploads\/2020\/11\/Solplanet-LinkedInIcon.jpg","contentUrl":"https:\/\/solplanet.net\/wp-content\/uploads\/2020\/11\/Solplanet-LinkedInIcon.jpg","width":500,"height":500,"caption":"Solplanet"},"image":{"@id":"https:\/\/solplanet.vcdev.me\/pt-pt\/#\/schema\/logo\/image\/"}}]}},"_links":{"self":[{"href":"https:\/\/solplanet.vcdev.me\/pt-pt\/wp-json\/wp\/v2\/pages\/64608"}],"collection":[{"href":"https:\/\/solplanet.vcdev.me\/pt-pt\/wp-json\/wp\/v2\/pages"}],"about":[{"href":"https:\/\/solplanet.vcdev.me\/pt-pt\/wp-json\/wp\/v2\/types\/page"}],"author":[{"embeddable":true,"href":"https:\/\/solplanet.vcdev.me\/pt-pt\/wp-json\/wp\/v2\/users\/5"}],"replies":[{"embeddable":true,"href":"https:\/\/solplanet.vcdev.me\/pt-pt\/wp-json\/wp\/v2\/comments?post=64608"}],"version-history":[{"count":5,"href":"https:\/\/solplanet.vcdev.me\/pt-pt\/wp-json\/wp\/v2\/pages\/64608\/revisions"}],"predecessor-version":[{"id":99192,"href":"https:\/\/solplanet.vcdev.me\/pt-pt\/wp-json\/wp\/v2\/pages\/64608\/revisions\/99192"}],"wp:attachment":[{"href":"https:\/\/solplanet.vcdev.me\/pt-pt\/wp-json\/wp\/v2\/media?parent=64608"}],"curies":[{"name":"wp","href":"https:\/\/api.w.org\/{rel}","templated":true}]}}