{"id":14782,"date":"2022-02-09T13:26:31","date_gmt":"2022-02-09T13:26:31","guid":{"rendered":"https:\/\/solplanet.net\/?page_id=14782"},"modified":"2022-12-20T10:49:58","modified_gmt":"2022-12-20T10:49:58","slug":"inter-solar-2022-brazil-qr","status":"publish","type":"page","link":"https:\/\/solplanet.vcdev.me\/pt-br\/inter-solar-2022-brazil-qr\/","title":{"rendered":"Inter Solar 2022 &#8211; Brazil QR"},"content":{"rendered":"<div class=\"wrapper   wrapper__spacing-bottom-large--0\" id=\"\">\n\t<div class=\"wrapper__anchor\" id=\"\"><\/div>\n\t\t\t<div class=\"wrapper__container\">\n\t\t\t<div class=\"wrapper__inner wrapper__width-large--12\">\n\t\t\t\t<div class=\"jumbotron block-jumbotron__jumbotron\">\n\n\t<div style=\"background-image:url(https:\/\/solplanet.net\/wp-content\/uploads\/2020\/11\/2product-image-on-a-background_3-5K-150.jpg)\" class=\"image-bg jumbotron__image-bg\"><\/div>\n\t<div class=\"jumbotron__mask jumbotron__mask-type--type4\"><\/div>\n\n\t<div class=\"\n\t\t\tjumbotron__content\n\t\t\tjumbotron__content--default\n\t\t\tjumbotron__content--vertical-center\n\t\t\tjumbotron__content--horizontal-left\n\t\t\">\n\t\t<div class=\"jumbotron__content-wrap\">\n\t\t\t<h1 class=\"heading heading__align--left heading__color--white heading__size--big jumbotron__heading\">\n\tDownload Centrum<br>ASW S Serie<\/h1><div class=\"btn__wrap btn__align--left jumbotron__btn\">\n\t\t\t<a href=\"https:\/\/solplanet.net\/nl\/products\/asw-s-serie\/\" class=\"btn btn__color--white btn__size--default btn__size-width--default \" id=\"\" title=\"Meer informatie over de ASW S Serie\" aria-label=\"\">\n\t\t\tMeer informatie over de ASW S Serie\t\t<\/a>\n\t<\/div>\t\t<\/div>\n\t<\/div>\n\n\t<\/div>\t\t\t<\/div>\n\t\t<\/div>\n\t<\/div>\n\n\n<div class=\"wrapper wrapper__bg-color--gallery wrapper__spacing-top-large--30 wrapper__spacing-bottom-large--0\" id=\"\">\n\t<div class=\"wrapper__anchor\" id=\"\"><\/div>\n\t\t\t<div class=\"wrapper__container wrapper__container-width-large--default\">\n\t\t\t<div class=\"wrapper__inner wrapper__width-large--12\">\n\t\t\t\t\n<div class=\"block-group\">\n\t\n<div class=\"wrapper   wrapper__spacing-bottom-large--20\" id=\"\">\n\t<div class=\"wrapper__anchor\" id=\"\"><\/div>\n\t\t\t\n<div class=\"block-heading\">\n\t<h2 class=\"heading heading__align--center heading__color--shaft heading__size--medium block-heading__heading\">\n\tDownloads<\/h2>\t<\/div>\n\t<\/div>\n\n\n<div class=\"wrapper   wrapper__spacing-bottom-large--0\" id=\"\">\n\t<div class=\"wrapper__anchor\" id=\"\"><\/div>\n\t\t\t\n<div class=\"block-featured-posts\">\n\t<div class=\"documents-single\">\n\t\n\t<div class=\"documents-single__accordion js-accordion\">\n\t\t<div class=\"accordion  accordion--type-full accordion--theme-dark js-accordion-parent\" data-accordion-opened=\"true\">\n\t<button class=\"accordion__trigger js-accordion-trigger gtm_question_pt-br\" aria-label=\"Cat\u00e1logo do produto\">\n\t\tCat\u00e1logo do produto\t\t<div class=\"accordion__icon\" aria-hidden=\"true\">\n\t\t\t<svg width=\"30\" height=\"30\" xmlns=\"http:\/\/www.w3.org\/2000\/svg\">\n\t\t\t\t<g transform=\"translate(1 1)\" fill=\"none\" fill-rule=\"evenodd\">\n\t\t\t\t\t<circle stroke=\"#979797\" cx=\"14\" cy=\"14\" r=\"14\" \/>\n\t\t\t\t\t<g stroke=\"#717171\" stroke-linecap=\"square\">\n\t\t\t\t\t\t<path d=\"M6.341 14h14.318M13.969 7v14\" class=\"accordion__icon--plus\" \/>\n\t\t\t\t\t\t<path d=\"M6.341 14h14.318\" class=\"accordion__icon--minus\" \/>\n\t\t\t\t\t<\/g>\n\t\t\t\t<\/g>\n\t\t\t<\/svg>\n\t\t<\/div>\n\t<\/button>\n\t<section class=\"accordion__panel js-accordion-panel\" aria-hidden=\"false\">\n\t\t<div class=\"accordion__content\">\n\t\t\t<ul class=\"documents-details\">\n\t\t\t<li class=\"documents-details__item\">\n\t\t\t<a class=\"documents-details__link\" href=\"https:\/\/solplanet.vcdev.me\/wp-content\/uploads\/2020\/11\/Brochura-Portugue\u0302s-102024.pdf\" download>\n\n\t\t\t\t<div class=\"documents-details__title\">\n\t\t\t\t\tCat\u00e1logo do produto Solplanet\t\t\t\t<\/div>\n\n\t\t\t\t\t\t\t\t<div class=\"documents-details__version\">\n\t\t\t\t\tOct 2023\t\t\t\t<\/div>\n\t\t\t\t\n\t\t\t\t\t\t\t\t\t<div class=\"documents-details__language\">\n\t\t\t\t\t\tIngl\u00eas\t\t\t\t\t<\/div>\n\t\t\t\t\n\t\t\t\t<div class=\"documents-details__action\">\n\t\t\t\t\tpdf\t\t\t\t\t<svg class=\"documents-details__action-icon\" width=\"29\" height=\"30\" xmlns=\"http:\/\/www.w3.org\/2000\/svg\"><path d=\"M28.932 29.619l-.012.024a.661.661 0 01-.513.342l-.02.002-.049.002H.662a.667.667 0 01-.28-.062l-.012-.006a.66.66 0 01-.368-.544L0 29.327v-8.421a.662.662 0 011.321-.05l.002.05v7.759h26.353v-7.759a.662.662 0 011.322-.05l.002.05v8.421l-.004.049-.004.054a.657.657 0 01-.053.176l-.007.013zM14.5 0c.349 0 .635.27.66.612l.002.05-.001 20.062 6.783-6.782a.662.662 0 01.974.894l-.038.042-7.912 7.912-.01.008a.665.665 0 01-.058.05l.068-.058a.665.665 0 01-.172.124l-.01.004a.657.657 0 01-.286.065h-.017c-.011 0-.023 0-.034-.002l.051.002a.665.665 0 01-.292-.067l-.004-.002-.021-.011a.657.657 0 01-.09-.06l-.019-.015-.017-.015a.665.665 0 01-.008-.007L6.12 14.878a.662.662 0 01.894-.974l.042.038 6.782 6.782V.662c0-.366.297-.662.662-.662z\" fill=\"#555\" fill-rule=\"nonzero\" \/><\/svg>\n\t\t\t\t<\/div>\n\t\t\t<\/a>\n\n\t\t<\/li>\n          \t<\/ul>\t\t<\/div>\n\t<\/section>\n<\/div>\t<\/div>\n<\/div><div class=\"documents-single\">\n\t\n\t<div class=\"documents-single__accordion js-accordion\">\n\t\t<div class=\"accordion  accordion--type-full accordion--theme-dark js-accordion-parent\" data-accordion-opened=\"false\">\n\t<button class=\"accordion__trigger js-accordion-trigger gtm_question_pt-br\" aria-label=\"Ficha de dados\">\n\t\tFicha de dados\t\t<div class=\"accordion__icon\" aria-hidden=\"true\">\n\t\t\t<svg width=\"30\" height=\"30\" xmlns=\"http:\/\/www.w3.org\/2000\/svg\">\n\t\t\t\t<g transform=\"translate(1 1)\" fill=\"none\" fill-rule=\"evenodd\">\n\t\t\t\t\t<circle stroke=\"#979797\" cx=\"14\" cy=\"14\" r=\"14\" \/>\n\t\t\t\t\t<g stroke=\"#717171\" stroke-linecap=\"square\">\n\t\t\t\t\t\t<path d=\"M6.341 14h14.318M13.969 7v14\" class=\"accordion__icon--plus\" \/>\n\t\t\t\t\t\t<path d=\"M6.341 14h14.318\" class=\"accordion__icon--minus\" \/>\n\t\t\t\t\t<\/g>\n\t\t\t\t<\/g>\n\t\t\t<\/svg>\n\t\t<\/div>\n\t<\/button>\n\t<section class=\"accordion__panel js-accordion-panel\" aria-hidden=\"true\">\n\t\t<div class=\"accordion__content\">\n\t\t\t<ul class=\"documents-details\">\n\t\t\t<li class=\"documents-details__item\">\n\t\t\t<a class=\"documents-details__link\" href=\"https:\/\/solplanet.vcdev.me\/wp-content\/uploads\/2020\/10\/Datasheet-ASW-S-Series-0921_web.pdf\" download>\n\n\t\t\t\t<div class=\"documents-details__title\">\n\t\t\t\t\tFicha de dados S\u00c9RIE ASW S (3-5kW)\t\t\t\t<\/div>\n\n\t\t\t\t\t\t\t\t<div class=\"documents-details__version\">\n\t\t\t\t\tSep. 2021\t\t\t\t<\/div>\n\t\t\t\t\n\t\t\t\t\t\t\t\t\t<div class=\"documents-details__language\">\n\t\t\t\t\t\tPortugu\u00eas\t\t\t\t\t<\/div>\n\t\t\t\t\n\t\t\t\t<div class=\"documents-details__action\">\n\t\t\t\t\tpdf\t\t\t\t\t<svg class=\"documents-details__action-icon\" width=\"29\" height=\"30\" xmlns=\"http:\/\/www.w3.org\/2000\/svg\"><path d=\"M28.932 29.619l-.012.024a.661.661 0 01-.513.342l-.02.002-.049.002H.662a.667.667 0 01-.28-.062l-.012-.006a.66.66 0 01-.368-.544L0 29.327v-8.421a.662.662 0 011.321-.05l.002.05v7.759h26.353v-7.759a.662.662 0 011.322-.05l.002.05v8.421l-.004.049-.004.054a.657.657 0 01-.053.176l-.007.013zM14.5 0c.349 0 .635.27.66.612l.002.05-.001 20.062 6.783-6.782a.662.662 0 01.974.894l-.038.042-7.912 7.912-.01.008a.665.665 0 01-.058.05l.068-.058a.665.665 0 01-.172.124l-.01.004a.657.657 0 01-.286.065h-.017c-.011 0-.023 0-.034-.002l.051.002a.665.665 0 01-.292-.067l-.004-.002-.021-.011a.657.657 0 01-.09-.06l-.019-.015-.017-.015a.665.665 0 01-.008-.007L6.12 14.878a.662.662 0 01.894-.974l.042.038 6.782 6.782V.662c0-.366.297-.662.662-.662z\" fill=\"#555\" fill-rule=\"nonzero\" \/><\/svg>\n\t\t\t\t<\/div>\n\t\t\t<\/a>\n\n\t\t<\/li>\n          \t\t\t<li class=\"documents-details__item\">\n\t\t\t<a class=\"documents-details__link\" href=\"https:\/\/solplanet.vcdev.me\/wp-content\/uploads\/2020\/10\/Datasheet-ASW-S-Series-0421_en_web.pdf\" download>\n\n\t\t\t\t<div class=\"documents-details__title\">\n\t\t\t\t\tDatasheet ASW-S Series\t\t\t\t<\/div>\n\n\t\t\t\t\t\t\t\t<div class=\"documents-details__version\">\n\t\t\t\t\tApr. 2021\t\t\t\t<\/div>\n\t\t\t\t\n\t\t\t\t\t\t\t\t\t<div class=\"documents-details__language\">\n\t\t\t\t\t\tIngl\u00eas\t\t\t\t\t<\/div>\n\t\t\t\t\n\t\t\t\t<div class=\"documents-details__action\">\n\t\t\t\t\tpdf\t\t\t\t\t<svg class=\"documents-details__action-icon\" width=\"29\" height=\"30\" xmlns=\"http:\/\/www.w3.org\/2000\/svg\"><path d=\"M28.932 29.619l-.012.024a.661.661 0 01-.513.342l-.02.002-.049.002H.662a.667.667 0 01-.28-.062l-.012-.006a.66.66 0 01-.368-.544L0 29.327v-8.421a.662.662 0 011.321-.05l.002.05v7.759h26.353v-7.759a.662.662 0 011.322-.05l.002.05v8.421l-.004.049-.004.054a.657.657 0 01-.053.176l-.007.013zM14.5 0c.349 0 .635.27.66.612l.002.05-.001 20.062 6.783-6.782a.662.662 0 01.974.894l-.038.042-7.912 7.912-.01.008a.665.665 0 01-.058.05l.068-.058a.665.665 0 01-.172.124l-.01.004a.657.657 0 01-.286.065h-.017c-.011 0-.023 0-.034-.002l.051.002a.665.665 0 01-.292-.067l-.004-.002-.021-.011a.657.657 0 01-.09-.06l-.019-.015-.017-.015a.665.665 0 01-.008-.007L6.12 14.878a.662.662 0 01.894-.974l.042.038 6.782 6.782V.662c0-.366.297-.662.662-.662z\" fill=\"#555\" fill-rule=\"nonzero\" \/><\/svg>\n\t\t\t\t<\/div>\n\t\t\t<\/a>\n\n\t\t<\/li>\n          \t<\/ul>\t\t<\/div>\n\t<\/section>\n<\/div>\t<\/div>\n<\/div><div class=\"documents-single\">\n\t\n\t<div class=\"documents-single__accordion js-accordion\">\n\t\t<div class=\"accordion  accordion--type-full accordion--theme-dark js-accordion-parent\" data-accordion-opened=\"false\">\n\t<button class=\"accordion__trigger js-accordion-trigger gtm_question_pt-br\" aria-label=\"Certificado\">\n\t\tCertificado\t\t<div class=\"accordion__icon\" aria-hidden=\"true\">\n\t\t\t<svg width=\"30\" height=\"30\" xmlns=\"http:\/\/www.w3.org\/2000\/svg\">\n\t\t\t\t<g transform=\"translate(1 1)\" fill=\"none\" fill-rule=\"evenodd\">\n\t\t\t\t\t<circle stroke=\"#979797\" cx=\"14\" cy=\"14\" r=\"14\" \/>\n\t\t\t\t\t<g stroke=\"#717171\" stroke-linecap=\"square\">\n\t\t\t\t\t\t<path d=\"M6.341 14h14.318M13.969 7v14\" class=\"accordion__icon--plus\" \/>\n\t\t\t\t\t\t<path d=\"M6.341 14h14.318\" class=\"accordion__icon--minus\" \/>\n\t\t\t\t\t<\/g>\n\t\t\t\t<\/g>\n\t\t\t<\/svg>\n\t\t<\/div>\n\t<\/button>\n\t<section class=\"accordion__panel js-accordion-panel\" aria-hidden=\"true\">\n\t\t<div class=\"accordion__content\">\n\t\t\t\t\t<\/div>\n\t<\/section>\n<\/div>\t<\/div>\n<\/div><div class=\"documents-single\">\n\t\n\t<div class=\"documents-single__accordion js-accordion\">\n\t\t<div class=\"accordion  accordion--type-full accordion--theme-dark js-accordion-parent\" data-accordion-opened=\"false\">\n\t<button class=\"accordion__trigger js-accordion-trigger gtm_question_pt-br\" aria-label=\"Instru\u00e7\u00e3o de instala\u00e7\u00e3o\">\n\t\tInstru\u00e7\u00e3o de instala\u00e7\u00e3o\t\t<div class=\"accordion__icon\" aria-hidden=\"true\">\n\t\t\t<svg width=\"30\" height=\"30\" xmlns=\"http:\/\/www.w3.org\/2000\/svg\">\n\t\t\t\t<g transform=\"translate(1 1)\" fill=\"none\" fill-rule=\"evenodd\">\n\t\t\t\t\t<circle stroke=\"#979797\" cx=\"14\" cy=\"14\" r=\"14\" \/>\n\t\t\t\t\t<g stroke=\"#717171\" stroke-linecap=\"square\">\n\t\t\t\t\t\t<path d=\"M6.341 14h14.318M13.969 7v14\" class=\"accordion__icon--plus\" \/>\n\t\t\t\t\t\t<path d=\"M6.341 14h14.318\" class=\"accordion__icon--minus\" \/>\n\t\t\t\t\t<\/g>\n\t\t\t\t<\/g>\n\t\t\t<\/svg>\n\t\t<\/div>\n\t<\/button>\n\t<section class=\"accordion__panel js-accordion-panel\" aria-hidden=\"true\">\n\t\t<div class=\"accordion__content\">\n\t\t\t<ul class=\"documents-details\">\n\t\t\t<li class=\"documents-details__item\">\n\t\t\t<a class=\"documents-details__link\" href=\"https:\/\/solplanet.vcdev.me\/wp-content\/uploads\/2020\/11\/UM0010_ASW3000-5000-S-for-BR_EN_V01_1021.pdf\" download>\n\n\t\t\t\t<div class=\"documents-details__title\">\n\t\t\t\t\tInstallation Instruction ASW S Series (3-5kW)\t\t\t\t<\/div>\n\n\t\t\t\t\t\t\t\t<div class=\"documents-details__version\">\n\t\t\t\t\tOct. 2021\t\t\t\t<\/div>\n\t\t\t\t\n\t\t\t\t\t\t\t\t\t<div class=\"documents-details__language\">\n\t\t\t\t\t\tIngl\u00eas\t\t\t\t\t<\/div>\n\t\t\t\t\n\t\t\t\t<div class=\"documents-details__action\">\n\t\t\t\t\tpdf\t\t\t\t\t<svg class=\"documents-details__action-icon\" width=\"29\" height=\"30\" xmlns=\"http:\/\/www.w3.org\/2000\/svg\"><path d=\"M28.932 29.619l-.012.024a.661.661 0 01-.513.342l-.02.002-.049.002H.662a.667.667 0 01-.28-.062l-.012-.006a.66.66 0 01-.368-.544L0 29.327v-8.421a.662.662 0 011.321-.05l.002.05v7.759h26.353v-7.759a.662.662 0 011.322-.05l.002.05v8.421l-.004.049-.004.054a.657.657 0 01-.053.176l-.007.013zM14.5 0c.349 0 .635.27.66.612l.002.05-.001 20.062 6.783-6.782a.662.662 0 01.974.894l-.038.042-7.912 7.912-.01.008a.665.665 0 01-.058.05l.068-.058a.665.665 0 01-.172.124l-.01.004a.657.657 0 01-.286.065h-.017c-.011 0-.023 0-.034-.002l.051.002a.665.665 0 01-.292-.067l-.004-.002-.021-.011a.657.657 0 01-.09-.06l-.019-.015-.017-.015a.665.665 0 01-.008-.007L6.12 14.878a.662.662 0 01.894-.974l.042.038 6.782 6.782V.662c0-.366.297-.662.662-.662z\" fill=\"#555\" fill-rule=\"nonzero\" \/><\/svg>\n\t\t\t\t<\/div>\n\t\t\t<\/a>\n\n\t\t<\/li>\n          \t<\/ul>\t\t<\/div>\n\t<\/section>\n<\/div>\t<\/div>\n<\/div><\/div>\n\t<\/div>\n\n<\/div>\n\t\t\t<\/div>\n\t\t<\/div>\n\t<\/div>\n","protected":false},"excerpt":{"rendered":"","protected":false},"author":5,"featured_media":0,"parent":0,"menu_order":0,"comment_status":"closed","ping_status":"closed","template":"","meta":{"content-type":""},"acf":[],"yoast_head":"<!-- This site is optimized with the Yoast SEO plugin v19.7.1 - https:\/\/yoast.com\/wordpress\/plugins\/seo\/ -->\n<title>Inter Solar 2022 - Brazil QR | Solplanet<\/title>\n<meta name=\"description\" content=\"The power of the sun is the future of our planet. Solplanet makes solar for everybody. Easy-to-install, reliable and user-friendly inverters.\" \/>\n<meta name=\"robots\" content=\"index, follow, max-snippet:-1, max-image-preview:large, max-video-preview:-1\" \/>\n<link rel=\"canonical\" href=\"https:\/\/solplanet.vcdev.me\/pt-br\/inter-solar-2022-brazil-qr\/\" \/>\n<meta property=\"og:locale\" content=\"pt_BR\" \/>\n<meta property=\"og:type\" content=\"article\" \/>\n<meta property=\"og:title\" content=\"Inter Solar 2022 - Brazil QR | Solplanet\" \/>\n<meta property=\"og:description\" content=\"The power of the sun is the future of our planet. Solplanet makes solar for everybody. Easy-to-install, reliable and user-friendly inverters.\" \/>\n<meta property=\"og:url\" content=\"https:\/\/solplanet.vcdev.me\/pt-br\/inter-solar-2022-brazil-qr\/\" \/>\n<meta property=\"og:site_name\" content=\"Solplanet\" \/>\n<meta property=\"article:modified_time\" content=\"2022-12-20T10:49:58+00:00\" \/>\n<meta name=\"twitter:card\" content=\"summary_large_image\" \/>\n<script type=\"application\/ld+json\" class=\"yoast-schema-graph\">{\"@context\":\"https:\/\/schema.org\",\"@graph\":[{\"@type\":\"WebPage\",\"@id\":\"https:\/\/solplanet.vcdev.me\/pt-br\/inter-solar-2022-brazil-qr\/\",\"url\":\"https:\/\/solplanet.vcdev.me\/pt-br\/inter-solar-2022-brazil-qr\/\",\"name\":\"Inter Solar 2022 - Brazil QR | Solplanet\",\"isPartOf\":{\"@id\":\"https:\/\/solplanet.vcdev.me\/pt-br\/#website\"},\"datePublished\":\"2022-02-09T13:26:31+00:00\",\"dateModified\":\"2022-12-20T10:49:58+00:00\",\"description\":\"The power of the sun is the future of our planet. Solplanet makes solar for everybody. Easy-to-install, reliable and user-friendly inverters.\",\"breadcrumb\":{\"@id\":\"https:\/\/solplanet.vcdev.me\/pt-br\/inter-solar-2022-brazil-qr\/#breadcrumb\"},\"inLanguage\":\"pt-BR\",\"potentialAction\":[{\"@type\":\"ReadAction\",\"target\":[\"https:\/\/solplanet.vcdev.me\/pt-br\/inter-solar-2022-brazil-qr\/\"]}]},{\"@type\":\"BreadcrumbList\",\"@id\":\"https:\/\/solplanet.vcdev.me\/pt-br\/inter-solar-2022-brazil-qr\/#breadcrumb\",\"itemListElement\":[{\"@type\":\"ListItem\",\"position\":1,\"name\":\"Home\",\"item\":\"https:\/\/solplanet.vcdev.me\/pt-br\/\"},{\"@type\":\"ListItem\",\"position\":2,\"name\":\"Inter Solar 2022 &#8211; Brazil QR\"}]},{\"@type\":\"WebSite\",\"@id\":\"https:\/\/solplanet.vcdev.me\/pt-br\/#website\",\"url\":\"https:\/\/solplanet.vcdev.me\/pt-br\/\",\"name\":\"Solplanet\",\"description\":\"make solar for everybody\",\"publisher\":{\"@id\":\"https:\/\/solplanet.vcdev.me\/pt-br\/#organization\"},\"potentialAction\":[{\"@type\":\"SearchAction\",\"target\":{\"@type\":\"EntryPoint\",\"urlTemplate\":\"https:\/\/solplanet.vcdev.me\/pt-br\/?s={search_term_string}\"},\"query-input\":\"required name=search_term_string\"}],\"inLanguage\":\"pt-BR\"},{\"@type\":\"Organization\",\"@id\":\"https:\/\/solplanet.vcdev.me\/pt-br\/#organization\",\"name\":\"Solplanet\",\"url\":\"https:\/\/solplanet.vcdev.me\/pt-br\/\",\"sameAs\":[],\"logo\":{\"@type\":\"ImageObject\",\"inLanguage\":\"pt-BR\",\"@id\":\"https:\/\/solplanet.vcdev.me\/pt-br\/#\/schema\/logo\/image\/\",\"url\":\"https:\/\/solplanet.net\/wp-content\/uploads\/2020\/11\/Solplanet-LinkedInIcon.jpg\",\"contentUrl\":\"https:\/\/solplanet.net\/wp-content\/uploads\/2020\/11\/Solplanet-LinkedInIcon.jpg\",\"width\":500,\"height\":500,\"caption\":\"Solplanet\"},\"image\":{\"@id\":\"https:\/\/solplanet.vcdev.me\/pt-br\/#\/schema\/logo\/image\/\"}}]}<\/script>\n<!-- \/ Yoast SEO plugin. -->","yoast_head_json":{"title":"Inter Solar 2022 - Brazil QR | Solplanet","description":"The power of the sun is the future of our planet. Solplanet makes solar for everybody. Easy-to-install, reliable and user-friendly inverters.","robots":{"index":"index","follow":"follow","max-snippet":"max-snippet:-1","max-image-preview":"max-image-preview:large","max-video-preview":"max-video-preview:-1"},"canonical":"https:\/\/solplanet.vcdev.me\/pt-br\/inter-solar-2022-brazil-qr\/","og_locale":"pt_BR","og_type":"article","og_title":"Inter Solar 2022 - Brazil QR | Solplanet","og_description":"The power of the sun is the future of our planet. Solplanet makes solar for everybody. Easy-to-install, reliable and user-friendly inverters.","og_url":"https:\/\/solplanet.vcdev.me\/pt-br\/inter-solar-2022-brazil-qr\/","og_site_name":"Solplanet","article_modified_time":"2022-12-20T10:49:58+00:00","twitter_card":"summary_large_image","schema":{"@context":"https:\/\/schema.org","@graph":[{"@type":"WebPage","@id":"https:\/\/solplanet.vcdev.me\/pt-br\/inter-solar-2022-brazil-qr\/","url":"https:\/\/solplanet.vcdev.me\/pt-br\/inter-solar-2022-brazil-qr\/","name":"Inter Solar 2022 - Brazil QR | Solplanet","isPartOf":{"@id":"https:\/\/solplanet.vcdev.me\/pt-br\/#website"},"datePublished":"2022-02-09T13:26:31+00:00","dateModified":"2022-12-20T10:49:58+00:00","description":"The power of the sun is the future of our planet. Solplanet makes solar for everybody. Easy-to-install, reliable and user-friendly inverters.","breadcrumb":{"@id":"https:\/\/solplanet.vcdev.me\/pt-br\/inter-solar-2022-brazil-qr\/#breadcrumb"},"inLanguage":"pt-BR","potentialAction":[{"@type":"ReadAction","target":["https:\/\/solplanet.vcdev.me\/pt-br\/inter-solar-2022-brazil-qr\/"]}]},{"@type":"BreadcrumbList","@id":"https:\/\/solplanet.vcdev.me\/pt-br\/inter-solar-2022-brazil-qr\/#breadcrumb","itemListElement":[{"@type":"ListItem","position":1,"name":"Home","item":"https:\/\/solplanet.vcdev.me\/pt-br\/"},{"@type":"ListItem","position":2,"name":"Inter Solar 2022 &#8211; Brazil QR"}]},{"@type":"WebSite","@id":"https:\/\/solplanet.vcdev.me\/pt-br\/#website","url":"https:\/\/solplanet.vcdev.me\/pt-br\/","name":"Solplanet","description":"make solar for everybody","publisher":{"@id":"https:\/\/solplanet.vcdev.me\/pt-br\/#organization"},"potentialAction":[{"@type":"SearchAction","target":{"@type":"EntryPoint","urlTemplate":"https:\/\/solplanet.vcdev.me\/pt-br\/?s={search_term_string}"},"query-input":"required name=search_term_string"}],"inLanguage":"pt-BR"},{"@type":"Organization","@id":"https:\/\/solplanet.vcdev.me\/pt-br\/#organization","name":"Solplanet","url":"https:\/\/solplanet.vcdev.me\/pt-br\/","sameAs":[],"logo":{"@type":"ImageObject","inLanguage":"pt-BR","@id":"https:\/\/solplanet.vcdev.me\/pt-br\/#\/schema\/logo\/image\/","url":"https:\/\/solplanet.net\/wp-content\/uploads\/2020\/11\/Solplanet-LinkedInIcon.jpg","contentUrl":"https:\/\/solplanet.net\/wp-content\/uploads\/2020\/11\/Solplanet-LinkedInIcon.jpg","width":500,"height":500,"caption":"Solplanet"},"image":{"@id":"https:\/\/solplanet.vcdev.me\/pt-br\/#\/schema\/logo\/image\/"}}]}},"_links":{"self":[{"href":"https:\/\/solplanet.vcdev.me\/pt-br\/wp-json\/wp\/v2\/pages\/14782"}],"collection":[{"href":"https:\/\/solplanet.vcdev.me\/pt-br\/wp-json\/wp\/v2\/pages"}],"about":[{"href":"https:\/\/solplanet.vcdev.me\/pt-br\/wp-json\/wp\/v2\/types\/page"}],"author":[{"embeddable":true,"href":"https:\/\/solplanet.vcdev.me\/pt-br\/wp-json\/wp\/v2\/users\/5"}],"replies":[{"embeddable":true,"href":"https:\/\/solplanet.vcdev.me\/pt-br\/wp-json\/wp\/v2\/comments?post=14782"}],"version-history":[{"count":9,"href":"https:\/\/solplanet.vcdev.me\/pt-br\/wp-json\/wp\/v2\/pages\/14782\/revisions"}],"predecessor-version":[{"id":29511,"href":"https:\/\/solplanet.vcdev.me\/pt-br\/wp-json\/wp\/v2\/pages\/14782\/revisions\/29511"}],"wp:attachment":[{"href":"https:\/\/solplanet.vcdev.me\/pt-br\/wp-json\/wp\/v2\/media?parent=14782"}],"curies":[{"name":"wp","href":"https:\/\/api.w.org\/{rel}","templated":true}]}}