{"id":54671,"date":"2023-06-28T06:54:57","date_gmt":"2023-06-28T06:54:57","guid":{"rendered":"https:\/\/solplanet.net\/?page_id=54671"},"modified":"2023-10-13T08:34:06","modified_gmt":"2023-10-13T08:34:06","slug":"instalatorzy-pomp-ciepla","status":"publish","type":"page","link":"https:\/\/solplanet.vcdev.me\/pl\/instalatorzy-pomp-ciepla\/","title":{"rendered":"Instalatorzy pomp ciep\u0142a"},"content":{"rendered":"<div class=\"wrapper   wrapper__spacing-bottom-large--0\" id=\"\">\n\t<div class=\"wrapper__anchor\" id=\"\"><\/div>\n\t\t\t<div class=\"wrapper__container\">\n\t\t\t<div class=\"wrapper__inner wrapper__width-large--12\">\n\t\t\t\t<div class=\"jumbotron block-jumbotron__jumbotron\">\n\n\t<div style=\"background-image:url(https:\/\/solplanet.net\/wp-content\/uploads\/2023\/06\/Solplanet-Pumps-installer-Jumbotron.jpg)\" class=\"image-bg jumbotron__image-bg\"><\/div>\n\t<div class=\"jumbotron__mask jumbotron__mask-type--\"><\/div>\n\n\t<div class=\"\n\t\t\tjumbotron__content\n\t\t\tjumbotron__content--default\n\t\t\tjumbotron__content--vertical-center\n\t\t\tjumbotron__content--horizontal-left\n\t\t\">\n\t\t<div class=\"jumbotron__content-wrap\">\n\t\t\t<p class=\"paragraph paragraph__color--white paragraph__align--left paragraph__size--default jumbotron__intro\">\n\tPompy ciep\u0142a<\/p><h1 class=\"heading heading__align--left heading__color--white heading__size--big jumbotron__heading\">\n\tStrefa instalatora<\/h1>\t\t<\/div>\n\t<\/div>\n\n\t<\/div>\t\t\t<\/div>\n\t\t<\/div>\n\t<\/div>\n\n\n<div class=\"wrapper  wrapper__spacing-top-large--100 wrapper__spacing-bottom-large---10\" id=\"\">\n\t<div class=\"wrapper__anchor\" id=\"wspolpraca\"><\/div>\n\t\t\t<div class=\"wrapper__container wrapper__container-width-large--default wrapper__gutter-large--default wrapper__gutter-tablet--small\">\n\t\t\t<div class=\"wrapper__inner wrapper__width-large--12\">\n\t\t\t\t\n<div class=\"block-heading\">\n\t<h2 class=\"heading heading__align--center heading__color--sunsetToDodger heading__size--default block-heading__heading heading__color--is-gradient\">\n\tWsp\u00f3\u0142praca<\/h2>\t<\/div>\n\t\t\t<\/div>\n\t\t<\/div>\n\t<\/div>\n\n\n<div class=\"wrapper  wrapper__spacing-top-large--50 wrapper__spacing-bottom-large--60\" id=\"\">\n\t<div class=\"wrapper__anchor\" id=\"\"><\/div>\n\t\t\t<div class=\"wrapper__container wrapper__container-width-large--default wrapper__gutter-large--default wrapper__gutter-tablet--small\">\n\t\t\t<div class=\"wrapper__inner wrapper__width-large--8 wrapper__offset-large--2\">\n\t\t\t\t<p class=\"paragraph paragraph__color--dove paragraph__align--left paragraph__size--default block-paragraph__paragraph\">\n\tNawi\u0105zuj\u0105c z nami wsp\u00f3\u0142prac\u0119, mog\u0105 Pa\u0144stwo liczy\u0107 na nasze lokalne wsparcie w pe\u0142nym zakresie. Pocz\u0105wszy od pomocy przy doborze odpowiedniego urz\u0105dzenia, przygotowaniu i wykonaniu instalacji, a sko\u0144czywszy na kompletnej obs\u0142udze posprzeda\u017cowej oraz serwisowej.<br><br>Posiadamy infolini\u0119 techniczn\u0105 czynn\u0105 od poniedzia\u0142ku do pi\u0105tku w godzinach 8-18, aby zapewni\u0107 komfort dla instalatora, a tak\u017ce u\u017cytkownik\u00f3w naszych pomp ciep\u0142a. Dodatkowo, dedykowany dzia\u0142 wsparcia technicznego odpowie na ka\u017cde niecierpi\u0105ce zw\u0142oki zapytanie.\u00a0\u00a0<br><br>Prowadzimy szkolenia dla instalator\u00f3w, dbaj\u0105c tym samym o jako\u015b\u0107 wykonanych instalacji z pompami ciep\u0142a Solplanet.<br>\u00a0<br>Indywidualnie wyszkolone wysoko wykwalifikowane ekipy serwisowe zatroszcz\u0105 si\u0119 o bezawaryjn\u0105 prac\u0119 urz\u0105dze\u0144, gwarantuj\u0105c zadowolenie Pa\u0144stwa klient\u00f3w.\u00a0\u00a0<br>\u00a0<br>Zesp\u00f3\u0142 Solplanet Polska jest do Pa\u0144stwa dyspozycji. Zapraszamy do kontaktu.<\/p>\t\t\t<\/div>\n\t\t<\/div>\n\t<\/div>\n\n\n<div class=\"wrapper   wrapper__spacing-bottom-large--0  wrapper__divider-top-large\" id=\"\">\n\t<div class=\"wrapper__anchor\" id=\"szkolenia\"><\/div>\n\t\t\t<div class=\"wrapper__container  wrapper__gutter-large--none\">\n\t\t\t<div class=\"wrapper__inner wrapper__width-large--12\">\n\t\t\t\t\n<div class=\"block-card-list block-card-list__media-position--left\">\n\n\t\t\t<div class=\"block-card-list__media\">\n\t\t\t<div class=\"block-card-list__media-inner\">\n\t\t\t\t<div style=\"background-image:url(https:\/\/solplanet.net\/wp-content\/uploads\/2023\/06\/Solplanet-Installer-HeatPump.jpg)\" class=\"image-bg block-card-list__image-bg\"><\/div>\t\t\t<\/div>\n\t\t<\/div>\n\t\n\t<div class=\"block-card-list__content\">\n\t\t<div class=\"block-card-list__content-inner\">\n\t\t\t\n<div class=\"wrapper   wrapper__spacing-bottom-large--20\" id=\"\">\n\t<div class=\"wrapper__anchor\" id=\"\"><\/div>\n\t\t\t\t<\/div>\n\n\n<div class=\"wrapper   wrapper__spacing-bottom-large--40\" id=\"\">\n\t<div class=\"wrapper__anchor\" id=\"\"><\/div>\n\t\t\t\n<div class=\"block-heading\">\n\t<h2 class=\"heading heading__align--left heading__color--sunsetToDodger heading__size--default block-heading__heading heading__color--is-gradient\">\n\tSolplanet zaprasza na cykl szkole\u0144 dla instalator\u00f3w!<\/h2>\t<\/div>\n\t<\/div>\n\n\n<div class=\"wrapper   wrapper__spacing-bottom-large--110\" id=\"\">\n\t<div class=\"wrapper__anchor\" id=\"\"><\/div>\n\t\t\t<p class=\"paragraph paragraph__color--dove paragraph__align--left paragraph__size--default block-paragraph__paragraph\">\n\tPoni\u017cej znajdziesz na bie\u017c\u0105co aktualizowan\u0105 list\u0119 szkole\u0144 organizowanych przez naszych in\u017cynier\u00f3w, jak r\u00f3wnie\u017c z naszymi Partnerami.<br>Serdecznie zapraszamy do aktywnego udzia\u0142u w spotkaniach.<br><br>Wsparcie dla instalator\u00f3w to dla nas priorytet!<\/p>\t<\/div>\n\n\n<div class=\"wrapper   wrapper__spacing-bottom-large--0\" id=\"\">\n\t<div class=\"wrapper__anchor\" id=\"\"><\/div>\n\t\t\t<div class=\"btn__wrap btn__align--left block-button__btn\">\n\t\t\t<a href=\"https:\/\/info.solplanet.net\/szkolenia-solplanet\/\" class=\"btn btn__color--alto btn__size--default btn__size-width--default     gtm_contactus \" id=\"\" title=\"Lista szkole\u0144\" aria-label=\"\" target=\"_blank\" rel=\"noopener noreferrer\">\n\t\t\tLista szkole\u0144\t\t<\/a>\n\t<\/div>\t<\/div>\n\n\t\t<\/div>\n\t<\/div>\n<\/div>\n\n\n\t\t\t<\/div>\n\t\t<\/div>\n\t<\/div>\n\n\n<div class=\"wrapper   wrapper__spacing-bottom-large--0  wrapper__divider-top-large\" id=\"\">\n\t<div class=\"wrapper__anchor\" id=\"claims\"><\/div>\n\t\t\t<div class=\"wrapper__container  wrapper__gutter-large--none\">\n\t\t\t<div class=\"wrapper__inner wrapper__width-large--12\">\n\t\t\t\t\n<div class=\"block-card-list block-card-list__media-position--right\">\n\n\t\t\t<div class=\"block-card-list__media\">\n\t\t\t<div class=\"block-card-list__media-inner\">\n\t\t\t\t<div style=\"background-image:url(https:\/\/solplanet.net\/wp-content\/uploads\/2023\/06\/Solplanet-AirPower_situ.jpg)\" class=\"image-bg block-card-list__image-bg\"><\/div>\t\t\t<\/div>\n\t\t<\/div>\n\t\n\t<div class=\"block-card-list__content\">\n\t\t<div class=\"block-card-list__content-inner\">\n\t\t\t\n<div class=\"wrapper   wrapper__spacing-bottom-large--40\" id=\"\">\n\t<div class=\"wrapper__anchor\" id=\"pierwsze\"><\/div>\n\t\t\t\n<div class=\"block-heading\">\n\t<h2 class=\"heading heading__align--left heading__color--sunsetToDodger heading__size--default block-heading__heading heading__color--is-gradient\">\n\tPierwsze uruchomienie<\/h2>\t<\/div>\n\t<\/div>\n\n\n<div class=\"wrapper   wrapper__spacing-bottom-large--110\" id=\"\">\n\t<div class=\"wrapper__anchor\" id=\"\"><\/div>\n\t\t\t<p class=\"paragraph paragraph__color--dove paragraph__align--left paragraph__size--default block-paragraph__paragraph\">\n\tSprawdzenie instalacji przed startem urz\u0105dzenia oraz uruchomienie przez Autoryzowanego Partnera Serwisowego daje Pa\u0144stwu pewno\u015b\u0107, \u017ce system zosta\u0142 prawid\u0142owo zamontowany, a tym samym ogranicza ryzyko reklamacji. W ten spos\u00f3b zar\u00f3wno Pa\u0144stwo jak i u\u017cytkownicy mog\u0105 spa\u0107 spokojnie.<br>\u00a0<br>Zg\u0142o\u015b urz\u0105dzenie do autoryzowanego uruchomienia. Wype\u0142nij formularz i um\u00f3w si\u0119 na uruchomienie urz\u0105dzenia.<br><\/p>\t<\/div>\n\n\n<div class=\"wrapper   wrapper__spacing-bottom-large--0\" id=\"\">\n\t<div class=\"wrapper__anchor\" id=\"\"><\/div>\n\t\t\t<div class=\"btn__wrap btn__align--left block-button__btn\">\n\t\t\t<a href=\"https:\/\/solplanet.net\/pl\/kontakt\/#contact\" class=\"btn btn__color--alto btn__size--default btn__size-width--default     gtm_selectcountry \" id=\"\" title=\"Zg\u0142oszenie uruchomienia\u00a0\u00a0\" aria-label=\"\" target=\"_blank\" rel=\"noopener noreferrer\">\n\t\t\tZg\u0142oszenie uruchomienia\u00a0\u00a0\t\t<\/a>\n\t<\/div>\t<\/div>\n\n\n<div class=\"wrapper   wrapper__spacing-bottom-large--0\" id=\"\">\n\t<div class=\"wrapper__anchor\" id=\"\"><\/div>\n\t\t\t\t<\/div>\n\n\t\t<\/div>\n\t<\/div>\n<\/div>\n\n\n\t\t\t<\/div>\n\t\t<\/div>\n\t<\/div>\n\n\n<div class=\"wrapper   wrapper__spacing-bottom-large--0  wrapper__divider-top-large\" id=\"\">\n\t<div class=\"wrapper__anchor\" id=\"wsparcie\"><\/div>\n\t\t\t<div class=\"wrapper__container  wrapper__gutter-large--none\">\n\t\t\t<div class=\"wrapper__inner wrapper__width-large--12\">\n\t\t\t\t\n<div class=\"block-card-list block-card-list__media-position--left\">\n\n\t\t\t<div class=\"block-card-list__media\">\n\t\t\t<div class=\"block-card-list__media-inner\">\n\t\t\t\t<div style=\"background-image:url(https:\/\/solplanet.net\/wp-content\/uploads\/2023\/06\/Solplanet-TechnicalSupport.jpg)\" class=\"image-bg block-card-list__image-bg\"><\/div>\t\t\t<\/div>\n\t\t<\/div>\n\t\n\t<div class=\"block-card-list__content\">\n\t\t<div class=\"block-card-list__content-inner\">\n\t\t\t\n<div class=\"wrapper   wrapper__spacing-bottom-large--40\" id=\"\">\n\t<div class=\"wrapper__anchor\" id=\"\"><\/div>\n\t\t\t\n<div class=\"block-heading\">\n\t<h2 class=\"heading heading__align--left heading__color--sunsetToDodger heading__size--default block-heading__heading heading__color--is-gradient\">\n\tWsparcie techniczne<\/h2>\t<\/div>\n\t<\/div>\n\n\n<div class=\"wrapper   wrapper__spacing-bottom-large--110\" id=\"\">\n\t<div class=\"wrapper__anchor\" id=\"\"><\/div>\n\t\t\t<p class=\"paragraph paragraph__color--dove paragraph__align--left paragraph__size--default block-paragraph__paragraph\">\n\tJak mo\u017cemy Ci pom\u00f3c? W ramach us\u0142ugi wsparcia doradzamy w zakresie mo\u017cliwych do zastosowania rozwi\u0105za\u0144 oraz pomagamy w doborze odpowiednich urz\u0105dze\u0144. W przypadku pojawiaj\u0105cych si\u0119 problem\u00f3w pomagamy w analizie oraz ich rozwi\u0105zywaniu.<br><br>Specjali\u015bci z wieloletnim do\u015bwiadczeniem czekaj\u0105 na Twoje pytania. Skorzystaj z naszego wsparcia technicznego.<\/p>\t<\/div>\n\n\n<div class=\"wrapper   wrapper__spacing-bottom-large--0\" id=\"\">\n\t<div class=\"wrapper__anchor\" id=\"\"><\/div>\n\t\t\t<div class=\"btn__wrap btn__align--left block-button__btn\">\n\t\t\t<a href=\"https:\/\/solplanet.net\/pl\/kontakt\/#contact\" class=\"btn btn__color--alto btn__size--default btn__size-width--default     gtm_contactus \" id=\"\" title=\"Zg\u0142oszenie sprawy\" aria-label=\"\" target=\"_blank\" rel=\"noopener noreferrer\">\n\t\t\tZg\u0142oszenie sprawy\t\t<\/a>\n\t<\/div>\t<\/div>\n\n\t\t<\/div>\n\t<\/div>\n<\/div>\n\n\n\t\t\t<\/div>\n\t\t<\/div>\n\t<\/div>\n\n\n<div class=\"wrapper  wrapper__spacing-top-large--140 wrapper__spacing-bottom-large--20  wrapper__divider-top-large\" id=\"\">\n\t<div class=\"wrapper__anchor\" id=\"dystrybutorzy\"><\/div>\n\t\t\t<div class=\"wrapper__container wrapper__container-width-large--small wrapper__gutter-large--default wrapper__gutter-tablet--small\">\n\t\t\t<div class=\"wrapper__inner wrapper__width-large--12\">\n\t\t\t\t\n<div class=\"block-group\">\n\t\n<div class=\"wrapper   wrapper__spacing-bottom-large--20\" id=\"\">\n\t<div class=\"wrapper__anchor\" id=\"dystrybutora\"><\/div>\n\t\t\t\n<div class=\"block-heading\">\n\t<h2 class=\"heading heading__align--center heading__color--sunsetToDodger heading__size--default block-heading__heading heading__color--is-gradient\">\n\tZnajd\u017a dystrybutora<\/h2>\t<\/div>\n\t<\/div>\n\n\n<div class=\"wrapper   wrapper__spacing-bottom-large--90\" id=\"\">\n\t<div class=\"wrapper__anchor\" id=\"\"><\/div>\n\t\t\t<p class=\"paragraph paragraph__color--dove paragraph__align--center paragraph__size--default block-paragraph__paragraph\">\n\tWybierz dystrybutora z kt\u00f3rym chcia\u0142by\u015b wsp\u00f3\u0142pracowa\u0107.<\/p>\t<\/div>\n\n\n<div class=\"wrapper   wrapper__spacing-bottom-large--80\" id=\"\">\n\t<div class=\"wrapper__anchor\" id=\"\"><\/div>\n\t\t\t\n<div class=\"block-cards-grid js-block-cards-grid\" data-items-per-line=\"3\">\n\t\n<div class=\"card-simple block-card__card-simple\">\n\t\n\t\t\t\t\t<div class=\"card-simple__intro js-card-simple-intro\">\n\t\t\t\t<h2 class=\"heading heading__align--center heading__color--shaft heading__size--small card-simple__heading\">\n\tEMITER Sp. z o.o.<\/h2><h2 class=\"heading heading__align--center heading__color--dove heading__size--small card-simple__subheading\">\n\tPolska<\/h2>\t\t\t<\/div>\n\t\t\n\t\t\t\t\t<div class=\"card-simple__media js-card-simple-media\">\n\t\t\t\t<img src=\"https:\/\/solplanet.net\/wp-content\/uploads\/2023\/06\/emiter_logo_SolplanetGray-.png\" class=\"image card-simple__image\" \/>\t\t\t<\/div>\n\t\t\n\t\t\t\t\t<div class=\"card-simple__outro card-simple__outro--has-button\">\n\t\t\t\t<div class=\"btn__wrap btn__align--center card-simple__btn\">\n\t\t\t<a href=\"https:\/\/www.emiter.net.pl\/kontakt\/kontakt.html\" class=\"btn btn__color--alto btn__size--default btn__size-width--default \" id=\"\" title=\"Odwied\u017a\" aria-label=\"\" target=\"_blank\" rel=\"noopener noreferrer\">\n\t\t\tOdwied\u017a\t\t<\/a>\n\t<\/div>\t\t\t<\/div>\n\t\t\n\t\t\n\t<\/div>\n\n<div class=\"card-simple block-card__card-simple\">\n\t\n\t\t\t\t\t<div class=\"card-simple__intro js-card-simple-intro\">\n\t\t\t\t<h2 class=\"heading heading__align--center heading__color--shaft heading__size--small card-simple__heading\">\n\tMPL Energy Sp. z o.o.<\/h2><h2 class=\"heading heading__align--center heading__color--dove heading__size--small card-simple__subheading\">\n\tPolska<\/h2>\t\t\t<\/div>\n\t\t\n\t\t\t\t\t<div class=\"card-simple__media js-card-simple-media\">\n\t\t\t\t<img src=\"https:\/\/solplanet.net\/wp-content\/uploads\/2023\/06\/MPL_Energy.png\" class=\"image card-simple__image\" \/>\t\t\t<\/div>\n\t\t\n\t\t\t\t\t<div class=\"card-simple__outro card-simple__outro--has-button\">\n\t\t\t\t<div class=\"btn__wrap btn__align--center card-simple__btn\">\n\t\t\t<a href=\"https:\/\/mplenergy.pl\/kontakt\/\" class=\"btn btn__color--alto btn__size--default btn__size-width--default \" id=\"\" title=\"Odwied\u017a\" aria-label=\"\" target=\"_blank\" rel=\"noopener noreferrer\">\n\t\t\tOdwied\u017a\t\t<\/a>\n\t<\/div>\t\t\t<\/div>\n\t\t\n\t\t\n\t<\/div>\n<\/div>\n\t<\/div>\n\n<\/div>\n\t\t\t<\/div>\n\t\t<\/div>\n\t<\/div>\n","protected":false},"excerpt":{"rendered":"","protected":false},"author":7,"featured_media":0,"parent":0,"menu_order":0,"comment_status":"closed","ping_status":"closed","template":"","meta":{"content-type":""},"acf":[],"yoast_head":"<!-- This site is optimized with the Yoast SEO plugin v19.7.1 - https:\/\/yoast.com\/wordpress\/plugins\/seo\/ -->\n<title>Instalatorzy pomp ciep\u0142a | Solplanet<\/title>\n<meta name=\"description\" content=\"The power of the sun is the future of our planet. Solplanet makes solar for everybody. Easy-to-install, reliable and user-friendly inverters.\" \/>\n<meta name=\"robots\" content=\"noindex, nofollow\" \/>\n<meta property=\"og:locale\" content=\"pl_PL\" \/>\n<meta property=\"og:type\" content=\"article\" \/>\n<meta property=\"og:title\" content=\"Instalatorzy pomp ciep\u0142a | Solplanet\" \/>\n<meta property=\"og:description\" content=\"The power of the sun is the future of our planet. Solplanet makes solar for everybody. Easy-to-install, reliable and user-friendly inverters.\" \/>\n<meta property=\"og:url\" content=\"https:\/\/solplanet.vcdev.me\/pl\/instalatorzy-pomp-ciepla\/\" \/>\n<meta property=\"og:site_name\" content=\"Solplanet\" \/>\n<meta property=\"article:modified_time\" content=\"2023-10-13T08:34:06+00:00\" \/>\n<meta name=\"twitter:card\" content=\"summary_large_image\" \/>\n<script type=\"application\/ld+json\" class=\"yoast-schema-graph\">{\"@context\":\"https:\/\/schema.org\",\"@graph\":[{\"@type\":\"WebPage\",\"@id\":\"https:\/\/solplanet.vcdev.me\/pl\/instalatorzy-pomp-ciepla\/\",\"url\":\"https:\/\/solplanet.vcdev.me\/pl\/instalatorzy-pomp-ciepla\/\",\"name\":\"Instalatorzy pomp ciep\u0142a | Solplanet\",\"isPartOf\":{\"@id\":\"https:\/\/solplanet.vcdev.me\/pl\/#website\"},\"datePublished\":\"2023-06-28T06:54:57+00:00\",\"dateModified\":\"2023-10-13T08:34:06+00:00\",\"description\":\"The power of the sun is the future of our planet. Solplanet makes solar for everybody. Easy-to-install, reliable and user-friendly inverters.\",\"breadcrumb\":{\"@id\":\"https:\/\/solplanet.vcdev.me\/pl\/instalatorzy-pomp-ciepla\/#breadcrumb\"},\"inLanguage\":\"pl-PL\",\"potentialAction\":[{\"@type\":\"ReadAction\",\"target\":[\"https:\/\/solplanet.vcdev.me\/pl\/instalatorzy-pomp-ciepla\/\"]}]},{\"@type\":\"BreadcrumbList\",\"@id\":\"https:\/\/solplanet.vcdev.me\/pl\/instalatorzy-pomp-ciepla\/#breadcrumb\",\"itemListElement\":[{\"@type\":\"ListItem\",\"position\":1,\"name\":\"Home\",\"item\":\"https:\/\/solplanet.vcdev.me\/pl\/\"},{\"@type\":\"ListItem\",\"position\":2,\"name\":\"Instalatorzy pomp ciep\u0142a\"}]},{\"@type\":\"WebSite\",\"@id\":\"https:\/\/solplanet.vcdev.me\/pl\/#website\",\"url\":\"https:\/\/solplanet.vcdev.me\/pl\/\",\"name\":\"Solplanet\",\"description\":\"make solar for everybody\",\"publisher\":{\"@id\":\"https:\/\/solplanet.vcdev.me\/pl\/#organization\"},\"potentialAction\":[{\"@type\":\"SearchAction\",\"target\":{\"@type\":\"EntryPoint\",\"urlTemplate\":\"https:\/\/solplanet.vcdev.me\/pl\/?s={search_term_string}\"},\"query-input\":\"required name=search_term_string\"}],\"inLanguage\":\"pl-PL\"},{\"@type\":\"Organization\",\"@id\":\"https:\/\/solplanet.vcdev.me\/pl\/#organization\",\"name\":\"Solplanet\",\"url\":\"https:\/\/solplanet.vcdev.me\/pl\/\",\"sameAs\":[],\"logo\":{\"@type\":\"ImageObject\",\"inLanguage\":\"pl-PL\",\"@id\":\"https:\/\/solplanet.vcdev.me\/pl\/#\/schema\/logo\/image\/\",\"url\":\"https:\/\/solplanet.net\/wp-content\/uploads\/2020\/11\/Solplanet-LinkedInIcon.jpg\",\"contentUrl\":\"https:\/\/solplanet.net\/wp-content\/uploads\/2020\/11\/Solplanet-LinkedInIcon.jpg\",\"width\":500,\"height\":500,\"caption\":\"Solplanet\"},\"image\":{\"@id\":\"https:\/\/solplanet.vcdev.me\/pl\/#\/schema\/logo\/image\/\"}}]}<\/script>\n<!-- \/ Yoast SEO plugin. -->","yoast_head_json":{"title":"Instalatorzy pomp ciep\u0142a | Solplanet","description":"The power of the sun is the future of our planet. Solplanet makes solar for everybody. Easy-to-install, reliable and user-friendly inverters.","robots":{"index":"noindex","follow":"nofollow"},"og_locale":"pl_PL","og_type":"article","og_title":"Instalatorzy pomp ciep\u0142a | Solplanet","og_description":"The power of the sun is the future of our planet. Solplanet makes solar for everybody. Easy-to-install, reliable and user-friendly inverters.","og_url":"https:\/\/solplanet.vcdev.me\/pl\/instalatorzy-pomp-ciepla\/","og_site_name":"Solplanet","article_modified_time":"2023-10-13T08:34:06+00:00","twitter_card":"summary_large_image","schema":{"@context":"https:\/\/schema.org","@graph":[{"@type":"WebPage","@id":"https:\/\/solplanet.vcdev.me\/pl\/instalatorzy-pomp-ciepla\/","url":"https:\/\/solplanet.vcdev.me\/pl\/instalatorzy-pomp-ciepla\/","name":"Instalatorzy pomp ciep\u0142a | Solplanet","isPartOf":{"@id":"https:\/\/solplanet.vcdev.me\/pl\/#website"},"datePublished":"2023-06-28T06:54:57+00:00","dateModified":"2023-10-13T08:34:06+00:00","description":"The power of the sun is the future of our planet. Solplanet makes solar for everybody. Easy-to-install, reliable and user-friendly inverters.","breadcrumb":{"@id":"https:\/\/solplanet.vcdev.me\/pl\/instalatorzy-pomp-ciepla\/#breadcrumb"},"inLanguage":"pl-PL","potentialAction":[{"@type":"ReadAction","target":["https:\/\/solplanet.vcdev.me\/pl\/instalatorzy-pomp-ciepla\/"]}]},{"@type":"BreadcrumbList","@id":"https:\/\/solplanet.vcdev.me\/pl\/instalatorzy-pomp-ciepla\/#breadcrumb","itemListElement":[{"@type":"ListItem","position":1,"name":"Home","item":"https:\/\/solplanet.vcdev.me\/pl\/"},{"@type":"ListItem","position":2,"name":"Instalatorzy pomp ciep\u0142a"}]},{"@type":"WebSite","@id":"https:\/\/solplanet.vcdev.me\/pl\/#website","url":"https:\/\/solplanet.vcdev.me\/pl\/","name":"Solplanet","description":"make solar for everybody","publisher":{"@id":"https:\/\/solplanet.vcdev.me\/pl\/#organization"},"potentialAction":[{"@type":"SearchAction","target":{"@type":"EntryPoint","urlTemplate":"https:\/\/solplanet.vcdev.me\/pl\/?s={search_term_string}"},"query-input":"required name=search_term_string"}],"inLanguage":"pl-PL"},{"@type":"Organization","@id":"https:\/\/solplanet.vcdev.me\/pl\/#organization","name":"Solplanet","url":"https:\/\/solplanet.vcdev.me\/pl\/","sameAs":[],"logo":{"@type":"ImageObject","inLanguage":"pl-PL","@id":"https:\/\/solplanet.vcdev.me\/pl\/#\/schema\/logo\/image\/","url":"https:\/\/solplanet.net\/wp-content\/uploads\/2020\/11\/Solplanet-LinkedInIcon.jpg","contentUrl":"https:\/\/solplanet.net\/wp-content\/uploads\/2020\/11\/Solplanet-LinkedInIcon.jpg","width":500,"height":500,"caption":"Solplanet"},"image":{"@id":"https:\/\/solplanet.vcdev.me\/pl\/#\/schema\/logo\/image\/"}}]}},"_links":{"self":[{"href":"https:\/\/solplanet.vcdev.me\/pl\/wp-json\/wp\/v2\/pages\/54671"}],"collection":[{"href":"https:\/\/solplanet.vcdev.me\/pl\/wp-json\/wp\/v2\/pages"}],"about":[{"href":"https:\/\/solplanet.vcdev.me\/pl\/wp-json\/wp\/v2\/types\/page"}],"author":[{"embeddable":true,"href":"https:\/\/solplanet.vcdev.me\/pl\/wp-json\/wp\/v2\/users\/7"}],"replies":[{"embeddable":true,"href":"https:\/\/solplanet.vcdev.me\/pl\/wp-json\/wp\/v2\/comments?post=54671"}],"version-history":[{"count":10,"href":"https:\/\/solplanet.vcdev.me\/pl\/wp-json\/wp\/v2\/pages\/54671\/revisions"}],"predecessor-version":[{"id":79808,"href":"https:\/\/solplanet.vcdev.me\/pl\/wp-json\/wp\/v2\/pages\/54671\/revisions\/79808"}],"wp:attachment":[{"href":"https:\/\/solplanet.vcdev.me\/pl\/wp-json\/wp\/v2\/media?parent=54671"}],"curies":[{"name":"wp","href":"https:\/\/api.w.org\/{rel}","templated":true}]}}