{"id":9300,"date":"2021-11-22T12:56:59","date_gmt":"2021-11-22T12:56:59","guid":{"rendered":"https:\/\/solplanet.net\/?page_id=9300"},"modified":"2021-11-25T10:28:25","modified_gmt":"2021-11-25T10:28:25","slug":"keszen-all-a-100-os-napelem-tamogatasra","status":"publish","type":"page","link":"https:\/\/solplanet.vcdev.me\/hu\/keszen-all-a-100-os-napelem-tamogatasra\/","title":{"rendered":"K\u00e9szen \u00e1ll a 100%-os napelem t\u00e1mogat\u00e1sra?"},"content":{"rendered":"<div class=\"wrapper   wrapper__spacing-bottom-large--40\" id=\"\">\n\t<div class=\"wrapper__anchor\" id=\"\"><\/div>\n\t\t\t<div class=\"wrapper__container\">\n\t\t\t<div class=\"wrapper__inner wrapper__width-large--12\">\n\t\t\t\t\n<div\n\tclass=\"block-carousel js-block-carousel swiper-container block-carousel__pagination-type-default\"\n\tdata-swiper-loop=\"1\"\n\tdata-show-items=\"1\"\n>\n\n\t<div class=\"swiper-wrapper\">\n\t\t\n<div class=\"block-carousel__item\"><div class=\"block-carousel__item-inner\"><img src=\"https:\/\/solplanet.net\/wp-content\/uploads\/2021\/11\/Solplanet_100_lp-2-3.jpg\" class=\"image block-image__image\" \/><\/div><\/div>\n\t<\/div>\n\n\t<div class=\"carousel-navigation carousel-navigation__theme--default block-carousel__carousel-navigation\">\n\t<div class=\"carousel-navigation__item carousel-navigation__item--prev js-block-carousel-prev-arrow\">\n\t\t<svg class=\"carousel-navigation__icon\" width=\"22\" height=\"40\" xmlns=\"http:\/\/www.w3.org\/2000\/svg\"><g stroke=\"#FFF\" fill=\"none\" fill-rule=\"evenodd\" stroke-linecap=\"round\"><path d=\"M1 20L21 1M21 39L1 20\" \/><\/g><\/svg>\n\t<\/div>\n\t<div class=\"carousel-navigation__item carousel-navigation__item--next js-block-carousel-next-arrow\">\n\t\t<svg class=\"carousel-navigation__icon\" width=\"22\" height=\"40\" xmlns=\"http:\/\/www.w3.org\/2000\/svg\"><g stroke=\"#FFF\" fill=\"none\" fill-rule=\"evenodd\" stroke-linecap=\"round\"><path d=\"M21 20L1 1M1 39l20-19\" \/><\/g><\/svg>\n\t<\/div>\n<\/div><div class=\"carousel-pagination js-block-carousel-pagination carousel-pagination__theme--default block-carousel__carousel-pagination\"><\/div><\/div>\n\t\t\t<\/div>\n\t\t<\/div>\n\t<\/div>\n\n\n<div class=\"wrapper   wrapper__spacing-bottom-large--40\" id=\"\">\n\t<div class=\"wrapper__anchor\" id=\"\"><\/div>\n\t\t\t<div class=\"wrapper__container wrapper__container-width-large--default wrapper__gutter-large--default wrapper__gutter-tablet--small\">\n\t\t\t<div class=\"wrapper__inner wrapper__width-large--12\">\n\t\t\t\t<p class=\"paragraph paragraph__color--dove paragraph__align--center paragraph__size--default block-paragraph__paragraph\">\n\t<br>Napelemeket telep\u00edt \u00e9s \u00e1rr\u00e9st keres?<br><br>V\u00c1LASSZA A SOLPLANET INVERTEREKET<br><br>&#8211; kiemelked\u0151 min\u0151s\u00e9g<br>&#8211; Invertereink rajta vannak a szolg\u00e1ltat\u00f3i list\u00e1n<br>&#8211; 10 \u00e9v garancia<br>&#8211; helyi t\u00e1mogat\u00e1s magyar nyelven<br>&#8211; 15 \u00e9ves gy\u00e1rt\u00e1si tapasztalat<br><a href=\"https:\/\/napelemnagyker.hu\/napelem-arlista\/inverterek\/solplanet\/\" target=\"_blank\" rel=\"noreferrer noopener\">&#8211; forgalmaz\u00f3: Manitu Solar<\/a><a href=\"https:\/\/www.napelem.net\/\"><br><\/a><\/p>\t\t\t<\/div>\n\t\t<\/div>\n\t<\/div>\n\n\n<div class=\"wrapper   wrapper__spacing-bottom-large--40\" id=\"\">\n\t<div class=\"wrapper__anchor\" id=\"\"><\/div>\n\t\t\t<div class=\"wrapper__container wrapper__container-width-large--default wrapper__gutter-large--default wrapper__gutter-tablet--small\">\n\t\t\t<div class=\"wrapper__inner wrapper__width-large--12\">\n\t\t\t\t<img src=\"\" class=\"image block-image__image\" \/>\t\t\t<\/div>\n\t\t<\/div>\n\t<\/div>\n\n\n<div class=\"wrapper   wrapper__spacing-bottom-large--40\" id=\"\">\n\t<div class=\"wrapper__anchor\" id=\"\"><\/div>\n\t\t\t<div class=\"wrapper__container wrapper__container-width-large--default wrapper__gutter-large--default wrapper__gutter-tablet--small\">\n\t\t\t<div class=\"wrapper__inner wrapper__width-large--12\">\n\t\t\t\t\n<div class=\"block-heading\">\n\t<h2 class=\"heading heading__align--center heading__color--shaft heading__size--default block-heading__heading\">\n\t<br>A Solplanetre sz\u00e1m\u00edthat!<br><br><\/h2>\t<\/div>\n\t\t\t<\/div>\n\t\t<\/div>\n\t<\/div>\n\n\n<div class=\"wrapper   wrapper__spacing-bottom-large--40\" id=\"\">\n\t<div class=\"wrapper__anchor\" id=\"\"><\/div>\n\t\t\t<div class=\"wrapper__container wrapper__container-width-large--default wrapper__gutter-large--default wrapper__gutter-tablet--small\">\n\t\t\t<div class=\"wrapper__inner wrapper__width-large--12\">\n\t\t\t\t<!--[if lte IE 8]> <script charset=\"utf-8\" type=\"text\/javascript\" src=\"\/\/js.hsforms.net\/forms\/v2-legacy.js\"><\/script> <![endif]--> <script charset=\"utf-8\" type=\"text\/javascript\" src=\"\/\/js.hsforms.net\/forms\/v2.js\"><\/script> <script>   hbspt.forms.create({ \tregion: \"na1\", \tportalId: \"8795524\", \tformId: \"4505d50b-4acc-4311-a491-94abc22a4bec\" }); <\/script>\t\t\t<\/div>\n\t\t<\/div>\n\t<\/div>\n","protected":false},"excerpt":{"rendered":"","protected":false},"author":5,"featured_media":9323,"parent":0,"menu_order":0,"comment_status":"closed","ping_status":"closed","template":"","meta":{"content-type":""},"acf":[],"yoast_head":"<!-- This site is optimized with the Yoast SEO plugin v19.7.1 - https:\/\/yoast.com\/wordpress\/plugins\/seo\/ -->\n<title>K\u00e9szen \u00e1ll a 100%-os napelem t\u00e1mogat\u00e1sra? | Solplanet<\/title>\n<meta name=\"description\" content=\"The power of the sun is the future of our planet. Solplanet makes solar for everybody. Easy-to-install, reliable and user-friendly inverters.\" \/>\n<meta name=\"robots\" content=\"index, follow, max-snippet:-1, max-image-preview:large, max-video-preview:-1\" \/>\n<link rel=\"canonical\" href=\"https:\/\/solplanet.vcdev.me\/hu\/keszen-all-a-100-os-napelem-tamogatasra\/\" \/>\n<meta property=\"og:locale\" content=\"hu_HU\" \/>\n<meta property=\"og:type\" content=\"article\" \/>\n<meta property=\"og:title\" content=\"K\u00e9szen \u00e1ll a 100%-os napelem t\u00e1mogat\u00e1sra? | Solplanet\" \/>\n<meta property=\"og:description\" content=\"The power of the sun is the future of our planet. Solplanet makes solar for everybody. Easy-to-install, reliable and user-friendly inverters.\" \/>\n<meta property=\"og:url\" content=\"https:\/\/solplanet.vcdev.me\/hu\/keszen-all-a-100-os-napelem-tamogatasra\/\" \/>\n<meta property=\"og:site_name\" content=\"Solplanet\" \/>\n<meta property=\"article:modified_time\" content=\"2021-11-25T10:28:25+00:00\" \/>\n<meta property=\"og:image\" content=\"https:\/\/solplanet.vcdev.me\/wp-content\/uploads\/2021\/11\/Solplanet_100_lp-2-3.jpg\" \/>\n\t<meta property=\"og:image:width\" content=\"1200\" \/>\n\t<meta property=\"og:image:height\" content=\"400\" \/>\n\t<meta property=\"og:image:type\" content=\"image\/jpeg\" \/>\n<meta name=\"twitter:card\" content=\"summary_large_image\" \/>\n<script type=\"application\/ld+json\" class=\"yoast-schema-graph\">{\"@context\":\"https:\/\/schema.org\",\"@graph\":[{\"@type\":\"WebPage\",\"@id\":\"https:\/\/solplanet.vcdev.me\/hu\/keszen-all-a-100-os-napelem-tamogatasra\/\",\"url\":\"https:\/\/solplanet.vcdev.me\/hu\/keszen-all-a-100-os-napelem-tamogatasra\/\",\"name\":\"K\u00e9szen \u00e1ll a 100%-os napelem t\u00e1mogat\u00e1sra? | Solplanet\",\"isPartOf\":{\"@id\":\"https:\/\/solplanet.vcdev.me\/hu\/#website\"},\"datePublished\":\"2021-11-22T12:56:59+00:00\",\"dateModified\":\"2021-11-25T10:28:25+00:00\",\"description\":\"The power of the sun is the future of our planet. Solplanet makes solar for everybody. Easy-to-install, reliable and user-friendly inverters.\",\"breadcrumb\":{\"@id\":\"https:\/\/solplanet.vcdev.me\/hu\/keszen-all-a-100-os-napelem-tamogatasra\/#breadcrumb\"},\"inLanguage\":\"hu\",\"potentialAction\":[{\"@type\":\"ReadAction\",\"target\":[\"https:\/\/solplanet.vcdev.me\/hu\/keszen-all-a-100-os-napelem-tamogatasra\/\"]}]},{\"@type\":\"BreadcrumbList\",\"@id\":\"https:\/\/solplanet.vcdev.me\/hu\/keszen-all-a-100-os-napelem-tamogatasra\/#breadcrumb\",\"itemListElement\":[{\"@type\":\"ListItem\",\"position\":1,\"name\":\"Home\",\"item\":\"https:\/\/solplanet.vcdev.me\/hu\/\"},{\"@type\":\"ListItem\",\"position\":2,\"name\":\"K\u00e9szen \u00e1ll a 100%-os napelem t\u00e1mogat\u00e1sra?\"}]},{\"@type\":\"WebSite\",\"@id\":\"https:\/\/solplanet.vcdev.me\/hu\/#website\",\"url\":\"https:\/\/solplanet.vcdev.me\/hu\/\",\"name\":\"Solplanet\",\"description\":\"make solar for everybody\",\"publisher\":{\"@id\":\"https:\/\/solplanet.vcdev.me\/hu\/#organization\"},\"potentialAction\":[{\"@type\":\"SearchAction\",\"target\":{\"@type\":\"EntryPoint\",\"urlTemplate\":\"https:\/\/solplanet.vcdev.me\/hu\/?s={search_term_string}\"},\"query-input\":\"required name=search_term_string\"}],\"inLanguage\":\"hu\"},{\"@type\":\"Organization\",\"@id\":\"https:\/\/solplanet.vcdev.me\/hu\/#organization\",\"name\":\"Solplanet\",\"url\":\"https:\/\/solplanet.vcdev.me\/hu\/\",\"sameAs\":[],\"logo\":{\"@type\":\"ImageObject\",\"inLanguage\":\"hu\",\"@id\":\"https:\/\/solplanet.vcdev.me\/hu\/#\/schema\/logo\/image\/\",\"url\":\"https:\/\/solplanet.net\/wp-content\/uploads\/2020\/11\/Solplanet-LinkedInIcon.jpg\",\"contentUrl\":\"https:\/\/solplanet.net\/wp-content\/uploads\/2020\/11\/Solplanet-LinkedInIcon.jpg\",\"width\":500,\"height\":500,\"caption\":\"Solplanet\"},\"image\":{\"@id\":\"https:\/\/solplanet.vcdev.me\/hu\/#\/schema\/logo\/image\/\"}}]}<\/script>\n<!-- \/ Yoast SEO plugin. -->","yoast_head_json":{"title":"K\u00e9szen \u00e1ll a 100%-os napelem t\u00e1mogat\u00e1sra? | Solplanet","description":"The power of the sun is the future of our planet. Solplanet makes solar for everybody. Easy-to-install, reliable and user-friendly inverters.","robots":{"index":"index","follow":"follow","max-snippet":"max-snippet:-1","max-image-preview":"max-image-preview:large","max-video-preview":"max-video-preview:-1"},"canonical":"https:\/\/solplanet.vcdev.me\/hu\/keszen-all-a-100-os-napelem-tamogatasra\/","og_locale":"hu_HU","og_type":"article","og_title":"K\u00e9szen \u00e1ll a 100%-os napelem t\u00e1mogat\u00e1sra? | Solplanet","og_description":"The power of the sun is the future of our planet. Solplanet makes solar for everybody. Easy-to-install, reliable and user-friendly inverters.","og_url":"https:\/\/solplanet.vcdev.me\/hu\/keszen-all-a-100-os-napelem-tamogatasra\/","og_site_name":"Solplanet","article_modified_time":"2021-11-25T10:28:25+00:00","og_image":[{"width":1200,"height":400,"url":"https:\/\/solplanet.vcdev.me\/wp-content\/uploads\/2021\/11\/Solplanet_100_lp-2-3.jpg","type":"image\/jpeg"}],"twitter_card":"summary_large_image","schema":{"@context":"https:\/\/schema.org","@graph":[{"@type":"WebPage","@id":"https:\/\/solplanet.vcdev.me\/hu\/keszen-all-a-100-os-napelem-tamogatasra\/","url":"https:\/\/solplanet.vcdev.me\/hu\/keszen-all-a-100-os-napelem-tamogatasra\/","name":"K\u00e9szen \u00e1ll a 100%-os napelem t\u00e1mogat\u00e1sra? | Solplanet","isPartOf":{"@id":"https:\/\/solplanet.vcdev.me\/hu\/#website"},"datePublished":"2021-11-22T12:56:59+00:00","dateModified":"2021-11-25T10:28:25+00:00","description":"The power of the sun is the future of our planet. Solplanet makes solar for everybody. Easy-to-install, reliable and user-friendly inverters.","breadcrumb":{"@id":"https:\/\/solplanet.vcdev.me\/hu\/keszen-all-a-100-os-napelem-tamogatasra\/#breadcrumb"},"inLanguage":"hu","potentialAction":[{"@type":"ReadAction","target":["https:\/\/solplanet.vcdev.me\/hu\/keszen-all-a-100-os-napelem-tamogatasra\/"]}]},{"@type":"BreadcrumbList","@id":"https:\/\/solplanet.vcdev.me\/hu\/keszen-all-a-100-os-napelem-tamogatasra\/#breadcrumb","itemListElement":[{"@type":"ListItem","position":1,"name":"Home","item":"https:\/\/solplanet.vcdev.me\/hu\/"},{"@type":"ListItem","position":2,"name":"K\u00e9szen \u00e1ll a 100%-os napelem t\u00e1mogat\u00e1sra?"}]},{"@type":"WebSite","@id":"https:\/\/solplanet.vcdev.me\/hu\/#website","url":"https:\/\/solplanet.vcdev.me\/hu\/","name":"Solplanet","description":"make solar for everybody","publisher":{"@id":"https:\/\/solplanet.vcdev.me\/hu\/#organization"},"potentialAction":[{"@type":"SearchAction","target":{"@type":"EntryPoint","urlTemplate":"https:\/\/solplanet.vcdev.me\/hu\/?s={search_term_string}"},"query-input":"required name=search_term_string"}],"inLanguage":"hu"},{"@type":"Organization","@id":"https:\/\/solplanet.vcdev.me\/hu\/#organization","name":"Solplanet","url":"https:\/\/solplanet.vcdev.me\/hu\/","sameAs":[],"logo":{"@type":"ImageObject","inLanguage":"hu","@id":"https:\/\/solplanet.vcdev.me\/hu\/#\/schema\/logo\/image\/","url":"https:\/\/solplanet.net\/wp-content\/uploads\/2020\/11\/Solplanet-LinkedInIcon.jpg","contentUrl":"https:\/\/solplanet.net\/wp-content\/uploads\/2020\/11\/Solplanet-LinkedInIcon.jpg","width":500,"height":500,"caption":"Solplanet"},"image":{"@id":"https:\/\/solplanet.vcdev.me\/hu\/#\/schema\/logo\/image\/"}}]}},"_links":{"self":[{"href":"https:\/\/solplanet.vcdev.me\/hu\/wp-json\/wp\/v2\/pages\/9300"}],"collection":[{"href":"https:\/\/solplanet.vcdev.me\/hu\/wp-json\/wp\/v2\/pages"}],"about":[{"href":"https:\/\/solplanet.vcdev.me\/hu\/wp-json\/wp\/v2\/types\/page"}],"author":[{"embeddable":true,"href":"https:\/\/solplanet.vcdev.me\/hu\/wp-json\/wp\/v2\/users\/5"}],"replies":[{"embeddable":true,"href":"https:\/\/solplanet.vcdev.me\/hu\/wp-json\/wp\/v2\/comments?post=9300"}],"version-history":[{"count":7,"href":"https:\/\/solplanet.vcdev.me\/hu\/wp-json\/wp\/v2\/pages\/9300\/revisions"}],"predecessor-version":[{"id":9526,"href":"https:\/\/solplanet.vcdev.me\/hu\/wp-json\/wp\/v2\/pages\/9300\/revisions\/9526"}],"wp:featuredmedia":[{"embeddable":true,"href":"https:\/\/solplanet.vcdev.me\/hu\/wp-json\/wp\/v2\/media\/9323"}],"wp:attachment":[{"href":"https:\/\/solplanet.vcdev.me\/hu\/wp-json\/wp\/v2\/media?parent=9300"}],"curies":[{"name":"wp","href":"https:\/\/api.w.org\/{rel}","templated":true}]}}