{"id":6632,"date":"2020-09-16T16:33:11","date_gmt":"2020-09-16T16:33:11","guid":{"rendered":"https:\/\/solplanet.net\/?page_id=6632"},"modified":"2021-07-30T11:24:14","modified_gmt":"2021-07-30T11:24:14","slug":"lenyomat","status":"publish","type":"page","link":"https:\/\/solplanet.vcdev.me\/hu\/lenyomat\/","title":{"rendered":"lenyomat"},"content":{"rendered":"<div class=\"wrapper   wrapper__spacing-bottom-large--40\" id=\"\">\n\t<div class=\"wrapper__anchor\" id=\"\"><\/div>\n\t\t\t<div class=\"wrapper__container wrapper__container-width-large--default wrapper__gutter-large--default wrapper__gutter-tablet--small\">\n\t\t\t<div class=\"wrapper__inner wrapper__width-large--12\">\n\t\t\t\t\n<div class=\"block-heading\">\n\t<h2 class=\"heading heading__align--left heading__color--shaft heading__size--default block-heading__heading\">\n\t<br>lenyomat<\/h2>\t<\/div>\n\t\t\t<\/div>\n\t\t<\/div>\n\t<\/div>\n\n\n<div class=\"wrapper   wrapper__spacing-bottom-large--40\" id=\"\">\n\t<div class=\"wrapper__anchor\" id=\"\"><\/div>\n\t\t\t<div class=\"wrapper__container wrapper__container-width-large--default wrapper__gutter-large--default wrapper__gutter-tablet--small\">\n\t\t\t<div class=\"wrapper__inner wrapper__width-large--12\">\n\t\t\t\t<p class=\"paragraph paragraph__color--dove paragraph__align--left paragraph__size--default block-paragraph__paragraph\">\n\t<br>AISWEI BV<br>Barbara Strozzilaan 101<br>1083 HN Amsterdam<br>the Netherlands<br>info@solplanet.net<br> <br>Nyilv\u00e1ntart\u00e1si hat\u00f3s\u00e1g<br>CoC sz\u00e1m: 75780291<br>Nyilv\u00e1ntart\u00e1si sz\u00e1m: 000043633056<br>H\u00c9A-azonos\u00edt\u00f3: NL860394517B01<br> <br>Az AISWEI weboldalain tal\u00e1lhat\u00f3 minden inform\u00e1ci\u00f3 szerz\u0151i jogi v\u00e9delem alatt \u00e1ll. Az anyagok m\u00e1sol\u00e1sa, feldolgoz\u00e1sa, megv\u00e1ltoztat\u00e1sa \u00e9s\/vagy tov\u00e1bb\u00edt\u00e1sa csak az AISWEI el\u0151zetes \u00edr\u00e1sbeli enged\u00e9ly\u00e9vel megengedett. A megadott inform\u00e1ci\u00f3k kiz\u00e1r\u00f3lag az \u00d6n szem\u00e9lyes t\u00e1j\u00e9koztat\u00e1s\u00e1ra szolg\u00e1lnak, \u00e9s nem tartalmaznak k\u00f6telez\u0151 \u00e9rv\u00e9ny\u0171 szavatoss\u00e1got vagy garanci\u00e1t. A m\u0171szaki \u00e9s kereskedelmi felt\u00e9telek (bele\u00e9rtve az \u00e1rakat is) el\u0151zetes \u00e9rtes\u00edt\u00e9s n\u00e9lk\u00fcl v\u00e1ltozhatnak. Csak konkr\u00e9t megkeres\u00e9sek alapj\u00e1n tesz\u00fcnk k\u00f6telez\u0151 \u00e9rv\u00e9ny\u0171 k\u00f6telezetts\u00e9gv\u00e1llal\u00e1st. A nem k\u00f6telez\u0151 \u00e9rv\u00e9ny\u0171 inform\u00e1ci\u00f3k helyess\u00e9g\u00e9re vonatkoz\u00f3 minden felel\u0151ss\u00e9get kiz\u00e1runk.<br> <br>Felel\u0151ss\u00e9gi nyilatkozat<br>Az AISWEI weboldalain m\u00e1s weboldalakra mutat\u00f3 linkeket is tal\u00e1l, ezen oldalak egy r\u00e9sz\u00e9t nem az AISWEI, hanem harmadik felek \u00fczemeltetik. Ezek a linkek csak a tov\u00e1bbl\u00e9p\u00e9st szolg\u00e1lj\u00e1k. Az AISWEI nem felel\u0151s ezen weboldalak tartalm\u00e1\u00e9rt, \u00e9s nem v\u00e1llal ezek\u00e9rt felel\u0151ss\u00e9get. Ezek a k\u00fcls\u0151 weboldalak szerz\u0151i jogi v\u00e9delem alatt \u00e1ll\u00f3 anyagok is lehetnek. Az AISWEI weboldalainak haszn\u00e1lata a felhaszn\u00e1l\u00f3 saj\u00e1t felel\u0151ss\u00e9g\u00e9re t\u00f6rt\u00e9nik. Az AISWEI BV nem vonhat\u00f3 felel\u0151ss\u00e9gre a weboldalai haszn\u00e1lat\u00e1b\u00f3l ered\u0151 k\u00e1rok\u00e9rt, t\u00f6bbek k\u00f6z\u00f6tt, de nem kiz\u00e1r\u00f3lag \u00fczemsz\u00fcnet\u00e9rt, elmaradt haszon\u00e9rt, inform\u00e1ci\u00f3- \u00e9s adatveszt\u00e9sb\u0151l vagy hi\u00e1nyoss\u00e1gokb\u00f3l ered\u0151 k\u00f6vetkezm\u00e9nyes k\u00e1rok\u00e9rt, kiv\u00e9ve, ha az AISWEI BV a term\u00e9kfelel\u0151ss\u00e9gr\u0151l sz\u00f3l\u00f3 t\u00f6rv\u00e9ny szerint sz\u00e1nd\u00e9koss\u00e1g, s\u00falyos gondatlans\u00e1g, a garant\u00e1lt jellemz\u0151k hi\u00e1nya vagy a l\u00e9nyeges szerz\u0151d\u00e9ses k\u00f6telezetts\u00e9gek megs\u00e9rt\u00e9se miatt felel\u0151ss\u00e9ggel tartozik. Az alapvet\u0151 szerz\u0151d\u00e9ses k\u00f6telezetts\u00e9gek megs\u00e9rt\u00e9se miatt k\u00f6vetelhet\u0151 k\u00e1rt\u00e9r\u00edt\u00e9s azonban csak a szerz\u0151d\u00e9s jelleg\u00e9re jellemz\u0151 kisz\u00e1m\u00edthat\u00f3 k\u00e1rokra korl\u00e1toz\u00f3dik, amennyiben nem \u00e1ll fenn sz\u00e1nd\u00e9kos vagy s\u00falyos gondatlans\u00e1g.<br> <br>Copyright \u00a9 2020 AISWEI BV<\/p>\t\t\t<\/div>\n\t\t<\/div>\n\t<\/div>\n","protected":false},"excerpt":{"rendered":"","protected":false},"author":5,"featured_media":0,"parent":0,"menu_order":0,"comment_status":"closed","ping_status":"closed","template":"","meta":{"content-type":""},"acf":[],"yoast_head":"<!-- This site is optimized with the Yoast SEO plugin v19.7.1 - https:\/\/yoast.com\/wordpress\/plugins\/seo\/ -->\n<title>lenyomat | Solplanet<\/title>\n<meta name=\"description\" content=\"The power of the sun is the future of our planet. Solplanet makes solar for everybody. Easy-to-install, reliable and user-friendly inverters.\" \/>\n<meta name=\"robots\" content=\"index, follow, max-snippet:-1, max-image-preview:large, max-video-preview:-1\" \/>\n<link rel=\"canonical\" href=\"https:\/\/solplanet.vcdev.me\/hu\/lenyomat\/\" \/>\n<meta property=\"og:locale\" content=\"hu_HU\" \/>\n<meta property=\"og:type\" content=\"article\" \/>\n<meta property=\"og:title\" content=\"lenyomat | Solplanet\" \/>\n<meta property=\"og:description\" content=\"The power of the sun is the future of our planet. Solplanet makes solar for everybody. Easy-to-install, reliable and user-friendly inverters.\" \/>\n<meta property=\"og:url\" content=\"https:\/\/solplanet.vcdev.me\/hu\/lenyomat\/\" \/>\n<meta property=\"og:site_name\" content=\"Solplanet\" \/>\n<meta property=\"article:modified_time\" content=\"2021-07-30T11:24:14+00:00\" \/>\n<meta name=\"twitter:card\" content=\"summary_large_image\" \/>\n<script type=\"application\/ld+json\" class=\"yoast-schema-graph\">{\"@context\":\"https:\/\/schema.org\",\"@graph\":[{\"@type\":\"WebPage\",\"@id\":\"https:\/\/solplanet.vcdev.me\/hu\/lenyomat\/\",\"url\":\"https:\/\/solplanet.vcdev.me\/hu\/lenyomat\/\",\"name\":\"lenyomat | Solplanet\",\"isPartOf\":{\"@id\":\"https:\/\/solplanet.vcdev.me\/hu\/#website\"},\"datePublished\":\"2020-09-16T16:33:11+00:00\",\"dateModified\":\"2021-07-30T11:24:14+00:00\",\"description\":\"The power of the sun is the future of our planet. Solplanet makes solar for everybody. Easy-to-install, reliable and user-friendly inverters.\",\"breadcrumb\":{\"@id\":\"https:\/\/solplanet.vcdev.me\/hu\/lenyomat\/#breadcrumb\"},\"inLanguage\":\"hu\",\"potentialAction\":[{\"@type\":\"ReadAction\",\"target\":[\"https:\/\/solplanet.vcdev.me\/hu\/lenyomat\/\"]}]},{\"@type\":\"BreadcrumbList\",\"@id\":\"https:\/\/solplanet.vcdev.me\/hu\/lenyomat\/#breadcrumb\",\"itemListElement\":[{\"@type\":\"ListItem\",\"position\":1,\"name\":\"Home\",\"item\":\"https:\/\/solplanet.vcdev.me\/hu\/\"},{\"@type\":\"ListItem\",\"position\":2,\"name\":\"lenyomat\"}]},{\"@type\":\"WebSite\",\"@id\":\"https:\/\/solplanet.vcdev.me\/hu\/#website\",\"url\":\"https:\/\/solplanet.vcdev.me\/hu\/\",\"name\":\"Solplanet\",\"description\":\"make solar for everybody\",\"publisher\":{\"@id\":\"https:\/\/solplanet.vcdev.me\/hu\/#organization\"},\"potentialAction\":[{\"@type\":\"SearchAction\",\"target\":{\"@type\":\"EntryPoint\",\"urlTemplate\":\"https:\/\/solplanet.vcdev.me\/hu\/?s={search_term_string}\"},\"query-input\":\"required name=search_term_string\"}],\"inLanguage\":\"hu\"},{\"@type\":\"Organization\",\"@id\":\"https:\/\/solplanet.vcdev.me\/hu\/#organization\",\"name\":\"Solplanet\",\"url\":\"https:\/\/solplanet.vcdev.me\/hu\/\",\"sameAs\":[],\"logo\":{\"@type\":\"ImageObject\",\"inLanguage\":\"hu\",\"@id\":\"https:\/\/solplanet.vcdev.me\/hu\/#\/schema\/logo\/image\/\",\"url\":\"https:\/\/solplanet.net\/wp-content\/uploads\/2020\/11\/Solplanet-LinkedInIcon.jpg\",\"contentUrl\":\"https:\/\/solplanet.net\/wp-content\/uploads\/2020\/11\/Solplanet-LinkedInIcon.jpg\",\"width\":500,\"height\":500,\"caption\":\"Solplanet\"},\"image\":{\"@id\":\"https:\/\/solplanet.vcdev.me\/hu\/#\/schema\/logo\/image\/\"}}]}<\/script>\n<!-- \/ Yoast SEO plugin. -->","yoast_head_json":{"title":"lenyomat | Solplanet","description":"The power of the sun is the future of our planet. Solplanet makes solar for everybody. Easy-to-install, reliable and user-friendly inverters.","robots":{"index":"index","follow":"follow","max-snippet":"max-snippet:-1","max-image-preview":"max-image-preview:large","max-video-preview":"max-video-preview:-1"},"canonical":"https:\/\/solplanet.vcdev.me\/hu\/lenyomat\/","og_locale":"hu_HU","og_type":"article","og_title":"lenyomat | Solplanet","og_description":"The power of the sun is the future of our planet. Solplanet makes solar for everybody. Easy-to-install, reliable and user-friendly inverters.","og_url":"https:\/\/solplanet.vcdev.me\/hu\/lenyomat\/","og_site_name":"Solplanet","article_modified_time":"2021-07-30T11:24:14+00:00","twitter_card":"summary_large_image","schema":{"@context":"https:\/\/schema.org","@graph":[{"@type":"WebPage","@id":"https:\/\/solplanet.vcdev.me\/hu\/lenyomat\/","url":"https:\/\/solplanet.vcdev.me\/hu\/lenyomat\/","name":"lenyomat | Solplanet","isPartOf":{"@id":"https:\/\/solplanet.vcdev.me\/hu\/#website"},"datePublished":"2020-09-16T16:33:11+00:00","dateModified":"2021-07-30T11:24:14+00:00","description":"The power of the sun is the future of our planet. Solplanet makes solar for everybody. Easy-to-install, reliable and user-friendly inverters.","breadcrumb":{"@id":"https:\/\/solplanet.vcdev.me\/hu\/lenyomat\/#breadcrumb"},"inLanguage":"hu","potentialAction":[{"@type":"ReadAction","target":["https:\/\/solplanet.vcdev.me\/hu\/lenyomat\/"]}]},{"@type":"BreadcrumbList","@id":"https:\/\/solplanet.vcdev.me\/hu\/lenyomat\/#breadcrumb","itemListElement":[{"@type":"ListItem","position":1,"name":"Home","item":"https:\/\/solplanet.vcdev.me\/hu\/"},{"@type":"ListItem","position":2,"name":"lenyomat"}]},{"@type":"WebSite","@id":"https:\/\/solplanet.vcdev.me\/hu\/#website","url":"https:\/\/solplanet.vcdev.me\/hu\/","name":"Solplanet","description":"make solar for everybody","publisher":{"@id":"https:\/\/solplanet.vcdev.me\/hu\/#organization"},"potentialAction":[{"@type":"SearchAction","target":{"@type":"EntryPoint","urlTemplate":"https:\/\/solplanet.vcdev.me\/hu\/?s={search_term_string}"},"query-input":"required name=search_term_string"}],"inLanguage":"hu"},{"@type":"Organization","@id":"https:\/\/solplanet.vcdev.me\/hu\/#organization","name":"Solplanet","url":"https:\/\/solplanet.vcdev.me\/hu\/","sameAs":[],"logo":{"@type":"ImageObject","inLanguage":"hu","@id":"https:\/\/solplanet.vcdev.me\/hu\/#\/schema\/logo\/image\/","url":"https:\/\/solplanet.net\/wp-content\/uploads\/2020\/11\/Solplanet-LinkedInIcon.jpg","contentUrl":"https:\/\/solplanet.net\/wp-content\/uploads\/2020\/11\/Solplanet-LinkedInIcon.jpg","width":500,"height":500,"caption":"Solplanet"},"image":{"@id":"https:\/\/solplanet.vcdev.me\/hu\/#\/schema\/logo\/image\/"}}]}},"_links":{"self":[{"href":"https:\/\/solplanet.vcdev.me\/hu\/wp-json\/wp\/v2\/pages\/6632"}],"collection":[{"href":"https:\/\/solplanet.vcdev.me\/hu\/wp-json\/wp\/v2\/pages"}],"about":[{"href":"https:\/\/solplanet.vcdev.me\/hu\/wp-json\/wp\/v2\/types\/page"}],"author":[{"embeddable":true,"href":"https:\/\/solplanet.vcdev.me\/hu\/wp-json\/wp\/v2\/users\/5"}],"replies":[{"embeddable":true,"href":"https:\/\/solplanet.vcdev.me\/hu\/wp-json\/wp\/v2\/comments?post=6632"}],"version-history":[{"count":1,"href":"https:\/\/solplanet.vcdev.me\/hu\/wp-json\/wp\/v2\/pages\/6632\/revisions"}],"predecessor-version":[{"id":6633,"href":"https:\/\/solplanet.vcdev.me\/hu\/wp-json\/wp\/v2\/pages\/6632\/revisions\/6633"}],"wp:attachment":[{"href":"https:\/\/solplanet.vcdev.me\/hu\/wp-json\/wp\/v2\/media?parent=6632"}],"curies":[{"name":"wp","href":"https:\/\/api.w.org\/{rel}","templated":true}]}}