{"id":4015,"date":"2020-11-06T13:01:49","date_gmt":"2020-11-06T13:01:49","guid":{"rendered":"https:\/\/solplanet.net\/?page_id=4015"},"modified":"2021-10-28T06:24:57","modified_gmt":"2021-10-28T06:24:57","slug":"reclamacion","status":"publish","type":"page","link":"https:\/\/solplanet.vcdev.me\/es\/reclamacion\/","title":{"rendered":"Reclamaci\u00f3n"},"content":{"rendered":"<div class=\"wrapper   wrapper__spacing-bottom-large--40\" id=\"\">\n\t<div class=\"wrapper__anchor\" id=\"\"><\/div>\n\t\t\t<div class=\"wrapper__container\">\n\t\t\t<div class=\"wrapper__inner wrapper__width-large--12\">\n\t\t\t\t<div class=\"jumbotron block-jumbotron__jumbotron\">\n\n\t<div style=\"background-image:url(https:\/\/solplanet.net\/wp-content\/uploads\/2020\/11\/reed-naliboff-ukaHRDJ-ics-unsplash-HI.jpg)\" class=\"image-bg jumbotron__image-bg\"><\/div>\n\t<div class=\"jumbotron__mask jumbotron__mask-type--type4\"><\/div>\n\n\t<div class=\"\n\t\t\tjumbotron__content\n\t\t\tjumbotron__content--default\n\t\t\tjumbotron__content--vertical-center\n\t\t\tjumbotron__content--horizontal-left\n\t\t\">\n\t\t<div class=\"jumbotron__content-wrap\">\n\t\t\t<p class=\"paragraph paragraph__color--white paragraph__align--left paragraph__size--default jumbotron__intro\">\n\tCU\u00c9NTENOSLO<\/p><h1 class=\"heading heading__align--left heading__color--white heading__size--big jumbotron__heading\">\n\tInforme de un problema en su regi\u00f3n<\/h1><p class=\"paragraph paragraph__color--white paragraph__align--left paragraph__size--big jumbotron__paragraph\">\n\tEstamos a su disposici\u00f3n para ayudarle<\/p>\t\t<\/div>\n\t<\/div>\n\n\t<\/div>\t\t\t<\/div>\n\t\t<\/div>\n\t<\/div>\n\n\n<div class=\"wrapper   wrapper__spacing-bottom-large--0  wrapper__divider-top-large\" id=\"\">\n\t<div class=\"wrapper__anchor\" id=\"claims\"><\/div>\n\t\t\t<div class=\"wrapper__container  wrapper__gutter-large--none\">\n\t\t\t<div class=\"wrapper__inner wrapper__width-large--12\">\n\t\t\t\t\n<div class=\"block-card-list block-card-list__media-position--left\">\n\n\t\t\t<div class=\"block-card-list__media\">\n\t\t\t<div class=\"block-card-list__media-inner\">\n\t\t\t\t<div style=\"background-image:url(https:\/\/solplanet.net\/wp-content\/uploads\/2020\/11\/EU-1.jpg)\" class=\"image-bg block-card-list__image-bg\"><\/div>\t\t\t<\/div>\n\t\t<\/div>\n\t\n\t<div class=\"block-card-list__content\">\n\t\t<div class=\"block-card-list__content-inner\">\n\t\t\t\n<div class=\"wrapper   wrapper__spacing-bottom-large--20\" id=\"\">\n\t<div class=\"wrapper__anchor\" id=\"\"><\/div>\n\t\t\t<p class=\"paragraph paragraph__color--dove paragraph__align--left paragraph__size--small block-paragraph__paragraph\">\n\tCU\u00c9NTENOSLO<\/p>\t<\/div>\n\n\n<div class=\"wrapper   wrapper__spacing-bottom-large--40\" id=\"\">\n\t<div class=\"wrapper__anchor\" id=\"\"><\/div>\n\t\t\t\n<div class=\"block-heading\">\n\t<h2 class=\"heading heading__align--left heading__color--sunsetToDodger heading__size--default block-heading__heading heading__color--is-gradient\">\n\tInformar de un problema en Europa<\/h2>\t<\/div>\n\t<\/div>\n\n\n<div class=\"wrapper   wrapper__spacing-bottom-large--110\" id=\"\">\n\t<div class=\"wrapper__anchor\" id=\"\"><\/div>\n\t\t\t<p class=\"paragraph paragraph__color--dove paragraph__align--left paragraph__size--default block-paragraph__paragraph\">\n\tDisponemos de equipos de servicio t\u00e9cnico en cada uno de nuestros mercados europeos clave. Presente una reclamaci\u00f3n aqu\u00ed y estos equipos se pondr\u00e1n en contacto con usted a la mayor brevedad.<br><\/p>\t<\/div>\n\n\n<div class=\"wrapper   wrapper__spacing-bottom-large--0\" id=\"\">\n\t<div class=\"wrapper__anchor\" id=\"\"><\/div>\n\t\t\t<div class=\"btn__wrap btn__align--left block-button__btn\">\n\t\t\t<a href=\"https:\/\/onlineclaim-solplanet.aiswei-tech.com\/#\/spanish\/OnlineClaim\" class=\"btn btn__color--alto btn__size--default btn__size-width--default     gtm_claims_form_europe \" id=\"\" title=\"Formulario de reclamaci\u00f3n para Europa\" aria-label=\"\" target=\"_blank\" rel=\"noopener noreferrer\">\n\t\t\tFormulario de reclamaci\u00f3n para Europa\t\t<\/a>\n\t<\/div>\t<\/div>\n\n\t\t<\/div>\n\t<\/div>\n<\/div>\n\n\n\t\t\t<\/div>\n\t\t<\/div>\n\t<\/div>\n\n\n<div class=\"wrapper   wrapper__spacing-bottom-large--0  wrapper__divider-top-large\" id=\"\">\n\t<div class=\"wrapper__anchor\" id=\"claims\"><\/div>\n\t\t\t<div class=\"wrapper__container  wrapper__gutter-large--none\">\n\t\t\t<div class=\"wrapper__inner wrapper__width-large--12\">\n\t\t\t\t\n<div class=\"block-card-list block-card-list__media-position--right\">\n\n\t\t\t<div class=\"block-card-list__media\">\n\t\t\t<div class=\"block-card-list__media-inner\">\n\t\t\t\t<div style=\"background-image:url(https:\/\/solplanet.net\/wp-content\/uploads\/2020\/11\/AU-2.jpg)\" class=\"image-bg block-card-list__image-bg\"><\/div>\t\t\t<\/div>\n\t\t<\/div>\n\t\n\t<div class=\"block-card-list__content\">\n\t\t<div class=\"block-card-list__content-inner\">\n\t\t\t\n<div class=\"wrapper   wrapper__spacing-bottom-large--20\" id=\"\">\n\t<div class=\"wrapper__anchor\" id=\"\"><\/div>\n\t\t\t<p class=\"paragraph paragraph__color--dove paragraph__align--left paragraph__size--small block-paragraph__paragraph\">\n\tCU\u00c9NTENOSLO<\/p>\t<\/div>\n\n\n<div class=\"wrapper   wrapper__spacing-bottom-large--40\" id=\"\">\n\t<div class=\"wrapper__anchor\" id=\"\"><\/div>\n\t\t\t\n<div class=\"block-heading\">\n\t<h2 class=\"heading heading__align--left heading__color--sunsetToDodger heading__size--default block-heading__heading heading__color--is-gradient\">\n\tInformar de un problema en Australia<\/h2>\t<\/div>\n\t<\/div>\n\n\n<div class=\"wrapper   wrapper__spacing-bottom-large--110\" id=\"\">\n\t<div class=\"wrapper__anchor\" id=\"\"><\/div>\n\t\t\t<p class=\"paragraph paragraph__color--dove paragraph__align--left paragraph__size--default block-paragraph__paragraph\">\n\tNuestro equipo de Australia se pondr\u00e1 en contacto pronto con usted<br><\/p>\t<\/div>\n\n\n<div class=\"wrapper   wrapper__spacing-bottom-large--0\" id=\"\">\n\t<div class=\"wrapper__anchor\" id=\"\"><\/div>\n\t\t\t<div class=\"btn__wrap btn__align--left block-button__btn\">\n\t\t\t<a href=\"https:\/\/onlineclaim-solplanet.aiswei-tech.com\/#\/en\/OnlineClaim\" class=\"btn btn__color--alto btn__size--default btn__size-width--default     gtm_claims_form_australia \" id=\"\" title=\"Formulario de reclamaci\u00f3n para Australia\" aria-label=\"\" target=\"_blank\" rel=\"noopener noreferrer\">\n\t\t\tFormulario de reclamaci\u00f3n para Australia\t\t<\/a>\n\t<\/div>\t<\/div>\n\n\t\t<\/div>\n\t<\/div>\n<\/div>\n\n\n\t\t\t<\/div>\n\t\t<\/div>\n\t<\/div>\n\n\n<div class=\"wrapper   wrapper__spacing-bottom-large--0  wrapper__divider-top-large\" id=\"\">\n\t<div class=\"wrapper__anchor\" id=\"claims\"><\/div>\n\t\t\t<div class=\"wrapper__container  wrapper__gutter-large--none\">\n\t\t\t<div class=\"wrapper__inner wrapper__width-large--12\">\n\t\t\t\t\n<div class=\"block-card-list block-card-list__media-position--left\">\n\n\t\t\t<div class=\"block-card-list__media\">\n\t\t\t<div class=\"block-card-list__media-inner\">\n\t\t\t\t<div style=\"background-image:url(https:\/\/solplanet.net\/wp-content\/uploads\/2020\/11\/EU-1.jpg)\" class=\"image-bg block-card-list__image-bg\"><\/div>\t\t\t<\/div>\n\t\t<\/div>\n\t\n\t<div class=\"block-card-list__content\">\n\t\t<div class=\"block-card-list__content-inner\">\n\t\t\t\n<div class=\"wrapper   wrapper__spacing-bottom-large--20\" id=\"\">\n\t<div class=\"wrapper__anchor\" id=\"\"><\/div>\n\t\t\t<p class=\"paragraph paragraph__color--dove paragraph__align--left paragraph__size--small block-paragraph__paragraph\">\n\tCU\u00c9NTENOSLO<\/p>\t<\/div>\n\n\n<div class=\"wrapper   wrapper__spacing-bottom-large--40\" id=\"\">\n\t<div class=\"wrapper__anchor\" id=\"\"><\/div>\n\t\t\t\n<div class=\"block-heading\">\n\t<h2 class=\"heading heading__align--left heading__color--sunsetToDodger heading__size--default block-heading__heading heading__color--is-gradient\">\n\tInformar de un problema en el resto del mundo<\/h2>\t<\/div>\n\t<\/div>\n\n\n<div class=\"wrapper   wrapper__spacing-bottom-large--110\" id=\"\">\n\t<div class=\"wrapper__anchor\" id=\"\"><\/div>\n\t\t\t<p class=\"paragraph paragraph__color--dove paragraph__align--left paragraph__size--default block-paragraph__paragraph\">\n\tNos estamos expandiendo r\u00e1pidamente para ofrecer energ\u00eda solar a todo el mundo. Colaboramos con socios de servicio t\u00e9cnico locales en todos los pa\u00edses en los que tenemos presencia. Presente una reclamaci\u00f3n aqu\u00ed y nuestro equipo central se asegurar\u00e1 de que el equipo de servicio t\u00e9cnico m\u00e1s pr\u00f3ximo a usted se encargue de resolverla.<br><\/p>\t<\/div>\n\n\n<div class=\"wrapper   wrapper__spacing-bottom-large--0\" id=\"\">\n\t<div class=\"wrapper__anchor\" id=\"\"><\/div>\n\t\t\t<div class=\"btn__wrap btn__align--left block-button__btn\">\n\t\t\t<a href=\"https:\/\/onlineclaim-solplanet.aiswei-tech.com\/#\/en\/OnlineClaim\" class=\"btn btn__color--alto btn__size--default btn__size-width--default     gtm_claims_form_rest_of_world \" id=\"\" title=\"Formulario de reclamaci\u00f3n para el resto del mundo\" aria-label=\"\" target=\"_blank\" rel=\"noopener noreferrer\">\n\t\t\tFormulario de reclamaci\u00f3n para el resto del mundo\t\t<\/a>\n\t<\/div>\t<\/div>\n\n\t\t<\/div>\n\t<\/div>\n<\/div>\n\n\n\t\t\t<\/div>\n\t\t<\/div>\n\t<\/div>\n\n\n<div class=\"wrapper   wrapper__spacing-bottom-large--40\" id=\"\">\n\t<div class=\"wrapper__anchor\" id=\"\"><\/div>\n\t\t\t<div class=\"wrapper__container wrapper__container-width-large--default wrapper__gutter-large--default wrapper__gutter-tablet--small\">\n\t\t\t<div class=\"wrapper__inner wrapper__width-large--12\">\n\t\t\t\t<p class=\"paragraph paragraph__color--dove paragraph__align--left paragraph__size--default block-paragraph__paragraph\">\n\t<\/p>\t\t\t<\/div>\n\t\t<\/div>\n\t<\/div>\n","protected":false},"excerpt":{"rendered":"","protected":false},"author":5,"featured_media":0,"parent":0,"menu_order":0,"comment_status":"closed","ping_status":"closed","template":"","meta":{"content-type":""},"acf":[],"yoast_head":"<!-- This site is optimized with the Yoast SEO plugin v19.7.1 - https:\/\/yoast.com\/wordpress\/plugins\/seo\/ -->\n<title>Reclamaci\u00f3n | Solplanet<\/title>\n<meta name=\"description\" content=\"The power of the sun is the future of our planet. Solplanet makes solar for everybody. Easy-to-install, reliable and user-friendly inverters.\" \/>\n<meta name=\"robots\" content=\"index, follow, max-snippet:-1, max-image-preview:large, max-video-preview:-1\" \/>\n<link rel=\"canonical\" href=\"https:\/\/solplanet.vcdev.me\/es\/reclamacion\/\" \/>\n<meta property=\"og:locale\" content=\"es_ES\" \/>\n<meta property=\"og:type\" content=\"article\" \/>\n<meta property=\"og:title\" content=\"Reclamaci\u00f3n | Solplanet\" \/>\n<meta property=\"og:description\" content=\"The power of the sun is the future of our planet. Solplanet makes solar for everybody. Easy-to-install, reliable and user-friendly inverters.\" \/>\n<meta property=\"og:url\" content=\"https:\/\/solplanet.vcdev.me\/es\/reclamacion\/\" \/>\n<meta property=\"og:site_name\" content=\"Solplanet\" \/>\n<meta property=\"article:modified_time\" content=\"2021-10-28T06:24:57+00:00\" \/>\n<meta name=\"twitter:card\" content=\"summary_large_image\" \/>\n<script type=\"application\/ld+json\" class=\"yoast-schema-graph\">{\"@context\":\"https:\/\/schema.org\",\"@graph\":[{\"@type\":\"WebPage\",\"@id\":\"https:\/\/solplanet.vcdev.me\/es\/reclamacion\/\",\"url\":\"https:\/\/solplanet.vcdev.me\/es\/reclamacion\/\",\"name\":\"Reclamaci\u00f3n | Solplanet\",\"isPartOf\":{\"@id\":\"https:\/\/solplanet.vcdev.me\/es\/#website\"},\"datePublished\":\"2020-11-06T13:01:49+00:00\",\"dateModified\":\"2021-10-28T06:24:57+00:00\",\"description\":\"The power of the sun is the future of our planet. Solplanet makes solar for everybody. Easy-to-install, reliable and user-friendly inverters.\",\"breadcrumb\":{\"@id\":\"https:\/\/solplanet.vcdev.me\/es\/reclamacion\/#breadcrumb\"},\"inLanguage\":\"es\",\"potentialAction\":[{\"@type\":\"ReadAction\",\"target\":[\"https:\/\/solplanet.vcdev.me\/es\/reclamacion\/\"]}]},{\"@type\":\"BreadcrumbList\",\"@id\":\"https:\/\/solplanet.vcdev.me\/es\/reclamacion\/#breadcrumb\",\"itemListElement\":[{\"@type\":\"ListItem\",\"position\":1,\"name\":\"Home\",\"item\":\"https:\/\/solplanet.vcdev.me\/es\/\"},{\"@type\":\"ListItem\",\"position\":2,\"name\":\"Reclamaci\u00f3n\"}]},{\"@type\":\"WebSite\",\"@id\":\"https:\/\/solplanet.vcdev.me\/es\/#website\",\"url\":\"https:\/\/solplanet.vcdev.me\/es\/\",\"name\":\"Solplanet\",\"description\":\"make solar for everybody\",\"publisher\":{\"@id\":\"https:\/\/solplanet.vcdev.me\/es\/#organization\"},\"potentialAction\":[{\"@type\":\"SearchAction\",\"target\":{\"@type\":\"EntryPoint\",\"urlTemplate\":\"https:\/\/solplanet.vcdev.me\/es\/?s={search_term_string}\"},\"query-input\":\"required name=search_term_string\"}],\"inLanguage\":\"es\"},{\"@type\":\"Organization\",\"@id\":\"https:\/\/solplanet.vcdev.me\/es\/#organization\",\"name\":\"Solplanet\",\"url\":\"https:\/\/solplanet.vcdev.me\/es\/\",\"sameAs\":[],\"logo\":{\"@type\":\"ImageObject\",\"inLanguage\":\"es\",\"@id\":\"https:\/\/solplanet.vcdev.me\/es\/#\/schema\/logo\/image\/\",\"url\":\"https:\/\/solplanet.net\/wp-content\/uploads\/2020\/11\/Solplanet-LinkedInIcon.jpg\",\"contentUrl\":\"https:\/\/solplanet.net\/wp-content\/uploads\/2020\/11\/Solplanet-LinkedInIcon.jpg\",\"width\":500,\"height\":500,\"caption\":\"Solplanet\"},\"image\":{\"@id\":\"https:\/\/solplanet.vcdev.me\/es\/#\/schema\/logo\/image\/\"}}]}<\/script>\n<!-- \/ Yoast SEO plugin. -->","yoast_head_json":{"title":"Reclamaci\u00f3n | Solplanet","description":"The power of the sun is the future of our planet. Solplanet makes solar for everybody. Easy-to-install, reliable and user-friendly inverters.","robots":{"index":"index","follow":"follow","max-snippet":"max-snippet:-1","max-image-preview":"max-image-preview:large","max-video-preview":"max-video-preview:-1"},"canonical":"https:\/\/solplanet.vcdev.me\/es\/reclamacion\/","og_locale":"es_ES","og_type":"article","og_title":"Reclamaci\u00f3n | Solplanet","og_description":"The power of the sun is the future of our planet. Solplanet makes solar for everybody. Easy-to-install, reliable and user-friendly inverters.","og_url":"https:\/\/solplanet.vcdev.me\/es\/reclamacion\/","og_site_name":"Solplanet","article_modified_time":"2021-10-28T06:24:57+00:00","twitter_card":"summary_large_image","schema":{"@context":"https:\/\/schema.org","@graph":[{"@type":"WebPage","@id":"https:\/\/solplanet.vcdev.me\/es\/reclamacion\/","url":"https:\/\/solplanet.vcdev.me\/es\/reclamacion\/","name":"Reclamaci\u00f3n | Solplanet","isPartOf":{"@id":"https:\/\/solplanet.vcdev.me\/es\/#website"},"datePublished":"2020-11-06T13:01:49+00:00","dateModified":"2021-10-28T06:24:57+00:00","description":"The power of the sun is the future of our planet. Solplanet makes solar for everybody. Easy-to-install, reliable and user-friendly inverters.","breadcrumb":{"@id":"https:\/\/solplanet.vcdev.me\/es\/reclamacion\/#breadcrumb"},"inLanguage":"es","potentialAction":[{"@type":"ReadAction","target":["https:\/\/solplanet.vcdev.me\/es\/reclamacion\/"]}]},{"@type":"BreadcrumbList","@id":"https:\/\/solplanet.vcdev.me\/es\/reclamacion\/#breadcrumb","itemListElement":[{"@type":"ListItem","position":1,"name":"Home","item":"https:\/\/solplanet.vcdev.me\/es\/"},{"@type":"ListItem","position":2,"name":"Reclamaci\u00f3n"}]},{"@type":"WebSite","@id":"https:\/\/solplanet.vcdev.me\/es\/#website","url":"https:\/\/solplanet.vcdev.me\/es\/","name":"Solplanet","description":"make solar for everybody","publisher":{"@id":"https:\/\/solplanet.vcdev.me\/es\/#organization"},"potentialAction":[{"@type":"SearchAction","target":{"@type":"EntryPoint","urlTemplate":"https:\/\/solplanet.vcdev.me\/es\/?s={search_term_string}"},"query-input":"required name=search_term_string"}],"inLanguage":"es"},{"@type":"Organization","@id":"https:\/\/solplanet.vcdev.me\/es\/#organization","name":"Solplanet","url":"https:\/\/solplanet.vcdev.me\/es\/","sameAs":[],"logo":{"@type":"ImageObject","inLanguage":"es","@id":"https:\/\/solplanet.vcdev.me\/es\/#\/schema\/logo\/image\/","url":"https:\/\/solplanet.net\/wp-content\/uploads\/2020\/11\/Solplanet-LinkedInIcon.jpg","contentUrl":"https:\/\/solplanet.net\/wp-content\/uploads\/2020\/11\/Solplanet-LinkedInIcon.jpg","width":500,"height":500,"caption":"Solplanet"},"image":{"@id":"https:\/\/solplanet.vcdev.me\/es\/#\/schema\/logo\/image\/"}}]}},"_links":{"self":[{"href":"https:\/\/solplanet.vcdev.me\/es\/wp-json\/wp\/v2\/pages\/4015"}],"collection":[{"href":"https:\/\/solplanet.vcdev.me\/es\/wp-json\/wp\/v2\/pages"}],"about":[{"href":"https:\/\/solplanet.vcdev.me\/es\/wp-json\/wp\/v2\/types\/page"}],"author":[{"embeddable":true,"href":"https:\/\/solplanet.vcdev.me\/es\/wp-json\/wp\/v2\/users\/5"}],"replies":[{"embeddable":true,"href":"https:\/\/solplanet.vcdev.me\/es\/wp-json\/wp\/v2\/comments?post=4015"}],"version-history":[{"count":10,"href":"https:\/\/solplanet.vcdev.me\/es\/wp-json\/wp\/v2\/pages\/4015\/revisions"}],"predecessor-version":[{"id":8632,"href":"https:\/\/solplanet.vcdev.me\/es\/wp-json\/wp\/v2\/pages\/4015\/revisions\/8632"}],"wp:attachment":[{"href":"https:\/\/solplanet.vcdev.me\/es\/wp-json\/wp\/v2\/media?parent=4015"}],"curies":[{"name":"wp","href":"https:\/\/api.w.org\/{rel}","templated":true}]}}