{"id":17827,"date":"2020-11-06T13:01:49","date_gmt":"2020-11-06T13:01:49","guid":{"rendered":"https:\/\/solplanet.net\/claims\/"},"modified":"2023-03-29T06:53:12","modified_gmt":"2023-03-29T06:53:12","slug":"claims","status":"publish","type":"page","link":"https:\/\/solplanet.vcdev.me\/de\/claims\/","title":{"rendered":"Claims"},"content":{"rendered":"<div class=\"wrapper   wrapper__spacing-bottom-large--40\" id=\"\">\n\t<div class=\"wrapper__anchor\" id=\"\"><\/div>\n\t\t\t<div class=\"wrapper__container\">\n\t\t\t<div class=\"wrapper__inner wrapper__width-large--12\">\n\t\t\t\t<div class=\"jumbotron block-jumbotron__jumbotron\">\n\n\t<div style=\"background-image:url(https:\/\/solplanet.net\/wp-content\/uploads\/2020\/11\/reed-naliboff-ukaHRDJ-ics-unsplash-HI.jpg)\" class=\"image-bg jumbotron__image-bg\"><\/div>\n\t<div class=\"jumbotron__mask jumbotron__mask-type--type4\"><\/div>\n\n\t<div class=\"\n\t\t\tjumbotron__content\n\t\t\tjumbotron__content--default\n\t\t\tjumbotron__content--vertical-center\n\t\t\tjumbotron__content--horizontal-left\n\t\t\">\n\t\t<div class=\"jumbotron__content-wrap\">\n\t\t\t<p class=\"paragraph paragraph__color--white paragraph__align--left paragraph__size--default jumbotron__intro\">\n\tERZ\u00c4HL UNS DAR\u00dcBER<\/p><h1 class=\"heading heading__align--left heading__color--white heading__size--big jumbotron__heading\">\n\tEin Problem in Ihrer Region melden<\/h1><p class=\"paragraph paragraph__color--white paragraph__align--left paragraph__size--big jumbotron__paragraph\">\n\tWir sind hier, um Sie zu unterst\u00fctzen<\/p>\t\t<\/div>\n\t<\/div>\n\n\t<\/div>\t\t\t<\/div>\n\t\t<\/div>\n\t<\/div>\n\n\n<div class=\"wrapper   wrapper__spacing-bottom-large--0  wrapper__divider-top-large\" id=\"\">\n\t<div class=\"wrapper__anchor\" id=\"claims\"><\/div>\n\t\t\t<div class=\"wrapper__container  wrapper__gutter-large--none\">\n\t\t\t<div class=\"wrapper__inner wrapper__width-large--12\">\n\t\t\t\t\n<div class=\"block-card-list block-card-list__media-position--right\">\n\n\t\t\t<div class=\"block-card-list__media\">\n\t\t\t<div class=\"block-card-list__media-inner\">\n\t\t\t\t<div style=\"background-image:url(https:\/\/solplanet.net\/wp-content\/uploads\/2020\/11\/AU-2.jpg)\" class=\"image-bg block-card-list__image-bg\"><\/div>\t\t\t<\/div>\n\t\t<\/div>\n\t\n\t<div class=\"block-card-list__content\">\n\t\t<div class=\"block-card-list__content-inner\">\n\t\t\t\n<div class=\"wrapper   wrapper__spacing-bottom-large--20\" id=\"\">\n\t<div class=\"wrapper__anchor\" id=\"\"><\/div>\n\t\t\t<p class=\"paragraph paragraph__color--dove paragraph__align--left paragraph__size--small block-paragraph__paragraph\">\n\tERZ\u00c4HL UNS DAR\u00dcBER<\/p>\t<\/div>\n\n\n<div class=\"wrapper   wrapper__spacing-bottom-large--40\" id=\"\">\n\t<div class=\"wrapper__anchor\" id=\"\"><\/div>\n\t\t\t\n<div class=\"block-heading\">\n\t<h2 class=\"heading heading__align--left heading__color--sunsetToDodger heading__size--default block-heading__heading heading__color--is-gradient\">\n\tEin Problem in Australien melden<\/h2>\t<\/div>\n\t<\/div>\n\n\n<div class=\"wrapper   wrapper__spacing-bottom-large--110\" id=\"\">\n\t<div class=\"wrapper__anchor\" id=\"\"><\/div>\n\t\t\t<p class=\"paragraph paragraph__color--dove paragraph__align--left paragraph__size--default block-paragraph__paragraph\">\n\tUnser Team in Australien wird sich in K\u00fcrze bei Ihnen melden<\/p>\t<\/div>\n\n\n<div class=\"wrapper   wrapper__spacing-bottom-large--0\" id=\"\">\n\t<div class=\"wrapper__anchor\" id=\"\"><\/div>\n\t\t\t<div class=\"btn__wrap btn__align--left block-button__btn\">\n\t\t\t<a href=\"https:\/\/onlineclaim-solplanet.aiswei-tech.com\/#\/en\/OnlineClaim\" class=\"btn btn__color--alto btn__size--default btn__size-width--default     gtm_claims_form_australia \" id=\"\" title=\"Forderungsformular Australien\" aria-label=\"\" target=\"_blank\" rel=\"noopener noreferrer\">\n\t\t\tForderungsformular Australien\t\t<\/a>\n\t<\/div>\t<\/div>\n\n\t\t<\/div>\n\t<\/div>\n<\/div>\n\n\n\t\t\t<\/div>\n\t\t<\/div>\n\t<\/div>\n\n\n<div class=\"wrapper   wrapper__spacing-bottom-large--0  wrapper__divider-top-large\" id=\"\">\n\t<div class=\"wrapper__anchor\" id=\"claims\"><\/div>\n\t\t\t<div class=\"wrapper__container  wrapper__gutter-large--none\">\n\t\t\t<div class=\"wrapper__inner wrapper__width-large--12\">\n\t\t\t\t\n<div class=\"block-card-list block-card-list__media-position--left\">\n\n\t\t\t<div class=\"block-card-list__media\">\n\t\t\t<div class=\"block-card-list__media-inner\">\n\t\t\t\t<div style=\"background-image:url(https:\/\/solplanet.net\/wp-content\/uploads\/2020\/11\/EU-1.jpg)\" class=\"image-bg block-card-list__image-bg\"><\/div>\t\t\t<\/div>\n\t\t<\/div>\n\t\n\t<div class=\"block-card-list__content\">\n\t\t<div class=\"block-card-list__content-inner\">\n\t\t\t\n<div class=\"wrapper   wrapper__spacing-bottom-large--20\" id=\"\">\n\t<div class=\"wrapper__anchor\" id=\"\"><\/div>\n\t\t\t<p class=\"paragraph paragraph__color--dove paragraph__align--left paragraph__size--small block-paragraph__paragraph\">\n\tERZ\u00c4HL UNS DAR\u00dcBER<\/p>\t<\/div>\n\n\n<div class=\"wrapper   wrapper__spacing-bottom-large--40\" id=\"\">\n\t<div class=\"wrapper__anchor\" id=\"\"><\/div>\n\t\t\t\n<div class=\"block-heading\">\n\t<h2 class=\"heading heading__align--left heading__color--sunsetToDodger heading__size--default block-heading__heading heading__color--is-gradient\">\n\tEin Problem in Europa melden<\/h2>\t<\/div>\n\t<\/div>\n\n\n<div class=\"wrapper   wrapper__spacing-bottom-large--110\" id=\"\">\n\t<div class=\"wrapper__anchor\" id=\"\"><\/div>\n\t\t\t<p class=\"paragraph paragraph__color--dove paragraph__align--left paragraph__size--default block-paragraph__paragraph\">\n\tWir haben lokale Serviceteams in jedem unserer Schl\u00fcsselm\u00e4rkte in Europa. Reichen Sie hier eine Forderung ein und die lokalen Teams werden sich in K\u00fcrze bei Ihnen melden.<\/p>\t<\/div>\n\n\n<div class=\"wrapper   wrapper__spacing-bottom-large--0\" id=\"\">\n\t<div class=\"wrapper__anchor\" id=\"\"><\/div>\n\t\t\t<div class=\"btn__wrap btn__align--left block-button__btn\">\n\t\t\t<a href=\"https:\/\/onlineclaim-solplanet.aiswei-tech.com\/#\/en\/OnlineClaim\" class=\"btn btn__color--alto btn__size--default btn__size-width--default     gtm_claims_form_europe \" id=\"\" title=\"Forderungsformular Europa\" aria-label=\"\" target=\"_blank\" rel=\"noopener noreferrer\">\n\t\t\tForderungsformular Europa\t\t<\/a>\n\t<\/div>\t<\/div>\n\n\t\t<\/div>\n\t<\/div>\n<\/div>\n\n\n\t\t\t<\/div>\n\t\t<\/div>\n\t<\/div>\n\n\n<div class=\"wrapper   wrapper__spacing-bottom-large--0  wrapper__divider-top-large\" id=\"\">\n\t<div class=\"wrapper__anchor\" id=\"claims\"><\/div>\n\t\t\t<div class=\"wrapper__container  wrapper__gutter-large--none\">\n\t\t\t<div class=\"wrapper__inner wrapper__width-large--12\">\n\t\t\t\t\n<div class=\"block-card-list block-card-list__media-position--right\">\n\n\t\t\t<div class=\"block-card-list__media\">\n\t\t\t<div class=\"block-card-list__media-inner\">\n\t\t\t\t<div style=\"background-image:url(https:\/\/solplanet.net\/wp-content\/uploads\/2020\/11\/EU-1.jpg)\" class=\"image-bg block-card-list__image-bg\"><\/div>\t\t\t<\/div>\n\t\t<\/div>\n\t\n\t<div class=\"block-card-list__content\">\n\t\t<div class=\"block-card-list__content-inner\">\n\t\t\t\n<div class=\"wrapper   wrapper__spacing-bottom-large--20\" id=\"\">\n\t<div class=\"wrapper__anchor\" id=\"\"><\/div>\n\t\t\t<p class=\"paragraph paragraph__color--dove paragraph__align--left paragraph__size--small block-paragraph__paragraph\">\n\tTELL US ABOUT IT<\/p>\t<\/div>\n\n\n<div class=\"wrapper   wrapper__spacing-bottom-large--40\" id=\"\">\n\t<div class=\"wrapper__anchor\" id=\"\"><\/div>\n\t\t\t\n<div class=\"block-heading\">\n\t<h2 class=\"heading heading__align--left heading__color--sunsetToDodger heading__size--default block-heading__heading heading__color--is-gradient\">\n\tEin Problem im Rest der Welt melden<\/h2>\t<\/div>\n\t<\/div>\n\n\n<div class=\"wrapper   wrapper__spacing-bottom-large--110\" id=\"\">\n\t<div class=\"wrapper__anchor\" id=\"\"><\/div>\n\t\t\t<p class=\"paragraph paragraph__color--dove paragraph__align--left paragraph__size--default block-paragraph__paragraph\">\n\tWir expandieren schnell, um Solarenergie f\u00fcr alle zu erm\u00f6glichen, und in jedem neuen Land, in das wir expandieren, arbeiten wir mit lokalen Servicepartnern zusammen. Reichen Sie hier eine Forderung ein und unser zentrales Team wird daf\u00fcr sorgen, dass sie von dem am besten geeigneten lokalen Serviceteam in Ihrer N\u00e4he bearbeitet wird.<\/p>\t<\/div>\n\n\n<div class=\"wrapper   wrapper__spacing-bottom-large--0\" id=\"\">\n\t<div class=\"wrapper__anchor\" id=\"\"><\/div>\n\t\t\t<div class=\"btn__wrap btn__align--left block-button__btn\">\n\t\t\t<a href=\"https:\/\/onlineclaim-solplanet.aiswei-tech.com\/#\/en\/OnlineClaim\" class=\"btn btn__color--alto btn__size--default btn__size-width--default     gtm_claims_form_rest_of_world \" id=\"\" title=\"Forderungsformular Rest der Welt\" aria-label=\"\" target=\"_blank\" rel=\"noopener noreferrer\">\n\t\t\tForderungsformular Rest der Welt\t\t<\/a>\n\t<\/div>\t<\/div>\n\n\t\t<\/div>\n\t<\/div>\n<\/div>\n\n\n\t\t\t<\/div>\n\t\t<\/div>\n\t<\/div>\n\n\n<div class=\"wrapper   wrapper__spacing-bottom-large--40\" id=\"\">\n\t<div class=\"wrapper__anchor\" id=\"\"><\/div>\n\t\t\t<div class=\"wrapper__container wrapper__container-width-large--default wrapper__gutter-large--default wrapper__gutter-tablet--small\">\n\t\t\t<div class=\"wrapper__inner wrapper__width-large--12\">\n\t\t\t\t<p class=\"paragraph paragraph__color--dove paragraph__align--left paragraph__size--default block-paragraph__paragraph\">\n\t<\/p>\t\t\t<\/div>\n\t\t<\/div>\n\t<\/div>\n","protected":false},"excerpt":{"rendered":"","protected":false},"author":5,"featured_media":0,"parent":0,"menu_order":0,"comment_status":"closed","ping_status":"closed","template":"","meta":{"content-type":""},"acf":[],"yoast_head":"<!-- This site is optimized with the Yoast SEO plugin v19.7.1 - https:\/\/yoast.com\/wordpress\/plugins\/seo\/ -->\n<title>Claims | Solplanet<\/title>\n<meta name=\"description\" content=\"The power of the sun is the future of our planet. Solplanet makes solar for everybody. Easy-to-install, reliable and user-friendly inverters.\" \/>\n<meta name=\"robots\" content=\"index, follow, max-snippet:-1, max-image-preview:large, max-video-preview:-1\" \/>\n<link rel=\"canonical\" href=\"https:\/\/solplanet.vcdev.me\/de\/claims\/\" \/>\n<meta property=\"og:locale\" content=\"de_DE\" \/>\n<meta property=\"og:type\" content=\"article\" \/>\n<meta property=\"og:title\" content=\"Claims | Solplanet\" \/>\n<meta property=\"og:description\" content=\"The power of the sun is the future of our planet. Solplanet makes solar for everybody. Easy-to-install, reliable and user-friendly inverters.\" \/>\n<meta property=\"og:url\" content=\"https:\/\/solplanet.vcdev.me\/de\/claims\/\" \/>\n<meta property=\"og:site_name\" content=\"Solplanet\" \/>\n<meta property=\"article:modified_time\" content=\"2023-03-29T06:53:12+00:00\" \/>\n<meta name=\"twitter:card\" content=\"summary_large_image\" \/>\n<script type=\"application\/ld+json\" class=\"yoast-schema-graph\">{\"@context\":\"https:\/\/schema.org\",\"@graph\":[{\"@type\":\"WebPage\",\"@id\":\"https:\/\/solplanet.vcdev.me\/de\/claims\/\",\"url\":\"https:\/\/solplanet.vcdev.me\/de\/claims\/\",\"name\":\"Claims | Solplanet\",\"isPartOf\":{\"@id\":\"https:\/\/solplanet.vcdev.me\/de\/#website\"},\"datePublished\":\"2020-11-06T13:01:49+00:00\",\"dateModified\":\"2023-03-29T06:53:12+00:00\",\"description\":\"The power of the sun is the future of our planet. Solplanet makes solar for everybody. Easy-to-install, reliable and user-friendly inverters.\",\"breadcrumb\":{\"@id\":\"https:\/\/solplanet.vcdev.me\/de\/claims\/#breadcrumb\"},\"inLanguage\":\"de\",\"potentialAction\":[{\"@type\":\"ReadAction\",\"target\":[\"https:\/\/solplanet.vcdev.me\/de\/claims\/\"]}]},{\"@type\":\"BreadcrumbList\",\"@id\":\"https:\/\/solplanet.vcdev.me\/de\/claims\/#breadcrumb\",\"itemListElement\":[{\"@type\":\"ListItem\",\"position\":1,\"name\":\"Home\",\"item\":\"https:\/\/solplanet.vcdev.me\/de\/\"},{\"@type\":\"ListItem\",\"position\":2,\"name\":\"Claims\"}]},{\"@type\":\"WebSite\",\"@id\":\"https:\/\/solplanet.vcdev.me\/de\/#website\",\"url\":\"https:\/\/solplanet.vcdev.me\/de\/\",\"name\":\"Solplanet\",\"description\":\"make solar for everybody\",\"publisher\":{\"@id\":\"https:\/\/solplanet.vcdev.me\/de\/#organization\"},\"potentialAction\":[{\"@type\":\"SearchAction\",\"target\":{\"@type\":\"EntryPoint\",\"urlTemplate\":\"https:\/\/solplanet.vcdev.me\/de\/?s={search_term_string}\"},\"query-input\":\"required name=search_term_string\"}],\"inLanguage\":\"de\"},{\"@type\":\"Organization\",\"@id\":\"https:\/\/solplanet.vcdev.me\/de\/#organization\",\"name\":\"Solplanet\",\"url\":\"https:\/\/solplanet.vcdev.me\/de\/\",\"sameAs\":[],\"logo\":{\"@type\":\"ImageObject\",\"inLanguage\":\"de\",\"@id\":\"https:\/\/solplanet.vcdev.me\/de\/#\/schema\/logo\/image\/\",\"url\":\"https:\/\/solplanet.net\/wp-content\/uploads\/2020\/11\/Solplanet-LinkedInIcon.jpg\",\"contentUrl\":\"https:\/\/solplanet.net\/wp-content\/uploads\/2020\/11\/Solplanet-LinkedInIcon.jpg\",\"width\":500,\"height\":500,\"caption\":\"Solplanet\"},\"image\":{\"@id\":\"https:\/\/solplanet.vcdev.me\/de\/#\/schema\/logo\/image\/\"}}]}<\/script>\n<!-- \/ Yoast SEO plugin. -->","yoast_head_json":{"title":"Claims | Solplanet","description":"The power of the sun is the future of our planet. Solplanet makes solar for everybody. Easy-to-install, reliable and user-friendly inverters.","robots":{"index":"index","follow":"follow","max-snippet":"max-snippet:-1","max-image-preview":"max-image-preview:large","max-video-preview":"max-video-preview:-1"},"canonical":"https:\/\/solplanet.vcdev.me\/de\/claims\/","og_locale":"de_DE","og_type":"article","og_title":"Claims | Solplanet","og_description":"The power of the sun is the future of our planet. Solplanet makes solar for everybody. Easy-to-install, reliable and user-friendly inverters.","og_url":"https:\/\/solplanet.vcdev.me\/de\/claims\/","og_site_name":"Solplanet","article_modified_time":"2023-03-29T06:53:12+00:00","twitter_card":"summary_large_image","schema":{"@context":"https:\/\/schema.org","@graph":[{"@type":"WebPage","@id":"https:\/\/solplanet.vcdev.me\/de\/claims\/","url":"https:\/\/solplanet.vcdev.me\/de\/claims\/","name":"Claims | Solplanet","isPartOf":{"@id":"https:\/\/solplanet.vcdev.me\/de\/#website"},"datePublished":"2020-11-06T13:01:49+00:00","dateModified":"2023-03-29T06:53:12+00:00","description":"The power of the sun is the future of our planet. Solplanet makes solar for everybody. Easy-to-install, reliable and user-friendly inverters.","breadcrumb":{"@id":"https:\/\/solplanet.vcdev.me\/de\/claims\/#breadcrumb"},"inLanguage":"de","potentialAction":[{"@type":"ReadAction","target":["https:\/\/solplanet.vcdev.me\/de\/claims\/"]}]},{"@type":"BreadcrumbList","@id":"https:\/\/solplanet.vcdev.me\/de\/claims\/#breadcrumb","itemListElement":[{"@type":"ListItem","position":1,"name":"Home","item":"https:\/\/solplanet.vcdev.me\/de\/"},{"@type":"ListItem","position":2,"name":"Claims"}]},{"@type":"WebSite","@id":"https:\/\/solplanet.vcdev.me\/de\/#website","url":"https:\/\/solplanet.vcdev.me\/de\/","name":"Solplanet","description":"make solar for everybody","publisher":{"@id":"https:\/\/solplanet.vcdev.me\/de\/#organization"},"potentialAction":[{"@type":"SearchAction","target":{"@type":"EntryPoint","urlTemplate":"https:\/\/solplanet.vcdev.me\/de\/?s={search_term_string}"},"query-input":"required name=search_term_string"}],"inLanguage":"de"},{"@type":"Organization","@id":"https:\/\/solplanet.vcdev.me\/de\/#organization","name":"Solplanet","url":"https:\/\/solplanet.vcdev.me\/de\/","sameAs":[],"logo":{"@type":"ImageObject","inLanguage":"de","@id":"https:\/\/solplanet.vcdev.me\/de\/#\/schema\/logo\/image\/","url":"https:\/\/solplanet.net\/wp-content\/uploads\/2020\/11\/Solplanet-LinkedInIcon.jpg","contentUrl":"https:\/\/solplanet.net\/wp-content\/uploads\/2020\/11\/Solplanet-LinkedInIcon.jpg","width":500,"height":500,"caption":"Solplanet"},"image":{"@id":"https:\/\/solplanet.vcdev.me\/de\/#\/schema\/logo\/image\/"}}]}},"_links":{"self":[{"href":"https:\/\/solplanet.vcdev.me\/de\/wp-json\/wp\/v2\/pages\/17827"}],"collection":[{"href":"https:\/\/solplanet.vcdev.me\/de\/wp-json\/wp\/v2\/pages"}],"about":[{"href":"https:\/\/solplanet.vcdev.me\/de\/wp-json\/wp\/v2\/types\/page"}],"author":[{"embeddable":true,"href":"https:\/\/solplanet.vcdev.me\/de\/wp-json\/wp\/v2\/users\/5"}],"replies":[{"embeddable":true,"href":"https:\/\/solplanet.vcdev.me\/de\/wp-json\/wp\/v2\/comments?post=17827"}],"version-history":[{"count":4,"href":"https:\/\/solplanet.vcdev.me\/de\/wp-json\/wp\/v2\/pages\/17827\/revisions"}],"predecessor-version":[{"id":43216,"href":"https:\/\/solplanet.vcdev.me\/de\/wp-json\/wp\/v2\/pages\/17827\/revisions\/43216"}],"wp:attachment":[{"href":"https:\/\/solplanet.vcdev.me\/de\/wp-json\/wp\/v2\/media?parent=17827"}],"curies":[{"name":"wp","href":"https:\/\/api.w.org\/{rel}","templated":true}]}}